{"id":9650,"date":"2021-04-30T13:55:45","date_gmt":"2021-04-30T16:55:45","guid":{"rendered":"https:\/\/monsenhorpaulo.mg.gov.br\/site\/?page_id=9650"},"modified":"2021-05-06T12:03:48","modified_gmt":"2021-05-06T15:03:48","slug":"siafic","status":"publish","type":"page","link":"https:\/\/monsenhorpaulo.mg.gov.br\/site\/siafic\/","title":{"rendered":"SIAFIC"},"content":{"rendered":"<section class=\"kc-elm kc-css-597532 kc_row\"><div class=\"kc-row-container  kc-container\"><div class=\"kc-wrap-columns\"><div class=\"kc-elm kc-css-703246 kc_col-sm-12 kc_column kc_col-sm-12\"><div class=\"kc-col-container\"><div class=\"kc-elm kc-css-366739 kc_text_block\"><p>SIAFIC \u00danico nos munic\u00edpios tem como objetivo atender ao que determina o art. 48-A da Lei 101\/00 e o Decreto 10.540\/2021.<\/p>\n<\/div><\/div><\/div><\/div><\/div><\/section><section class=\"kc-elm kc-css-63525 kc_row\"><div class=\"kc-row-container  kc-container\"><div class=\"kc-wrap-columns\"><div class=\"kc-elm kc-css-347934 kc_col-sm-5 kc_column kc_col-sm-5\"><div class=\"kc-col-container\"><div class=\"kc-elm kc-css-252146 kc_text_block\"><p style=\"text-align: left;\"><strong>PLANO DE A\u00c7\u00c3O SIAFIC<br \/><\/strong><\/p>\n<\/div><\/div><\/div><div class=\"kc-elm kc-css-688059 kc_col-sm-7 kc_column kc_col-sm-7\"><div class=\"kc-col-container\">\n<div class=\"kc-elm kc-css-647570\">\n\t<a class=\"kc_button\" href=\"https:\/\/monsenhorpaulo.mg.gov.br\/site\/wp-content\/uploads\/2021\/04\/PLANO-DE-ACAO-SIAFIC.pdf\" target=\"_blank\" title=\"Plano de Acao SIAFIC\" onclick=\"\">\n\t\tBaixar\t<\/a>\n<\/div>\n<\/div><\/div><\/div><\/div><\/section><section class=\"kc-elm kc-css-146247 kc_row\"><div class=\"kc-row-container  kc-container\"><div class=\"kc-wrap-columns\"><div class=\"kc-elm kc-css-833242 kc_col-sm-5 kc_column kc_col-sm-5\"><div class=\"kc-col-container\"><div class=\"kc-elm kc-css-695141 kc_text_block\"><p>DECRETO N\u00ba 10.540<\/p>\n<\/div><\/div><\/div><div class=\"kc-elm kc-css-392830 kc_col-sm-7 kc_column kc_col-sm-7\"><div class=\"kc-col-container\">\n<div class=\"kc-elm kc-css-926884\">\n\t<a class=\"kc_button\" href=\"https:\/\/monsenhorpaulo.mg.gov.br\/site\/wp-content\/uploads\/2021\/05\/D10540.pdf\" target=\"_blank\" title=\"Decreto n\u00ba 10.540\" onclick=\"\">\n\t\tBaixar\t<\/a>\n<\/div>\n<\/div><\/div><\/div><\/div><\/section><section class=\"kc-elm kc-css-290437 kc_row\"><div class=\"kc-row-container  kc-container\"><div class=\"kc-wrap-columns\"><div class=\"kc-elm kc-css-849618 kc_col-sm-5 kc_column kc_col-sm-5\"><div class=\"kc-col-container\"><div class=\"kc-elm kc-css-384265 kc_text_block\"><p style=\"text-align: left;\"><strong>DECRETO MUNICIPAL N\u00ba 54<br \/><\/strong><\/p>\n<\/div><\/div><\/div><div class=\"kc-elm kc-css-721509 kc_col-sm-7 kc_column kc_col-sm-7\"><div class=\"kc-col-container\">\n<div class=\"kc-elm kc-css-283829\">\n\t<a class=\"kc_button\" href=\"https:\/\/monsenhorpaulo.mg.gov.br\/site\/wp-content\/uploads\/2021\/05\/DECRETO-NOMEANDO-COMISS\u00c3O-PARA-ELABORA\u00c7\u00c3O-SIAFIC.pdf\" target=\"_blank\" title=\"Decreto Municipal n\u00ba 54\" onclick=\"\">\n\t\tBaixar\t<\/a>\n<\/div>\n<\/div><\/div><\/div><\/div><\/section>\n","protected":false},"excerpt":{"rendered":"<p>SIAFIC \u00danico nos munic\u00edpios tem como objetivo atender ao que determina o art. 48-A da Lei 101\/00 e o Decreto 10.540\/2021. PLANO DE A\u00c7\u00c3O SIAFIC Baixar DECRETO N\u00ba 10.540 Baixar DECRETO MUNICIPAL N\u00ba 54 Baixar<\/p>\n","protected":false},"author":1,"featured_media":0,"parent":0,"menu_order":0,"comment_status":"closed","ping_status":"closed","template":"","meta":{"footnotes":""},"class_list":["post-9650","page","type-page","status-publish",""],"_links":{"self":[{"href":"https:\/\/monsenhorpaulo.mg.gov.br\/site\/wp-json\/wp\/v2\/pages\/9650","targetHints":{"allow":["GET"]}}],"collection":[{"href":"https:\/\/monsenhorpaulo.mg.gov.br\/site\/wp-json\/wp\/v2\/pages"}],"about":[{"href":"https:\/\/monsenhorpaulo.mg.gov.br\/site\/wp-json\/wp\/v2\/types\/page"}],"author":[{"embeddable":true,"href":"https:\/\/monsenhorpaulo.mg.gov.br\/site\/wp-json\/wp\/v2\/users\/1"}],"replies":[{"embeddable":true,"href":"https:\/\/monsenhorpaulo.mg.gov.br\/site\/wp-json\/wp\/v2\/comments?post=9650"}],"version-history":[{"count":5,"href":"https:\/\/monsenhorpaulo.mg.gov.br\/site\/wp-json\/wp\/v2\/pages\/9650\/revisions"}],"predecessor-version":[{"id":9688,"href":"https:\/\/monsenhorpaulo.mg.gov.br\/site\/wp-json\/wp\/v2\/pages\/9650\/revisions\/9688"}],"wp:attachment":[{"href":"https:\/\/monsenhorpaulo.mg.gov.br\/site\/wp-json\/wp\/v2\/media?parent=9650"}],"curies":[{"name":"wp","href":"https:\/\/api.w.org\/{rel}","templated":true}]}}