{"id":8081,"date":"2019-06-05T15:21:57","date_gmt":"2019-06-05T18:21:57","guid":{"rendered":"http:\/\/monsenhorpaulo.mg.gov.br\/site\/?page_id=8081"},"modified":"2022-02-02T09:01:22","modified_gmt":"2022-02-02T12:01:22","slug":"concurso-publico","status":"publish","type":"page","link":"https:\/\/monsenhorpaulo.mg.gov.br\/site\/concurso-publico\/","title":{"rendered":"Concurso P\u00fablico"},"content":{"rendered":"<section class=\"kc-elm kc-css-987484 kc_row\"><div class=\"kc-row-container  kc-container\"><div class=\"kc-wrap-columns\"><div class=\"kc-elm kc-css-270072 kc_col-sm-12 kc_column kc_col-sm-12\"><div class=\"kc-col-container\"><div class=\"kc-elm kc_text_block\"><\/p>\n<p style=\"text-align:center\"><strong>REPUBLICA\u00c7\u00c3O DO EDITAL DE CONCURSO P\u00daBLICO N\u00ba 001\/2017 <\/strong><\/p>\n<\/p>\n<p style=\"text-align:justify\"><strong>A PREFEITA DO MUNIC\u00cdPIO DE MONSENHOR PAULO &#8211; ESTADO DE MINAS GERAIS<\/strong> d\u00e1 ci\u00eancia aos interessados a republica\u00e7\u00e3o do Edital de Concurso P\u00fablico n\u00ba 001\/2017, para os cargos: Agente Administrativo; Agente Fiscal; ASA\/Servente Escolar; ASA\/Servi\u00e7os Internos; Assistente Administrativo; Assistente de Turno; Auxiliar de Sa\u00fade Bucal; Auxiliar de Servi\u00e7os P\u00fablicos; M\u00e3e Social; Motorista; Oficial de Servi\u00e7os P\u00fablicos\/Pedreiro; Operador de M\u00e1quina Pesada; Pedagogo; Professor \u2013 I; Professor II \u2013 Portugu\u00eas; Psic\u00f3logo Educacional; TNS\/Assistente Social; TNS\/Contador; TNS\/Engenheiro; TNS\/Farmac\u00eautico; TNS\/M\u00e9dico Especialidade Cardiologia; TNS\/M\u00e9dico Especialidade Ginecologia \u2013 Obstetr\u00edcia; TNS\/M\u00e9dico Especialidade Pediatra; TNS\/Terapeuta Ocupacional; TNS\/Veterin\u00e1rio; Trabalhador Bra\u00e7al; Zelador de Escola. As inscri\u00e7\u00f5es dever\u00e3o ser efetuadas pela internet no endere\u00e7o eletr\u00f4nico: <strong><a href=\"http:\/\/www.w2consultores.com.br\/informacoes\/160\/\" target=\"_blank\" rel=\"noreferrer noopener\" aria-label=\" (abre numa nova aba)\">www.w2consultores.com.br<\/a><\/strong>, no per\u00edodo das 08h00min dia 12\/08\/2019 \u00e0s 23h59min dia 12\/09\/2019. A prova objetiva e escrita ser\u00e1 realizada no dia 13\/10\/2019. A prova pr\u00e1tica ser\u00e1 realizada no dia 24\/11\/2019, para os cargos de Motorista, Oficial de Servi\u00e7os P\u00fablicos, Operador de M\u00e1quinas Pesadas e Trabalhador Bra\u00e7al. O edital completo e demais informa\u00e7\u00f5es est\u00e1 dispon\u00edvel no quadro de avisos da Prefeitura Municipal e no endere\u00e7o eletr\u00f4nico: <strong><a href=\"http:\/\/www.w2consultores.com.br\/informacoes\/160\/\" target=\"_blank\" rel=\"noreferrer noopener\" aria-label=\" (abre numa nova aba)\">www.w2consultores.com.br<\/a><\/strong>.<\/p>\n<\/p>\n<ul class=\"wp-block-list\">\n<li><strong><a rel=\"noreferrer noopener\" aria-label=\" (abre numa nova aba)\" href=\"http:\/\/monsenhorpaulo.mg.gov.br\/site\/wp-content\/uploads\/2019\/06\/Monsenho-Paulo-Edital-de-Concurso-Consolidado.pdf\" target=\"_blank\">Edital Normativo &#8211; Consolidado<\/a><\/strong><\/li>\n<li><strong><a rel=\"noreferrer noopener\" aria-label=\" (abre numa nova aba)\" href=\"http:\/\/monsenhorpaulo.mg.gov.br\/site\/wp-content\/uploads\/2019\/08\/Monsenho-Paulo-Edital-de-Concurso-Consolidado-altera\u00e7\u00f5es2-complementar-001-Resumo.pdf\" target=\"_blank\">Edital Complementar N\u00ba 001\/2019 &#8211; Acrescenta Conte\u00fado Program\u00e1tico Cargo Agente Fiscal<\/a><\/strong> <\/li>\n<li><strong> <\/strong><a rel=\"noreferrer noopener\" aria-label=\" (abre numa nova aba)\" href=\"http:\/\/monsenhorpaulo.mg.gov.br\/site\/wp-content\/uploads\/2019\/08\/Monsenho-Paulo-Edital-de-Concurso-Consolidado-altera\u00e7\u00f5es2-complementar-002-Resumo.pdf\" target=\"_blank\"><strong>Edital Complementar N\u00ba002\/2019 &#8211; Altera\u00e7\u00e3o do Edital Normativo<\/strong><\/a><\/li>\n<li> <strong><a rel=\"noreferrer noopener\" aria-label=\" (abre numa nova aba)\" href=\"http:\/\/monsenhorpaulo.mg.gov.br\/site\/wp-content\/uploads\/2019\/08\/Monsenho-Paulo-Edital-de-Concurso-Consolidado-altera\u00e7\u00f5es2-complementar-003-Resumo-publica\u00e7\u00e3o-1.pdf\" target=\"_blank\">Edital Complementar N\u00ba 003\/2019 &#8211; Altera\u00e7\u00e3o do Edital Normativo &#8211; Atribui\u00e7\u00f5es do Cargo de Assistente Social<\/a><\/strong><\/li>\n<li>  <strong><a rel=\"noreferrer noopener\" aria-label=\" (abre numa nova aba)\" href=\"http:\/\/monsenhorpaulo.mg.gov.br\/site\/wp-content\/uploads\/2019\/08\/Monsenho-Paulo-Edital-de-Concurso-Consolidado-altera\u00e7\u00f5es2-complementar-004-1.pdf\" target=\"_blank\">Edital Complementar N\u00ba 004\/2019 &#8211; Edital de Divulga\u00e7\u00e3o dos Pedidos de Isen\u00e7\u00e3o da Taxa de Inscri\u00e7\u00e3o<\/a><\/strong><\/li>\n<li> <strong><a rel=\"noreferrer noopener\" aria-label=\" (abre numa nova aba)\" href=\"http:\/\/monsenhorpaulo.mg.gov.br\/site\/wp-content\/uploads\/2019\/08\/Edita-Complementar-resposta-solicitacao-insecao.pdf\" target=\"_blank\">Edital Complementar N\u00ba 004\/2019 &#8211; Resultado dos Pedidos de Isen\u00e7\u00e3o da Taxa de Inscri\u00e7\u00e3o<\/a><\/strong><\/li>\n<\/ul>\n<\/div><\/div><\/div><\/div><\/div><\/section>","protected":false},"excerpt":{"rendered":"<p>REPUBLICA\u00c7\u00c3O DO EDITAL DE CONCURSO P\u00daBLICO N\u00ba 001\/2017 A PREFEITA DO MUNIC\u00cdPIO DE MONSENHOR PAULO &#8211; ESTADO DE MINAS GERAIS d\u00e1 ci\u00eancia aos interessados a republica\u00e7\u00e3o do Edital de Concurso P\u00fablico n\u00ba 001\/2017, para os cargos: Agente Administrativo; Agente Fiscal; ASA\/Servente Escolar; ASA\/Servi\u00e7os Internos; Assistente Administrativo; Assistente de Turno; Auxiliar de Sa\u00fade Bucal; Auxiliar de &hellip;<\/p>\n","protected":false},"author":1,"featured_media":0,"parent":0,"menu_order":0,"comment_status":"closed","ping_status":"closed","template":"","meta":{"footnotes":""},"class_list":["post-8081","page","type-page","status-publish",""],"_links":{"self":[{"href":"https:\/\/monsenhorpaulo.mg.gov.br\/site\/wp-json\/wp\/v2\/pages\/8081","targetHints":{"allow":["GET"]}}],"collection":[{"href":"https:\/\/monsenhorpaulo.mg.gov.br\/site\/wp-json\/wp\/v2\/pages"}],"about":[{"href":"https:\/\/monsenhorpaulo.mg.gov.br\/site\/wp-json\/wp\/v2\/types\/page"}],"author":[{"embeddable":true,"href":"https:\/\/monsenhorpaulo.mg.gov.br\/site\/wp-json\/wp\/v2\/users\/1"}],"replies":[{"embeddable":true,"href":"https:\/\/monsenhorpaulo.mg.gov.br\/site\/wp-json\/wp\/v2\/comments?post=8081"}],"version-history":[{"count":15,"href":"https:\/\/monsenhorpaulo.mg.gov.br\/site\/wp-json\/wp\/v2\/pages\/8081\/revisions"}],"predecessor-version":[{"id":10419,"href":"https:\/\/monsenhorpaulo.mg.gov.br\/site\/wp-json\/wp\/v2\/pages\/8081\/revisions\/10419"}],"wp:attachment":[{"href":"https:\/\/monsenhorpaulo.mg.gov.br\/site\/wp-json\/wp\/v2\/media?parent=8081"}],"curies":[{"name":"wp","href":"https:\/\/api.w.org\/{rel}","templated":true}]}}