{"id":6103,"date":"2017-03-16T08:40:59","date_gmt":"2017-03-16T11:40:59","guid":{"rendered":"http:\/\/monsenhorpaulo.mg.gov.br\/site\/?page_id=6103"},"modified":"2017-03-16T11:47:09","modified_gmt":"2017-03-16T14:47:09","slug":"publicacoes-de-notificacoes-da-gerencia-colegiada-da-superintendencia-de-vigilancia-sanitaria-de-minas-gerais","status":"publish","type":"page","link":"https:\/\/monsenhorpaulo.mg.gov.br\/site\/publicacoes-de-notificacoes-da-gerencia-colegiada-da-superintendencia-de-vigilancia-sanitaria-de-minas-gerais\/","title":{"rendered":"Publica\u00e7\u00f5es de Notifica\u00e7\u00f5es da Ger\u00eancia Colegiada da Superintend\u00eancia de Vigil\u00e2ncia Sanit\u00e1ria de Minas Gerais"},"content":{"rendered":"<p>\n\t<strong>Publica&ccedil;&otilde;es de Notifica&ccedil;&otilde;es da Ger&ecirc;ncia Colegiada da Superintend&ecirc;ncia de Vigil&acirc;ncia Sanit&aacute;ria de Minas Gerais<\/strong>\n<\/p>\n<p>\n\tVisando facilitar a consulta pelo cidad&atilde;o, setor regulado e das Vigil&acirc;ncias Sanit&aacute;rias dos munic&iacute;pios e Unidades Regionais de Sa&uacute;de, a Secretaria de Estado da Sa&uacute;de de Minas Gerais disponibiliza abaixo e em ordem cronol&oacute;gica, as publica&ccedil;&otilde;es das Notifica&ccedil;&otilde;es da Ger&ecirc;ncia Colegiada da Superintend&ecirc;ncia de Vigil&acirc;ncia Sanit&aacute;ria de Minas Gerais (NGC), dando maior agilidade na tramita&ccedil;&atilde;o de informa&ccedil;&otilde;es que visam a prote&ccedil;&atilde;o da sa&uacute;de da popula&ccedil;&atilde;o.\n<\/p>\n<p>\n\t<a href=\"http:\/\/www.saude.mg.gov.br\/sus\/page\/1548-publicacoes-de-notificacoes-da-gerencia-colegiada-da-superintendencia-de-vigilancia-sanitaria-de-minas-gerais\" rel=\"\" style=\"\" target=\"_blank\" title=\"\"><img loading=\"lazy\" decoding=\"async\" alt=\"\" class=\"alignleft size-full wp-image-6106\" height=\"50\" src=\"http:\/\/monsenhorpaulo.mg.gov.br\/site\/wp-content\/uploads\/2017\/03\/Vigilancia.fw_.png\" style=\"margin-left: 30px; margin-right: 30px;\" title=\"\" width=\"190\" \/><\/a>&nbsp;&nbsp;&nbsp;<a href=\"http:\/\/portal.anvisa.gov.br\/produtos-irregulares\/-\/produtos\/#\/\" target=\"_blank\"><img loading=\"lazy\" decoding=\"async\" alt=\"\" class=\"alignleft size-full wp-image-6111\" height=\"50\" src=\"http:\/\/monsenhorpaulo.mg.gov.br\/site\/wp-content\/uploads\/2017\/03\/remedio-irregulares.fw_.png\" width=\"190\" \/><\/a>&nbsp;&nbsp;&nbsp;&nbsp;&nbsp;&nbsp;&nbsp;&nbsp;&nbsp;&nbsp;&nbsp;&nbsp;&nbsp;&nbsp;&nbsp;&nbsp;&nbsp;&nbsp;&nbsp;&nbsp;&nbsp;&nbsp;&nbsp;&nbsp;\n<\/p>\n<p>\n\t&nbsp;\n<\/p>\n<p>\n\t&nbsp;<\/p>\n","protected":false},"excerpt":{"rendered":"<p>Publica&ccedil;&otilde;es de Notifica&ccedil;&otilde;es da Ger&ecirc;ncia Colegiada da Superintend&ecirc;ncia de Vigil&acirc;ncia Sanit&aacute;ria de Minas Gerais Visando facilitar a consulta pelo cidad&atilde;o, setor regulado e das Vigil&acirc;ncias Sanit&aacute;rias dos munic&iacute;pios e Unidades Regionais de Sa&uacute;de, a Secretaria de Estado da Sa&uacute;de de Minas Gerais disponibiliza abaixo e em ordem cronol&oacute;gica, as publica&ccedil;&otilde;es das Notifica&ccedil;&otilde;es da Ger&ecirc;ncia Colegiada &hellip;<\/p>\n","protected":false},"author":1,"featured_media":0,"parent":0,"menu_order":0,"comment_status":"closed","ping_status":"closed","template":"","meta":{"footnotes":""},"class_list":["post-6103","page","type-page","status-publish",""],"_links":{"self":[{"href":"https:\/\/monsenhorpaulo.mg.gov.br\/site\/wp-json\/wp\/v2\/pages\/6103","targetHints":{"allow":["GET"]}}],"collection":[{"href":"https:\/\/monsenhorpaulo.mg.gov.br\/site\/wp-json\/wp\/v2\/pages"}],"about":[{"href":"https:\/\/monsenhorpaulo.mg.gov.br\/site\/wp-json\/wp\/v2\/types\/page"}],"author":[{"embeddable":true,"href":"https:\/\/monsenhorpaulo.mg.gov.br\/site\/wp-json\/wp\/v2\/users\/1"}],"replies":[{"embeddable":true,"href":"https:\/\/monsenhorpaulo.mg.gov.br\/site\/wp-json\/wp\/v2\/comments?post=6103"}],"version-history":[{"count":6,"href":"https:\/\/monsenhorpaulo.mg.gov.br\/site\/wp-json\/wp\/v2\/pages\/6103\/revisions"}],"predecessor-version":[{"id":6112,"href":"https:\/\/monsenhorpaulo.mg.gov.br\/site\/wp-json\/wp\/v2\/pages\/6103\/revisions\/6112"}],"wp:attachment":[{"href":"https:\/\/monsenhorpaulo.mg.gov.br\/site\/wp-json\/wp\/v2\/media?parent=6103"}],"curies":[{"name":"wp","href":"https:\/\/api.w.org\/{rel}","templated":true}]}}