{"id":3825,"date":"2015-05-15T13:43:12","date_gmt":"2015-05-15T16:43:12","guid":{"rendered":"http:\/\/monsenhorpaulo.mg.gov.br\/site\/?page_id=3825"},"modified":"2022-05-12T14:00:48","modified_gmt":"2022-05-12T17:00:48","slug":"conselho-tutelar-processo-de-escolha-unificado-para-conselheiros-tutelares","status":"publish","type":"page","link":"https:\/\/monsenhorpaulo.mg.gov.br\/site\/conselho-tutelar-processo-de-escolha-unificado-para-conselheiros-tutelares\/","title":{"rendered":"Conselho Tutelar"},"content":{"rendered":"<p style=\"text-align: center;\"><strong>ELEI\u00c7\u00d5ES PARA MEMBROS DO CONSELHO TUTELAR DE MONSENHOR PAULO &#8211; MG<\/strong><\/p>\n<hr \/>\n<p>Processo de Escolha para membros do Conselho Tutelar para o quadri\u00eanio 2020\/2023, aprovado pela <strong>RESOLU\u00c7\u00c3O N\u00ba 002\/2019<\/strong> do CMDCA local.<\/p>\n<ul>\n<li><a href=\"http:\/\/monsenhorpaulo.mg.gov.br\/site\/wp-content\/uploads\/2019\/04\/Edital-do-CT1.pdf\" target=\"_blank\" rel=\"noopener noreferrer\"><strong>EDITAL N\u00ba 01\/2019<\/strong><\/a><\/li>\n<li><a href=\"http:\/\/monsenhorpaulo.mg.gov.br\/site\/wp-content\/uploads\/2019\/05\/Edital-do-CT-Retifica\u00e7\u00e3o.pdf\" target=\"_blank\" rel=\"noopener noreferrer\"><strong>Retifica\u00e7\u00e3o Edital<\/strong><\/a><\/li>\n<li><a href=\"http:\/\/monsenhorpaulo.mg.gov.br\/site\/wp-content\/uploads\/2019\/05\/Edital-do-CT-Retifica\u00e7\u00e3o-nova-data-inscri\u00e7\u00e3o.pdf\" target=\"_blank\" rel=\"noopener noreferrer\"><strong>Retifica\u00e7\u00e3o Nova Data Inscri\u00e7\u00e3o<\/strong><\/a><\/li>\n<li><a href=\"http:\/\/monsenhorpaulo.mg.gov.br\/site\/wp-content\/uploads\/2019\/06\/LISTA-DOS-INSCRITOS-NO-CONSELHO-TUTELAR-2019.pdf\" target=\"_blank\" rel=\"noopener noreferrer\"><strong>Lista dos Inscritos<\/strong><\/a><\/li>\n<li><a href=\"http:\/\/monsenhorpaulo.mg.gov.br\/site\/wp-content\/uploads\/2019\/06\/lista-definitiva-cadidatos-inscritos.pdf\" target=\"_blank\" rel=\"noopener noreferrer\"><strong>Lista Definitiva dos Inscritos<\/strong><\/a><\/li>\n<li><a href=\"http:\/\/monsenhorpaulo.mg.gov.br\/site\/wp-content\/uploads\/2019\/07\/GABARITO-CONSELHO-TUTELAR.pdf\" target=\"_blank\" rel=\"noopener noreferrer\"><strong>Gabarito<\/strong><\/a><\/li>\n<li><a href=\"http:\/\/monsenhorpaulo.mg.gov.br\/site\/wp-content\/uploads\/2019\/08\/resultado-provis\u00f3rio-prova.pdf\" target=\"_blank\" rel=\"noopener noreferrer\"><strong>Resultado Provis\u00f3rio da Prova Eliminat\u00f3ria<\/strong><\/a><\/li>\n<li><a href=\"http:\/\/monsenhorpaulo.mg.gov.br\/site\/wp-content\/uploads\/2019\/08\/resultado-definitivo-prova.pdf\" target=\"_blank\" rel=\"noopener noreferrer\"><strong>Resultado Definitivo da Prova Eliminat\u00f3ria<\/strong><\/a><\/li>\n<li><a href=\"http:\/\/monsenhorpaulo.mg.gov.br\/site\/wp-content\/uploads\/2019\/09\/resultado-provis\u00f3rio-avalia\u00e7\u00e3o-psico.pdf\" target=\"_blank\" rel=\"noopener noreferrer\"><strong>Resultado Provis\u00f3rio Avalia\u00e7\u00e3o Psicol\u00f3gica e Aptos para Elei\u00e7\u00e3o<\/strong><\/a><\/li>\n<\/ul>\n<ul>\n<li><a href=\"http:\/\/monsenhorpaulo.mg.gov.br\/site\/wp-content\/uploads\/2019\/09\/Edital-do-CT-Retifica\u00e7\u00e3o-local-de-vota\u00e7\u00e3o.pdf\"><strong>Retifica\u00e7\u00e3o local de vota\u00e7\u00e3o<\/strong><\/a><\/li>\n<\/ul>\n<p><strong>&nbsp;<\/strong><\/p>\n<p><strong>Data da Prova e Local<\/strong><\/p>\n<ul>\n<li>Dia: 10\/07\/2019<\/li>\n<li>Hor\u00e1rio: 18:00<\/li>\n<li>Local: SEMEC (Antigo DMEC).<\/li>\n<\/ul>\n<h4>STATUS: <span style=\"color: #008000;\">ABERTO<\/span><\/h4>\n<h4>*****************<\/h4>\n<hr \/>\n<hr \/>\n<hr \/>\n<p>Processo de Escolha para membros suplentes do Conselho Tutelar para o restante do quadri\u00eanio 2016\/2019, aprovado pela <strong>RESOLU\u00c7\u00c3O N\u00ba 001\/2018<\/strong> do CMDCA local.<\/p>\n<ul>\n<li><a href=\"http:\/\/monsenhorpaulo.mg.gov.br\/site\/wp-content\/uploads\/2018\/08\/1-Edital-Elei\u00e7\u00e3o-Conselheiros-suplentes.doc\" target=\"_blank\" rel=\"noopener noreferrer\"><strong>EDITAL N\u00ba 01\/2018<\/strong><\/a><\/li>\n<li><a href=\"http:\/\/monsenhorpaulo.mg.gov.br\/site\/wp-content\/uploads\/2018\/08\/Extrato-conselho-tutelar.docx\" target=\"_blank\" rel=\"noopener noreferrer\"><strong>Extrato<\/strong><\/a><\/li>\n<li><a href=\"http:\/\/monsenhorpaulo.mg.gov.br\/site\/wp-content\/uploads\/2018\/08\/GABARITO-PROVA-SUPLENTES-01-2018.pdf\" target=\"_blank\" rel=\"noopener noreferrer\"><strong>Gabarito<\/strong><\/a><\/li>\n<li><a href=\"http:\/\/monsenhorpaulo.mg.gov.br\/site\/wp-content\/uploads\/2018\/08\/Resultado-Parcial-01-2018.pdf\" target=\"_blank\" rel=\"noopener noreferrer\"><strong>Resultado Preliminar<\/strong><\/a><\/li>\n<li><strong><a href=\"http:\/\/monsenhorpaulo.mg.gov.br\/site\/wp-content\/uploads\/2018\/08\/Retifica\u00e7\u00e3o-Conselho-Tutelar.pdf\" target=\"_blank\" rel=\"noopener noreferrer\">Retifica\u00e7\u00e3o Cronograma<\/a><\/strong><\/li>\n<li><strong><a href=\"http:\/\/monsenhorpaulo.mg.gov.br\/site\/wp-content\/uploads\/2018\/08\/Retifica\u00e7\u00e3o-2-Conselho-Tutelar.pdf\" target=\"_blank\" rel=\"noopener noreferrer\">Retifica\u00e7\u00e3o 2 Cronograma<\/a><\/strong><\/li>\n<li><a href=\"http:\/\/monsenhorpaulo.mg.gov.br\/site\/wp-content\/uploads\/2018\/09\/GABARITO-PROVA-SUPLENTES-01.2018-04.09.2018.pdf\" target=\"_blank\" rel=\"noopener noreferrer\"><strong>Gabarito<\/strong><\/a><\/li>\n<li><a href=\"http:\/\/monsenhorpaulo.mg.gov.br\/site\/wp-content\/uploads\/2018\/09\/Resultado-Parcial-06.09.2018-.pdf\" target=\"_blank\" rel=\"noopener noreferrer\"><strong>Resultado Parcial<\/strong><\/a><\/li>\n<li><strong><a href=\"http:\/\/monsenhorpaulo.mg.gov.br\/site\/wp-content\/uploads\/2018\/09\/Retifica\u00e7\u00e3o-3-Conselho-Tutelar.pdf\" target=\"_blank\" rel=\"noopener noreferrer\">Retifica\u00e7\u00e3o 3 Cronograma<\/a><\/strong><\/li>\n<li><a href=\"http:\/\/monsenhorpaulo.mg.gov.br\/site\/wp-content\/uploads\/2018\/09\/GABARITO-PROVA-SUPLENTES-01.2018-11.09.2018.pdf\" target=\"_blank\" rel=\"noopener noreferrer\"><strong>Gabarito<\/strong><\/a><\/li>\n<li><a href=\"http:\/\/monsenhorpaulo.mg.gov.br\/site\/wp-content\/uploads\/2018\/09\/Resultado-Preliminar-01.2018-11.09.2018.pdf\" target=\"_blank\" rel=\"noopener noreferrer\"><strong>Resultado Parcial<\/strong><\/a><\/li>\n<li><a href=\"http:\/\/monsenhorpaulo.mg.gov.br\/site\/wp-content\/uploads\/2018\/12\/Resultado-Parcial-01.2018-21.12.2018-avalia\u00e7\u00e3o-psicol\u00f3gica.pdf\" target=\"_blank\" rel=\"noopener noreferrer\"><strong>Resultado Parcial &#8211; Avalia\u00e7\u00e3o Psicol\u00f3gica<\/strong><\/a><\/li>\n<li><a href=\"http:\/\/monsenhorpaulo.mg.gov.br\/site\/wp-content\/uploads\/2018\/12\/Resultado-Final-01.2018-28.12.2018-avalia\u00e7\u00e3o-psicol\u00f3gica.pdf\" target=\"_blank\" rel=\"noopener noreferrer\"><strong>Resultado Final &#8211; Avalia\u00e7\u00e3o Psicol\u00f3gica<\/strong><\/a><\/li>\n<li><a href=\"http:\/\/monsenhorpaulo.mg.gov.br\/site\/wp-content\/uploads\/2019\/01\/Elei\u00e7\u00e3o-conselho-tutelar-vota\u00e7\u00e3o.pdf\" target=\"_blank\" rel=\"noopener noreferrer\"><strong>Elei\u00e7\u00e3o Conselheiro<\/strong><\/a><\/li>\n<\/ul>\n<h4>STATUS:&nbsp;<span style=\"color: #000080;\">FINALIZADO<\/span><\/h4>\n<h4>**********************<\/h4>\n<hr \/>\n<p>Processo de Escolha para membros suplentes do Conselho Tutelar para o restante do quadri\u00eanio 2016\/2019, aprovado pela RESOLU\u00c7\u00c3O N\u00ba 02\/2017 do CMDCA local.<\/p>\n<ul>\n<li><a href=\"http:\/\/monsenhorpaulo.mg.gov.br\/site\/wp-content\/uploads\/2017\/10\/1-Edital-Elei\u00e7\u00e3o-Conselheiros-suplentes.pdf\" target=\"_blank\" rel=\"noopener noreferrer\"><strong>EDITAL N\u00ba 01\/2017<\/strong><\/a><\/li>\n<li><a href=\"http:\/\/monsenhorpaulo.mg.gov.br\/site\/wp-content\/uploads\/2017\/10\/Cronograma-retificado.pdf\" target=\"_blank\" rel=\"noopener noreferrer\"><strong>Retifica\u00e7\u00e3o1<\/strong><\/a><\/li>\n<li><a href=\"http:\/\/monsenhorpaulo.mg.gov.br\/site\/wp-content\/uploads\/2017\/11\/gabarito.pdf\" target=\"_blank\" rel=\"noopener noreferrer\"><strong>Gabarito<\/strong><\/a><\/li>\n<li><a href=\"http:\/\/monsenhorpaulo.mg.gov.br\/site\/wp-content\/uploads\/2017\/11\/resultado-preliminar.pdf\" target=\"_blank\" rel=\"noopener noreferrer\"><strong>Resultado Preliminar<\/strong><\/a><\/li>\n<li><a href=\"http:\/\/monsenhorpaulo.mg.gov.br\/site\/wp-content\/uploads\/2018\/02\/resultado-preliminar-avalia\u00e7\u00e3o-psicol\u00f3gica.pdf\" target=\"_blank\" rel=\"noopener noreferrer\"><strong>Resultado Preliminar Avalia\u00e7\u00e3o Psicol\u00f3gica<\/strong><\/a><\/li>\n<li><a href=\"http:\/\/monsenhorpaulo.mg.gov.br\/site\/wp-content\/uploads\/2018\/02\/resultado-final-avalia\u00e7\u00e3o-psicol\u00f3gica.pdf\" target=\"_blank\" rel=\"noopener noreferrer\"><strong>Resultado Final Avalia\u00e7\u00e3o Psicol\u00f3gica<\/strong><\/a><\/li>\n<li><a href=\"http:\/\/monsenhorpaulo.mg.gov.br\/site\/wp-content\/uploads\/2018\/02\/Cronograma-retificado-elei\u00e7\u00e3o.pdf\" target=\"_blank\" rel=\"noopener noreferrer\"><strong>Cronograma Retificado Elei\u00e7\u00f5es<\/strong><\/a><\/li>\n<li><a href=\"http:\/\/monsenhorpaulo.mg.gov.br\/site\/wp-content\/uploads\/2018\/03\/resultado-preliminar-elei\u00e7\u00e3o.pdf\" target=\"_blank\" rel=\"noopener noreferrer\"><strong>Resultado Preliminar Elei\u00e7\u00e3o<\/strong><\/a><\/li>\n<\/ul>\n<h4>STATUS: <span style=\"color: #000080;\">FINALIZADO<\/span><\/h4>\n<h1><\/h1>\n<hr \/>\n","protected":false},"excerpt":{"rendered":"<p>ELEI\u00c7\u00d5ES PARA MEMBROS DO CONSELHO TUTELAR DE MONSENHOR PAULO &#8211; MG Processo de Escolha para membros do Conselho Tutelar para o quadri\u00eanio 2020\/2023, aprovado pela RESOLU\u00c7\u00c3O N\u00ba 002\/2019 do CMDCA local. EDITAL N\u00ba 01\/2019 Retifica\u00e7\u00e3o Edital Retifica\u00e7\u00e3o Nova Data Inscri\u00e7\u00e3o Lista dos Inscritos Lista Definitiva dos Inscritos Gabarito Resultado Provis\u00f3rio da Prova Eliminat\u00f3ria Resultado Definitivo &hellip;<\/p>\n","protected":false},"author":1,"featured_media":0,"parent":0,"menu_order":0,"comment_status":"closed","ping_status":"open","template":"","meta":{"footnotes":""},"class_list":["post-3825","page","type-page","status-publish",""],"_links":{"self":[{"href":"https:\/\/monsenhorpaulo.mg.gov.br\/site\/wp-json\/wp\/v2\/pages\/3825","targetHints":{"allow":["GET"]}}],"collection":[{"href":"https:\/\/monsenhorpaulo.mg.gov.br\/site\/wp-json\/wp\/v2\/pages"}],"about":[{"href":"https:\/\/monsenhorpaulo.mg.gov.br\/site\/wp-json\/wp\/v2\/types\/page"}],"author":[{"embeddable":true,"href":"https:\/\/monsenhorpaulo.mg.gov.br\/site\/wp-json\/wp\/v2\/users\/1"}],"replies":[{"embeddable":true,"href":"https:\/\/monsenhorpaulo.mg.gov.br\/site\/wp-json\/wp\/v2\/comments?post=3825"}],"version-history":[{"count":81,"href":"https:\/\/monsenhorpaulo.mg.gov.br\/site\/wp-json\/wp\/v2\/pages\/3825\/revisions"}],"predecessor-version":[{"id":10635,"href":"https:\/\/monsenhorpaulo.mg.gov.br\/site\/wp-json\/wp\/v2\/pages\/3825\/revisions\/10635"}],"wp:attachment":[{"href":"https:\/\/monsenhorpaulo.mg.gov.br\/site\/wp-json\/wp\/v2\/media?parent=3825"}],"curies":[{"name":"wp","href":"https:\/\/api.w.org\/{rel}","templated":true}]}}