{"id":29,"date":"2013-02-07T17:13:56","date_gmt":"2013-02-07T19:13:56","guid":{"rendered":"http:\/\/monsenhorpaulo.mg.gov.br\/site\/?page_id=29"},"modified":"2019-05-16T09:27:48","modified_gmt":"2019-05-16T12:27:48","slug":"como-chegar","status":"publish","type":"page","link":"https:\/\/monsenhorpaulo.mg.gov.br\/site\/como-chegar\/","title":{"rendered":"Como chegar"},"content":{"rendered":"<p><iframe loading=\"lazy\" src=\"https:\/\/maps.google.com.br\/maps?f=q&amp;source=s_q&amp;hl=pt-BR&amp;geocode=&amp;q=Monsenhor+Paulo+-+Minas+Gerais&amp;aq=0&amp;oq=monsenhor+&amp;sll=-18.577962,-45.451757&amp;sspn=10.400792,21.643066&amp;ie=UTF8&amp;hq=&amp;hnear=Monsenhor+Paulo+-+Minas+Gerais&amp;t=m&amp;ll=-21.757905,-45.545154&amp;spn=0.019929,0.025749&amp;z=15&amp;iwloc=A&amp;output=embed\" width=\"600\" height=\"500\" frameborder=\"0\" marginwidth=\"0\" marginheight=\"0\" scrolling=\"no\"><\/iframe><br \/>\n<small><a style=\"color: #0000ff; text-align: left;\" href=\"https:\/\/maps.google.com.br\/maps?f=q&amp;source=embed&amp;hl=pt-BR&amp;geocode=&amp;q=Monsenhor+Paulo+-+Minas+Gerais&amp;aq=0&amp;oq=monsenhor+&amp;sll=-18.577962,-45.451757&amp;sspn=10.400792,21.643066&amp;ie=UTF8&amp;hq=&amp;hnear=Monsenhor+Paulo+-+Minas+Gerais&amp;t=m&amp;ll=-21.757905,-45.545154&amp;spn=0.019929,0.025749&amp;z=15&amp;iwloc=A\">Exibir mapa ampliado<\/a><\/small><\/p>\n<p>O acesso mais f\u00e1cil \u00e0 cidade \u00e9 pela BR 381 e, na altura do km 774, pegar a MG-BR 267, sentido Monsenhor Paulo, por 14km. O munic\u00edpio faz divisa com as cidades de Campanha, S\u00e3o Gon\u00e7alo do Sapuca\u00ed, Cordisl\u00e2ndia e Varginha.<\/p>\n","protected":false},"excerpt":{"rendered":"<p>Exibir mapa ampliado O acesso mais f\u00e1cil \u00e0 cidade \u00e9 pela BR 381 e, na altura do km 774, pegar a MG-BR 267, sentido Monsenhor Paulo, por 14km. O munic\u00edpio faz divisa com as cidades de Campanha, S\u00e3o Gon\u00e7alo do Sapuca\u00ed, Cordisl\u00e2ndia e Varginha.<\/p>\n","protected":false},"author":1,"featured_media":0,"parent":0,"menu_order":0,"comment_status":"closed","ping_status":"open","template":"","meta":{"footnotes":""},"class_list":["post-29","page","type-page","status-publish",""],"_links":{"self":[{"href":"https:\/\/monsenhorpaulo.mg.gov.br\/site\/wp-json\/wp\/v2\/pages\/29","targetHints":{"allow":["GET"]}}],"collection":[{"href":"https:\/\/monsenhorpaulo.mg.gov.br\/site\/wp-json\/wp\/v2\/pages"}],"about":[{"href":"https:\/\/monsenhorpaulo.mg.gov.br\/site\/wp-json\/wp\/v2\/types\/page"}],"author":[{"embeddable":true,"href":"https:\/\/monsenhorpaulo.mg.gov.br\/site\/wp-json\/wp\/v2\/users\/1"}],"replies":[{"embeddable":true,"href":"https:\/\/monsenhorpaulo.mg.gov.br\/site\/wp-json\/wp\/v2\/comments?post=29"}],"version-history":[{"count":3,"href":"https:\/\/monsenhorpaulo.mg.gov.br\/site\/wp-json\/wp\/v2\/pages\/29\/revisions"}],"predecessor-version":[{"id":8033,"href":"https:\/\/monsenhorpaulo.mg.gov.br\/site\/wp-json\/wp\/v2\/pages\/29\/revisions\/8033"}],"wp:attachment":[{"href":"https:\/\/monsenhorpaulo.mg.gov.br\/site\/wp-json\/wp\/v2\/media?parent=29"}],"curies":[{"name":"wp","href":"https:\/\/api.w.org\/{rel}","templated":true}]}}