{"id":13019,"date":"2024-07-24T11:26:41","date_gmt":"2024-07-24T14:26:41","guid":{"rendered":"https:\/\/monsenhorpaulo.mg.gov.br\/site\/?page_id=13019"},"modified":"2024-12-26T10:45:59","modified_gmt":"2024-12-26T13:45:59","slug":"decretos-e-portarias","status":"publish","type":"page","link":"https:\/\/monsenhorpaulo.mg.gov.br\/site\/decretos-e-portarias\/","title":{"rendered":"Decretos e Portarias"},"content":{"rendered":"<section class=\"kc-elm kc-css-380166 kc_row\"><div class=\"kc-row-container  kc-container\"><div class=\"kc-wrap-columns\"><div class=\"kc-elm kc-css-656308 kc_col-sm-9 kc_column kc_col-sm-9\"><div class=\"kc-col-container\"><div class=\"kc-elm kc-css-691521 kc_text_block\"><p>Parecer n\u00ba 01\/24: Institui Normas&nbsp; Operacionais para Educa\u00e7\u00e3o em Tempo Integral da Rede Publica Municipal, com Base na Lei n\u00ba 14.640 de 31 de Julho de 2023 e Portaria n\u00ba 110, de 16 de Dezembro de 2024.<\/p>\n<\/div><\/div><\/div><div class=\"kc-elm kc-css-216523 kc_col-of-5 kc_column kc_col-of-5\"><div class=\"kc-col-container\">\n<div class=\"kc-elm kc-css-907737\">\n\t<a class=\"kc_button\" href=\"https:\/\/monsenhorpaulo.mg.gov.br\/site\/wp-content\/uploads\/2024\/12\/PARECER-01-24.pdf\" target=\"_blank\" title=\"\" onclick=\"\">\n\t\t<i class=\"fa-arrow-circle-down\"><\/i> Baixar\t<\/a>\n<\/div>\n<\/div><\/div><\/div><\/div><\/section><section class=\"kc-elm kc-css-567097 kc_row\"><div class=\"kc-row-container  kc-container\"><div class=\"kc-wrap-columns\"><div class=\"kc-elm kc-css-811569 kc_col-sm-9 kc_column kc_col-sm-9\"><div class=\"kc-col-container\"><div class=\"kc-elm kc-css-796995 kc_text_block\"><p>Portaria n\u00ba 111 de 16 de dezembro de 2024: Nomeia a Equipe Tecnica Responsavel pela Elabora\u00e7\u00e3o&nbsp; da Politica e Implanta\u00e7\u00e3o da Educa\u00e7\u00e3o em Tempo Integral, no \u00c2mbito de Municipio de Monsenhor Paulo.<\/p>\n<\/div><\/div><\/div><div class=\"kc-elm kc-css-828400 kc_col-of-5 kc_column kc_col-of-5\"><div class=\"kc-col-container\">\n<div class=\"kc-elm kc-css-863867\">\n\t<a class=\"kc_button\" href=\"https:\/\/monsenhorpaulo.mg.gov.br\/site\/wp-content\/uploads\/2024\/12\/PORTARIA-N-111.pdf\" target=\"_blank\" title=\"\" onclick=\"\">\n\t\t<i class=\"fa-arrow-circle-down\"><\/i> Baixar\t<\/a>\n<\/div>\n<\/div><\/div><\/div><\/div><\/section><section class=\"kc-elm kc-css-976609 kc_row\"><div class=\"kc-row-container  kc-container\"><div class=\"kc-wrap-columns\"><div class=\"kc-elm kc-css-443587 kc_col-sm-9 kc_column kc_col-sm-9\"><div class=\"kc-col-container\"><div class=\"kc-elm kc-css-462937 kc_text_block\"><p>Portaria n\u00ba 110 de 16 de dezembro de 2024: Regulamenta a Politica de Educa\u00e7\u00e3o em Tempo Integral no Municipio de Monsenhor Paulo.<\/p>\n<\/div><\/div><\/div><div class=\"kc-elm kc-css-865355 kc_col-of-5 kc_column kc_col-of-5\"><div class=\"kc-col-container\">\n<div class=\"kc-elm kc-css-769647\">\n\t<a class=\"kc_button\" href=\"https:\/\/monsenhorpaulo.mg.gov.br\/site\/wp-content\/uploads\/2024\/12\/PORTARIA-N-110.pdf\" target=\"_blank\" title=\"\" onclick=\"\">\n\t\t<i class=\"fa-arrow-circle-down\"><\/i> Baixar\t<\/a>\n<\/div>\n<\/div><\/div><\/div><\/div><\/section><section class=\"kc-elm kc-css-294463 kc_row\"><div class=\"kc-row-container  kc-container\"><div class=\"kc-wrap-columns\"><div class=\"kc-elm kc-css-115492 kc_col-sm-9 kc_column kc_col-sm-9\"><div class=\"kc-col-container\"><div class=\"kc-elm kc-css-24086 kc_text_block\"><p>Decreto n\u00ba 105 de 16 de dezembro de 2024: Institui a Politica de Educa\u00e7\u00e3o em Tempo Integral na Rede Municpal de Ensino em Monsenhor Paulo.\u00a0\u00a0<\/p>\n<\/div><\/div><\/div><div class=\"kc-elm kc-css-370718 kc_col-of-5 kc_column kc_col-of-5\"><div class=\"kc-col-container\">\n<div class=\"kc-elm kc-css-601149\">\n\t<a class=\"kc_button\" href=\"https:\/\/monsenhorpaulo.mg.gov.br\/site\/wp-content\/uploads\/2024\/12\/DECRETO-N-105.pdf\" target=\"_blank\" title=\"\" onclick=\"\">\n\t\t<i class=\"fa-arrow-circle-down\"><\/i> Baixar\t<\/a>\n<\/div>\n<\/div><\/div><\/div><\/div><\/section><section class=\"kc-elm kc-css-755675 kc_row\"><div class=\"kc-row-container  kc-container\"><div class=\"kc-wrap-columns\"><div class=\"kc-elm kc-css-225280 kc_col-sm-9 kc_column kc_col-sm-9\"><div class=\"kc-col-container\"><div class=\"kc-elm kc-css-569304 kc_text_block\"><p>Portaria n\u00ba 97 de 07 de outubro de 2024: Nomeia Agente Politico. Art I. &#8211; Nomear Stef\u00e2nia Zanim Baldim\u00a0para o Cargo de Agente Pol\u00edtico de\u00a0 Secret\u00e1rio de Educa\u00e7\u00e3o, a partir do dia 07 de outubro de 2024.<\/p>\n<\/div><\/div><\/div><div class=\"kc-elm kc-css-812365 kc_col-of-5 kc_column kc_col-of-5\"><div class=\"kc-col-container\">\n<div class=\"kc-elm kc-css-915231\">\n\t<a class=\"kc_button\" href=\"https:\/\/monsenhorpaulo.mg.gov.br\/site\/wp-content\/uploads\/2024\/11\/PORTARIA-STEFANIA.pdf\" target=\"_blank\" title=\"\" onclick=\"\">\n\t\t<i class=\"fa-arrow-circle-down\"><\/i> Baixar\t<\/a>\n<\/div>\n<\/div><\/div><\/div><\/div><\/section><section class=\"kc-elm kc-css-968168 kc_row\"><div class=\"kc-row-container  kc-container\"><div class=\"kc-wrap-columns\"><div class=\"kc-elm kc-css-168966 kc_col-sm-9 kc_column kc_col-sm-9\"><div class=\"kc-col-container\"><div class=\"kc-elm kc-css-166733 kc_text_block\"><p>Portaria n\u00ba 95 de 07 de outubro de 2024: Exonerar Agente Politico. Art I. &#8211; Exonerar Giane Ferreira Zanim\u00a0do Cargo de Agente Pol\u00edtico de\u00a0 Secret\u00e1rio de Educa\u00e7\u00e3o, a partir do dia 07 de outubro de 2024.<\/p>\n<\/div><\/div><\/div><div class=\"kc-elm kc-css-209274 kc_col-of-5 kc_column kc_col-of-5\"><div class=\"kc-col-container\">\n<div class=\"kc-elm kc-css-494523\">\n\t<a class=\"kc_button\" href=\"https:\/\/monsenhorpaulo.mg.gov.br\/site\/wp-content\/uploads\/2024\/11\/PORTARIA-GIANE.pdf\" target=\"_blank\" title=\"\" onclick=\"\">\n\t\t<i class=\"fa-arrow-circle-down\"><\/i> Baixar\t<\/a>\n<\/div>\n<\/div><\/div><\/div><\/div><\/section><section class=\"kc-elm kc-css-694230 kc_row\"><div class=\"kc-row-container  kc-container\"><div class=\"kc-wrap-columns\"><div class=\"kc-elm kc-css-510111 kc_col-sm-9 kc_column kc_col-sm-9\"><div class=\"kc-col-container\"><div class=\"kc-elm kc-css-823244 kc_text_block\"><p>Portaria n\u00ba 59 de 04 de junho de 2024: Nomeia Agente Politico. Art I. &#8211; Nomear Giane Ferreira Zanim para o Cargo de Agente Pol\u00edtico de\u00a0 Secret\u00e1rio de Educa\u00e7\u00e3o, a partir do dia 04 de junho de 2024.<\/p>\n<\/div><\/div><\/div><div class=\"kc-elm kc-css-170202 kc_col-of-5 kc_column kc_col-of-5\"><div class=\"kc-col-container\">\n<div class=\"kc-elm kc-css-86799\">\n\t<a class=\"kc_button\" href=\"https:\/\/monsenhorpaulo.mg.gov.br\/site\/wp-content\/uploads\/2024\/07\/Decreto-59-2024.pdf\" target=\"_blank\" title=\"\" onclick=\"\">\n\t\t<i class=\"fa-arrow-circle-down\"><\/i> Baixar\t<\/a>\n<\/div>\n<\/div><\/div><\/div><\/div><\/section><section class=\"kc-elm kc-css-109709 kc_row\"><div class=\"kc-row-container  kc-container\"><div class=\"kc-wrap-columns\"><div class=\"kc-elm kc-css-180963 kc_col-sm-9 kc_column kc_col-sm-9\"><div class=\"kc-col-container\"><div class=\"kc-elm kc-css-147596 kc_text_block\"><p>Portaria n\u00ba 57 de 04 de junho de 2024: Exonerar Agente Politico. Art I. &#8211; Exonerar Stef\u00e2nia Zanim Baldim do Cargo de Agente Pol\u00edtico de\u00a0 Secret\u00e1rio de Educa\u00e7\u00e3o, a partir do dia 04 de junho de 2024.<\/p>\n<\/div><\/div><\/div><div class=\"kc-elm kc-css-851124 kc_col-of-5 kc_column kc_col-of-5\"><div class=\"kc-col-container\">\n<div class=\"kc-elm kc-css-127750\">\n\t<a class=\"kc_button\" href=\"https:\/\/monsenhorpaulo.mg.gov.br\/site\/wp-content\/uploads\/2024\/07\/Decreto-57-2-24.pdf\" target=\"_blank\" title=\"\" onclick=\"\">\n\t\t<i class=\"fa-arrow-circle-down\"><\/i> Baixar\t<\/a>\n<\/div>\n<\/div><\/div><\/div><\/div><\/section><section class=\"kc-elm kc-css-115086 kc_row\"><div class=\"kc-row-container  kc-container\"><div class=\"kc-wrap-columns\"><div class=\"kc-elm kc-css-1605 kc_col-sm-9 kc_column kc_col-sm-9\"><div class=\"kc-col-container\"><div class=\"kc-elm kc-css-810646 kc_text_block\"><p>Portaria n\u00ba 43 de 04 de junho de 2024: Substitui Membros do Conselho Municipal de Acompanhamento e Controle Social do Fundo de Manuten\u00e7\u00e3o e Desenvolvimento da Educa\u00e7\u00e3o B\u00e1sica e de Valoriza\u00e7\u00e3o dos Profissionais da Educa\u00e7\u00e3o &#8211; CACS\/FUNDEB, no \u00e2mbito do Munic\u00edpio de Monsenhor Paulo.<\/p>\n<\/div><\/div><\/div><div class=\"kc-elm kc-css-570105 kc_col-of-5 kc_column kc_col-of-5\"><div class=\"kc-col-container\">\n<div class=\"kc-elm kc-css-993980\">\n\t<a class=\"kc_button\" href=\"https:\/\/monsenhorpaulo.mg.gov.br\/site\/wp-content\/uploads\/2024\/07\/CamScanner-02-07-2024-13.19.pdf\" target=\"_blank\" title=\"\" onclick=\"\">\n\t\t<i class=\"fa-arrow-circle-down\"><\/i> Baixar\t<\/a>\n<\/div>\n<\/div><\/div><\/div><\/div><\/section>\n","protected":false},"excerpt":{"rendered":"<p>Parecer n\u00ba 01\/24: Institui Normas&nbsp; Operacionais para Educa\u00e7\u00e3o em Tempo Integral da Rede Publica Municipal, com Base na Lei n\u00ba 14.640 de 31 de Julho de 2023 e Portaria n\u00ba 110, de 16 de Dezembro de 2024. Baixar Portaria n\u00ba 111 de 16 de dezembro de 2024: Nomeia a Equipe Tecnica Responsavel pela Elabora\u00e7\u00e3o&nbsp; da &hellip;<\/p>\n","protected":false},"author":1,"featured_media":0,"parent":0,"menu_order":0,"comment_status":"closed","ping_status":"closed","template":"","meta":{"footnotes":""},"class_list":["post-13019","page","type-page","status-publish",""],"_links":{"self":[{"href":"https:\/\/monsenhorpaulo.mg.gov.br\/site\/wp-json\/wp\/v2\/pages\/13019","targetHints":{"allow":["GET"]}}],"collection":[{"href":"https:\/\/monsenhorpaulo.mg.gov.br\/site\/wp-json\/wp\/v2\/pages"}],"about":[{"href":"https:\/\/monsenhorpaulo.mg.gov.br\/site\/wp-json\/wp\/v2\/types\/page"}],"author":[{"embeddable":true,"href":"https:\/\/monsenhorpaulo.mg.gov.br\/site\/wp-json\/wp\/v2\/users\/1"}],"replies":[{"embeddable":true,"href":"https:\/\/monsenhorpaulo.mg.gov.br\/site\/wp-json\/wp\/v2\/comments?post=13019"}],"version-history":[{"count":9,"href":"https:\/\/monsenhorpaulo.mg.gov.br\/site\/wp-json\/wp\/v2\/pages\/13019\/revisions"}],"predecessor-version":[{"id":13294,"href":"https:\/\/monsenhorpaulo.mg.gov.br\/site\/wp-json\/wp\/v2\/pages\/13019\/revisions\/13294"}],"wp:attachment":[{"href":"https:\/\/monsenhorpaulo.mg.gov.br\/site\/wp-json\/wp\/v2\/media?parent=13019"}],"curies":[{"name":"wp","href":"https:\/\/api.w.org\/{rel}","templated":true}]}}