{"id":12891,"date":"2024-05-29T10:36:21","date_gmt":"2024-05-29T13:36:21","guid":{"rendered":"https:\/\/monsenhorpaulo.mg.gov.br\/site\/?page_id=12891"},"modified":"2024-06-14T16:40:59","modified_gmt":"2024-06-14T19:40:59","slug":"paar-pnab","status":"publish","type":"page","link":"https:\/\/monsenhorpaulo.mg.gov.br\/site\/paar-pnab\/","title":{"rendered":"PAAR &#8211; PNAB"},"content":{"rendered":"\n<figure class=\"wp-block-image size-large\"><img loading=\"lazy\" decoding=\"async\" width=\"1024\" height=\"621\" src=\"https:\/\/monsenhorpaulo.mg.gov.br\/site\/wp-content\/uploads\/2024\/06\/WhatsApp-Image-2024-06-14-at-08.25.57-1024x621.jpeg\" alt=\"\" class=\"wp-image-12924\" srcset=\"https:\/\/monsenhorpaulo.mg.gov.br\/site\/wp-content\/uploads\/2024\/06\/WhatsApp-Image-2024-06-14-at-08.25.57-1024x621.jpeg 1024w, https:\/\/monsenhorpaulo.mg.gov.br\/site\/wp-content\/uploads\/2024\/06\/WhatsApp-Image-2024-06-14-at-08.25.57-300x182.jpeg 300w, https:\/\/monsenhorpaulo.mg.gov.br\/site\/wp-content\/uploads\/2024\/06\/WhatsApp-Image-2024-06-14-at-08.25.57-768x466.jpeg 768w, https:\/\/monsenhorpaulo.mg.gov.br\/site\/wp-content\/uploads\/2024\/06\/WhatsApp-Image-2024-06-14-at-08.25.57.jpeg 1060w\" sizes=\"auto, (max-width: 1024px) 100vw, 1024px\" \/><\/figure>\n\n\n\n<pre class=\"wp-block-preformatted\">Informamos que est\u00e1 dispon\u00edvel a publica\u00e7\u00e3o do PAAR - Plano Anual de Aplica\u00e7\u00e3o de Recursos da PNAB - Pol\u00edtica Nacional Aldir Blanc. Este documento estabelece as diretrizes e a distribui\u00e7\u00e3o dos recursos destinados ao fomento das atividades culturais no \u00e2mbito da Lei Aldir Blanc.\nO PAAR detalha de forma minuciosa os crit\u00e9rios de aloca\u00e7\u00e3o de recursos, os projetos contemplados e as metas estabelecidas para o pr\u00f3ximo ano, com o objetivo de promover e fortalecer a diversidade cultural em nosso pa\u00eds.\nAcesse o link abaixo para visualizar o documento completo e obter informa\u00e7\u00f5es detalhadas sobre as estrat\u00e9gias de implementa\u00e7\u00e3o e os crit\u00e9rios de sele\u00e7\u00e3o:\n\n<strong>[<a href=\"https:\/\/monsenhorpaulo.mg.gov.br\/site\/wp-content\/uploads\/2024\/06\/5KG7CE05_MG_-MUNICIPIO-DE-MONSENHOR-PAULO.pdf\">Obtenha informa\u00e7\u00f5es completa neste link<\/a>]<\/strong>\n\nSua consulta ao PAAR \u00e9 fundamental para garantir a transpar\u00eancia e a efetividade das a\u00e7\u00f5es previstas, contribuindo para o desenvolvimento cont\u00ednuo da cultura brasileira.<\/pre>\n\n\n<div class=\"wp-block-image\">\n<figure class=\"aligncenter size-large\"><img loading=\"lazy\" decoding=\"async\" width=\"1024\" height=\"903\" src=\"https:\/\/monsenhorpaulo.mg.gov.br\/site\/wp-content\/uploads\/2024\/05\/WhatsApp-Image-2024-05-29-at-09.05.19-1024x903.jpeg\" alt=\"\" class=\"wp-image-12892\" srcset=\"https:\/\/monsenhorpaulo.mg.gov.br\/site\/wp-content\/uploads\/2024\/05\/WhatsApp-Image-2024-05-29-at-09.05.19-1024x903.jpeg 1024w, https:\/\/monsenhorpaulo.mg.gov.br\/site\/wp-content\/uploads\/2024\/05\/WhatsApp-Image-2024-05-29-at-09.05.19-300x265.jpeg 300w, https:\/\/monsenhorpaulo.mg.gov.br\/site\/wp-content\/uploads\/2024\/05\/WhatsApp-Image-2024-05-29-at-09.05.19-768x677.jpeg 768w, https:\/\/monsenhorpaulo.mg.gov.br\/site\/wp-content\/uploads\/2024\/05\/WhatsApp-Image-2024-05-29-at-09.05.19.jpeg 1060w\" sizes=\"auto, (max-width: 1024px) 100vw, 1024px\" \/><\/figure>\n<\/div>\n\n\n<hr class=\"wp-block-separator has-alpha-channel-opacity\"\/>\n\n\n\n<div data-wp-interactive=\"core\/file\" class=\"wp-block-file aligncenter\"><object data-wp-bind--hidden=\"!state.hasPdfPreview\" hidden class=\"wp-block-file__embed\" data=\"https:\/\/monsenhorpaulo.mg.gov.br\/site\/wp-content\/uploads\/2024\/05\/ATA-PAAR.pdf\" type=\"application\/pdf\" style=\"width:100%;height:600px\" aria-label=\"Incorporado de ATA-PAAR.\"><\/object><a id=\"wp-block-file--media-a0d64fc3-2604-46b0-9db3-c37bd93f3305\" href=\"https:\/\/monsenhorpaulo.mg.gov.br\/site\/wp-content\/uploads\/2024\/05\/ATA-PAAR.pdf\">ATA-PAAR<\/a><a href=\"https:\/\/monsenhorpaulo.mg.gov.br\/site\/wp-content\/uploads\/2024\/05\/ATA-PAAR.pdf\" class=\"wp-block-file__button wp-element-button\" download aria-describedby=\"wp-block-file--media-a0d64fc3-2604-46b0-9db3-c37bd93f3305\">Baixar<\/a><\/div>\n","protected":false},"excerpt":{"rendered":"<p>Informamos que est\u00e1 dispon\u00edvel a publica\u00e7\u00e3o do PAAR &#8211; Plano Anual de Aplica\u00e7\u00e3o de Recursos da PNAB &#8211; Pol\u00edtica Nacional Aldir Blanc. Este documento estabelece as diretrizes e a distribui\u00e7\u00e3o dos recursos destinados ao fomento das atividades culturais no \u00e2mbito da Lei Aldir Blanc. O PAAR detalha de forma minuciosa os crit\u00e9rios de aloca\u00e7\u00e3o de &hellip;<\/p>\n","protected":false},"author":1,"featured_media":0,"parent":0,"menu_order":0,"comment_status":"closed","ping_status":"closed","template":"","meta":{"footnotes":""},"class_list":["post-12891","page","type-page","status-publish",""],"_links":{"self":[{"href":"https:\/\/monsenhorpaulo.mg.gov.br\/site\/wp-json\/wp\/v2\/pages\/12891","targetHints":{"allow":["GET"]}}],"collection":[{"href":"https:\/\/monsenhorpaulo.mg.gov.br\/site\/wp-json\/wp\/v2\/pages"}],"about":[{"href":"https:\/\/monsenhorpaulo.mg.gov.br\/site\/wp-json\/wp\/v2\/types\/page"}],"author":[{"embeddable":true,"href":"https:\/\/monsenhorpaulo.mg.gov.br\/site\/wp-json\/wp\/v2\/users\/1"}],"replies":[{"embeddable":true,"href":"https:\/\/monsenhorpaulo.mg.gov.br\/site\/wp-json\/wp\/v2\/comments?post=12891"}],"version-history":[{"count":5,"href":"https:\/\/monsenhorpaulo.mg.gov.br\/site\/wp-json\/wp\/v2\/pages\/12891\/revisions"}],"predecessor-version":[{"id":12931,"href":"https:\/\/monsenhorpaulo.mg.gov.br\/site\/wp-json\/wp\/v2\/pages\/12891\/revisions\/12931"}],"wp:attachment":[{"href":"https:\/\/monsenhorpaulo.mg.gov.br\/site\/wp-json\/wp\/v2\/media?parent=12891"}],"curies":[{"name":"wp","href":"https:\/\/api.w.org\/{rel}","templated":true}]}}