{"id":12180,"date":"2023-11-10T09:29:54","date_gmt":"2023-11-10T12:29:54","guid":{"rendered":"https:\/\/monsenhorpaulo.mg.gov.br\/site\/?page_id=12180"},"modified":"2025-05-26T14:02:21","modified_gmt":"2025-05-26T17:02:21","slug":"politica-nacional-aldir-blanc","status":"publish","type":"page","link":"https:\/\/monsenhorpaulo.mg.gov.br\/site\/politica-nacional-aldir-blanc\/","title":{"rendered":""},"content":{"rendered":"<section class=\"kc-elm kc-css-967917 kc_row\"><div class=\"kc-row-container  kc-container\"><div class=\"kc-wrap-columns\"><div class=\"kc-elm kc-css-663499 kc_col-sm-12 kc_column kc_col-sm-12\"><div class=\"kc-col-container\"><div class=\"kc-elm kc-css-340115 kc_shortcode kc_single_image\">\n\n        <img decoding=\"async\" src=\"https:\/\/monsenhorpaulo.mg.gov.br\/site\/wp-content\/uploads\/2024\/11\/WhatsApp-Image-2024-11-13-at-16.50.35.jpeg\" class=\"\" alt=\"\" \/>    <\/div>\n\n<div class=\"kc-elm kc-css-812331 kc-title-wrap \">\n\n\t<h1 class=\"kc_title\">EDITAL DE CHAMAMENTO P\u00daBLICO N\u00ba 01\/2024<\/h1>\n<\/div>\n\n<div class=\"kc-elm kc-css-983568 kc-title-wrap \">\n\n\t<h1 class=\"kc_title\">SELE\u00c7\u00c3O DE PROJETOS PARA FIRMAR TERMO DE EXECU\u00c7\u00c3O CULTURAL COM RECURSOS DA POL\u00cdTICA NACIONAL ALDIR BLANC DE FOMENTO \u00c0 CULTURA \u2013 PNAB (LEI N\u00ba 14.399\/2022)<\/h1>\n<\/div>\n<\/div><\/div><\/div><\/div><\/section><section class=\"kc-elm kc-css-823408 kc_row\"><div class=\"kc-row-container  kc-container\"><div class=\"kc-wrap-columns\"><div class=\"kc-elm kc-css-467089 kc_col-sm-6 kc_column kc_col-sm-6\"><div class=\"kc-col-container\">\n<div class=\"kc-elm kc-css-441586 kc-animated kc-animate-eff-fadeInUp kc-animate-speed-1s\">\n\t<a class=\"kc_button\" href=\"https:\/\/monsenhorpaulo.mg.gov.br\/site\/wp-content\/uploads\/2024\/11\/edital-01-aldir-blanc.pdf\" target=\"_blank\" title=\"EDITAL POL\u00cdTICA NACIONAL ALDIR BLANC\" onclick=\"\">\n\t\tEdital Geral\t<\/a>\n<\/div>\n\n<div class=\"kc-elm kc-css-66956 kc-animated kc-animate-eff-fadeInUp kc-animate-speed-1s\">\n\t<a class=\"kc_button\" href=\"https:\/\/monsenhorpaulo.mg.gov.br\/site\/wp-content\/uploads\/2025\/04\/RETIFICACAO-EDITAL-1-MONSENHOR-PAULO-1.pdf\" target=\"_blank\" title=\"EDITAL POL\u00cdTICA NACIONAL ALDIR BLANC\" onclick=\"\">\n\t\tRetifica\u00e7\u00e3o Edital\t<\/a>\n<\/div>\n\n<div class=\"kc-elm kc-css-537139 kc-animated kc-animate-eff-fadeInUp kc-animate-speed-1s\">\n\t<a class=\"kc_button\" href=\"https:\/\/monsenhorpaulo.mg.gov.br\/site\/wp-content\/uploads\/2025\/05\/MSP-PNAB-EDITAL-012024-RETIFICADO.pdf\" target=\"_blank\" title=\"EDITAL POL\u00cdTICA NACIONAL ALDIR BLANC\" onclick=\"\">\n\t\tResultado Provis\u00f3rio Edital 01\/24\t<\/a>\n<\/div>\n\n<div class=\"kc-elm kc-css-85909 kc-animated kc-animate-eff-fadeInUp kc-animate-speed-1s\">\n\t<a class=\"kc_button\" href=\"https:\/\/monsenhorpaulo.mg.gov.br\/site\/wp-content\/uploads\/2025\/05\/MSP-PNAB-EDITAL-012024-RESULTADO-FINAL.pdf\" target=\"_blank\" title=\"EDITAL POL\u00cdTICA NACIONAL ALDIR BLANC\" onclick=\"\">\n\t\tResultado Final Edital 01\/24\t<\/a>\n<\/div>\n<\/div><\/div><div class=\"kc-elm kc-css-229576 kc_col-sm-6 kc_column kc_col-sm-6\"><div class=\"kc-col-container\">\n<div class=\"kc-elm kc-css-572328 kc-animated kc-animate-eff-fadeInUp kc-animate-speed-1s\">\n\t<a class=\"kc_button\" href=\"https:\/\/monsenhorpaulo.mg.gov.br\/site\/wp-content\/uploads\/2024\/11\/edital-02-aldir-blanc-rural.pdf\" target=\"_blank\" title=\"EDITAL POL\u00cdTICA NACIONAL ALDIR BLANC\" onclick=\"\">\n\t\tEdital Zona Rural\t<\/a>\n<\/div>\n\n<div class=\"kc-elm kc-css-759019 kc-animated kc-animate-eff-fadeInUp kc-animate-speed-1s\">\n\t<a class=\"kc_button\" href=\"https:\/\/monsenhorpaulo.mg.gov.br\/site\/wp-content\/uploads\/2025\/04\/RETIFICACAO-EDITAL-2-MONSENHOR-PAULO-1.pdf\" target=\"_blank\" title=\"EDITAL POL\u00cdTICA NACIONAL ALDIR BLANC\" onclick=\"\">\n\t\tRetifica\u00e7\u00e3o Edital Zona Rural\t<\/a>\n<\/div>\n\n<div class=\"kc-elm kc-css-346273 kc-animated kc-animate-eff-fadeInUp kc-animate-speed-1s\">\n\t<a class=\"kc_button\" href=\"https:\/\/monsenhorpaulo.mg.gov.br\/site\/wp-content\/uploads\/2025\/05\/MSP-PNAB-022024.pdf\" target=\"_blank\" title=\"EDITAL POL\u00cdTICA NACIONAL ALDIR BLANC\" onclick=\"\">\n\t\tResultado Provis\u00f3rio Edital 02\/24\t<\/a>\n<\/div>\n\n<div class=\"kc-elm kc-css-778824 kc-animated kc-animate-eff-fadeInUp kc-animate-speed-1s\">\n\t<a class=\"kc_button\" href=\"https:\/\/monsenhorpaulo.mg.gov.br\/site\/wp-content\/uploads\/2025\/05\/MSP-PNAB-EDITAL-022024-RESULTADO-FINAL.pdf\" target=\"_blank\" title=\"EDITAL POL\u00cdTICA NACIONAL ALDIR BLANC\" onclick=\"\">\n\t\tResultado Final Edital 02\/24\t<\/a>\n<\/div>\n<\/div><\/div><\/div><\/div><\/section><section class=\"kc-elm kc-css-37916 kc_row\"><div class=\"kc-row-container  kc-container\"><div class=\"kc-wrap-columns\"><div class=\"kc-elm kc-css-849409 kc_col-sm-9 kc_column kc_col-sm-9\"><div class=\"kc-col-container\"><div class=\"kc-elm kc-css-688085 kc_text_block\"><p><font face=\"Times New Roman, serif\">testo<\/font><\/p>\n<\/div><\/div><\/div><div class=\"kc-elm kc-css-188228 kc_col-of-5 kc_column kc_col-of-5\"><div class=\"kc-col-container\">\n<div class=\"kc-elm kc-css-266825\">\n\t<a class=\"kc_button\" href=\"https:\/\/monsenhorpaulo.mg.gov.br\/site\/wp-content\/uploads\/2023\/12\/novo-cronograma-demais-segmentos.pdf\" target=\"_blank\" title=\"\" onclick=\"\">\n\t\t<i class=\"fa-arrow-circle-down\"><\/i> Baixar\t<\/a>\n<\/div>\n<\/div><\/div><\/div><\/div><\/section>\n","protected":false},"excerpt":{"rendered":"<p>EDITAL DE CHAMAMENTO P\u00daBLICO N\u00ba 01\/2024 SELE\u00c7\u00c3O DE PROJETOS PARA FIRMAR TERMO DE EXECU\u00c7\u00c3O CULTURAL COM RECURSOS DA POL\u00cdTICA NACIONAL ALDIR BLANC DE FOMENTO \u00c0 CULTURA \u2013 PNAB (LEI N\u00ba 14.399\/2022) Edital Geral Retifica\u00e7\u00e3o Edital Resultado Provis\u00f3rio Edital 01\/24 Resultado Final Edital 01\/24 Edital Zona Rural Retifica\u00e7\u00e3o Edital Zona Rural Resultado Provis\u00f3rio Edital 02\/24 Resultado &hellip;<\/p>\n","protected":false},"author":1,"featured_media":0,"parent":0,"menu_order":0,"comment_status":"closed","ping_status":"closed","template":"","meta":{"footnotes":""},"class_list":["post-12180","page","type-page","status-publish",""],"_links":{"self":[{"href":"https:\/\/monsenhorpaulo.mg.gov.br\/site\/wp-json\/wp\/v2\/pages\/12180","targetHints":{"allow":["GET"]}}],"collection":[{"href":"https:\/\/monsenhorpaulo.mg.gov.br\/site\/wp-json\/wp\/v2\/pages"}],"about":[{"href":"https:\/\/monsenhorpaulo.mg.gov.br\/site\/wp-json\/wp\/v2\/types\/page"}],"author":[{"embeddable":true,"href":"https:\/\/monsenhorpaulo.mg.gov.br\/site\/wp-json\/wp\/v2\/users\/1"}],"replies":[{"embeddable":true,"href":"https:\/\/monsenhorpaulo.mg.gov.br\/site\/wp-json\/wp\/v2\/comments?post=12180"}],"version-history":[{"count":53,"href":"https:\/\/monsenhorpaulo.mg.gov.br\/site\/wp-json\/wp\/v2\/pages\/12180\/revisions"}],"predecessor-version":[{"id":13675,"href":"https:\/\/monsenhorpaulo.mg.gov.br\/site\/wp-json\/wp\/v2\/pages\/12180\/revisions\/13675"}],"wp:attachment":[{"href":"https:\/\/monsenhorpaulo.mg.gov.br\/site\/wp-json\/wp\/v2\/media?parent=12180"}],"curies":[{"name":"wp","href":"https:\/\/api.w.org\/{rel}","templated":true}]}}