{"id":11865,"date":"2023-08-03T16:48:35","date_gmt":"2023-08-03T19:48:35","guid":{"rendered":"https:\/\/monsenhorpaulo.mg.gov.br\/site\/?page_id=11865"},"modified":"2023-08-04T10:58:35","modified_gmt":"2023-08-04T13:58:35","slug":"retencaodeirrfnospagamento","status":"publish","type":"page","link":"https:\/\/monsenhorpaulo.mg.gov.br\/site\/retencaodeirrfnospagamento\/","title":{"rendered":"RETEN\u00c7\u00c3O DE IR RF NOS PAGAMENTO A FORNECEDORES REGRAMENTO MUNICIPAL"},"content":{"rendered":"<section class=\"kc-elm kc-css-598413 kc_row\"><div class=\"kc-row-container  kc-container\"><div class=\"kc-wrap-columns\"><div class=\"kc-elm kc-css-405567 kc_col-sm-9 kc_column kc_col-sm-9\"><div class=\"kc-col-container\"><div class=\"kc-elm kc-css-238878 kc_text_block\"><p><font face=\"Times New Roman, serif\">ANEXO III &#8211; MODELO &#8211; DECLARA\u00c7\u00c3O<\/font><\/p>\n<\/div><\/div><\/div><div class=\"kc-elm kc-css-105252 kc_col-of-5 kc_column kc_col-of-5\"><div class=\"kc-col-container\">\n<div class=\"kc-elm kc-css-863954\">\n\t<a class=\"kc_button\" href=\"https:\/\/monsenhorpaulo.mg.gov.br\/site\/wp-content\/uploads\/2023\/08\/ANEXO-II-DECRETO-73-2023-INSTITUICAO-DE-EDUCACAO-E-DE-ASSISTENCIA-SOCIAL.docx\" target=\"_blank\" title=\"\" onclick=\"\">\n\t\t<i class=\"fa-arrow-circle-down\"><\/i> Baixar\t<\/a>\n<\/div>\n<\/div><\/div><\/div><\/div><\/section><section class=\"kc-elm kc-css-60713 kc_row\"><div class=\"kc-row-container  kc-container\"><div class=\"kc-wrap-columns\"><div class=\"kc-elm kc-css-802573 kc_col-sm-9 kc_column kc_col-sm-9\"><div class=\"kc-col-container\"><div class=\"kc-elm kc-css-662907 kc_text_block\"><p><font face=\"Times New Roman, serif\">DECRETO N\u00ba 73\/2023 &#8211; DISP\u00d5E SOBRE A RETEN\u00c7\u00c3O DE IMPOSTO DE RENDA NA FONTE NOS PAGAMENTOS A FORNECEDORES POR \u00d3RG\u00c3OS E ENTIDADES DA ADMINISTRA\u00c7\u00c3O P\u00daBLICA DIRETA E INDIRETA DO MUNIC\u00cdPIO DE MONSENHOR PAULO E D\u00c1 OUTRAS PROVID\u00caNCIAS.<\/font><\/p>\n<\/div><\/div><\/div><div class=\"kc-elm kc-css-866982 kc_col-of-5 kc_column kc_col-of-5\"><div class=\"kc-col-container\">\n<div class=\"kc-elm kc-css-558950\">\n\t<a class=\"kc_button\" href=\"https:\/\/monsenhorpaulo.mg.gov.br\/site\/wp-content\/uploads\/2023\/08\/dECRETO-73-2023.pdf\" target=\"_blank\" title=\"\" onclick=\"\">\n\t\t<i class=\"fa-arrow-circle-down\"><\/i> Baixar\t<\/a>\n<\/div>\n<\/div><\/div><\/div><\/div><\/section><section class=\"kc-elm kc-css-300271 kc_row\"><div class=\"kc-row-container  kc-container\"><div class=\"kc-wrap-columns\"><div class=\"kc-elm kc-css-86159 kc_col-sm-9 kc_column kc_col-sm-9\"><div class=\"kc-col-container\"><div class=\"kc-elm kc-css-500231 kc_text_block\"><p><font face=\"Times New Roman, serif\">MANUAL DO IMPOSTO SOBRE A RENDA RETIDO NA FONTE<\/font><\/p>\n<\/div><\/div><\/div><div class=\"kc-elm kc-css-791145 kc_col-of-5 kc_column kc_col-of-5\"><div class=\"kc-col-container\">\n<div class=\"kc-elm kc-css-504534\">\n\t<a class=\"kc_button\" href=\"https:\/\/monsenhorpaulo.mg.gov.br\/site\/wp-content\/uploads\/2023\/08\/Mafon-2023-versao-1.0-23022023.pdf\" target=\"_blank\" title=\"\" onclick=\"\">\n\t\t<i class=\"fa-arrow-circle-down\"><\/i> Baixar\t<\/a>\n<\/div>\n<\/div><\/div><\/div><\/div><\/section><section class=\"kc-elm kc-css-858292 kc_row\"><div class=\"kc-row-container  kc-container\"><div class=\"kc-wrap-columns\"><div class=\"kc-elm kc-css-908902 kc_col-sm-9 kc_column kc_col-sm-9\"><div class=\"kc-col-container\"><div class=\"kc-elm kc-css-591024 kc_text_block\"><p><font face=\"Times New Roman, serif\">INSTRU\u00c7\u00c3O NORMATIVA RFB N\u00ba 1234, DE 11 DE JANEIRO DE 2012<\/font><\/p>\n<\/div><\/div><\/div><div class=\"kc-elm kc-css-970368 kc_col-of-5 kc_column kc_col-of-5\"><div class=\"kc-col-container\">\n<div class=\"kc-elm kc-css-293892\">\n\t<a class=\"kc_button\" href=\"https:\/\/monsenhorpaulo.mg.gov.br\/site\/wp-content\/uploads\/2023\/08\/INSTRUCAO-NORMATIVA-RFB-1234-2012.pdf\" target=\"_blank\" title=\"\" onclick=\"\">\n\t\t<i class=\"fa-arrow-circle-down\"><\/i> Baixar\t<\/a>\n<\/div>\n<\/div><\/div><\/div><\/div><\/section><section class=\"kc-elm kc-css-319192 kc_row\"><div class=\"kc-row-container  kc-container\"><div class=\"kc-wrap-columns\"><div class=\"kc-elm kc-css-250367 kc_col-sm-9 kc_column kc_col-sm-9\"><div class=\"kc-col-container\"><div class=\"kc-elm kc-css-210206 kc_text_block\"><p><font face=\"Times New Roman, serif\">ANEXO I DECRETO 73-2023 NOTIFICA\u00c7\u00c3O AO FORNECEDOR<\/font><\/p>\n<\/div><\/div><\/div><div class=\"kc-elm kc-css-237352 kc_col-of-5 kc_column kc_col-of-5\"><div class=\"kc-col-container\">\n<div class=\"kc-elm kc-css-33819\">\n\t<a class=\"kc_button\" href=\"https:\/\/monsenhorpaulo.mg.gov.br\/site\/wp-content\/uploads\/2023\/08\/ANEXO-I-DECRETO-73-2023-NOTIFICACAO-AO-FORNECEDOR.pdf\" target=\"_blank\" title=\"\" onclick=\"\">\n\t\t<i class=\"fa-arrow-circle-down\"><\/i> Baixar\t<\/a>\n<\/div>\n<\/div><\/div><\/div><\/div><\/section><section class=\"kc-elm kc-css-181515 kc_row\"><div class=\"kc-row-container  kc-container\"><div class=\"kc-wrap-columns\"><div class=\"kc-elm kc-css-858575 kc_col-sm-9 kc_column kc_col-sm-9\"><div class=\"kc-col-container\"><div class=\"kc-elm kc-css-101404 kc_text_block\"><p><font face=\"Times New Roman, serif\">ANEXO IV &#8211; MODELO &#8211; DECLARA\u00c7\u00c3O DE N\u00c3O INCID\u00caNCIA NA FONTE DO IR \u2013 ENTIDADE SEM FINS LUCRATIVOS<\/font><\/p>\n<\/div><\/div><\/div><div class=\"kc-elm kc-css-396450 kc_col-of-5 kc_column kc_col-of-5\"><div class=\"kc-col-container\">\n<div class=\"kc-elm kc-css-368744\">\n\t<a class=\"kc_button\" href=\"https:\/\/monsenhorpaulo.mg.gov.br\/site\/wp-content\/uploads\/2023\/08\/ANEXO-IV-DECRETO-73-2023-ENTIDADE-SEM-FINS-LUCRATIVOS.docx\" target=\"_blank\" title=\"\" onclick=\"\">\n\t\t<i class=\"fa-arrow-circle-down\"><\/i> Baixar\t<\/a>\n<\/div>\n<\/div><\/div><\/div><\/div><\/section><section class=\"kc-elm kc-css-548443 kc_row\"><div class=\"kc-row-container  kc-container\"><div class=\"kc-wrap-columns\"><div class=\"kc-elm kc-css-166484 kc_col-sm-9 kc_column kc_col-sm-9\"><div class=\"kc-col-container\"><div class=\"kc-elm kc-css-324690 kc_text_block\"><p><font face=\"Times New Roman, serif\">ANEXO V &#8211; MODELO &#8211; DECLARA\u00c7\u00c3O DE N\u00c3O INCID\u00caNCIA NA FONTE DO IR \u2013 SIMPLES NACIONAL<\/font><\/p>\n<\/div><\/div><\/div><div class=\"kc-elm kc-css-855974 kc_col-of-5 kc_column kc_col-of-5\"><div class=\"kc-col-container\">\n<div class=\"kc-elm kc-css-591951\">\n\t<a class=\"kc_button\" href=\"https:\/\/monsenhorpaulo.mg.gov.br\/site\/wp-content\/uploads\/2023\/08\/ANEXO-V-DECRETO-73-2023-SIMPLES-NACIONAL.docx\" target=\"_blank\" title=\"\" onclick=\"\">\n\t\t<i class=\"fa-arrow-circle-down\"><\/i> Baixar\t<\/a>\n<\/div>\n<\/div><\/div><\/div><\/div><\/section><section class=\"kc-elm kc-css-889777 kc_row\"><div class=\"kc-row-container  kc-container\"><div class=\"kc-wrap-columns\"><div class=\"kc-elm kc-css-834209 kc_col-sm-9 kc_column kc_col-sm-9\"><div class=\"kc-col-container\"><div class=\"kc-elm kc-css-719697 kc_text_block\"><p><font face=\"Times New Roman, serif\">LEI N\u00ba 9.430, DE 27 DE DEZEMBRO DE 1996 &#8211; Disp\u00f5e sobre a legisla\u00e7\u00e3o tribut\u00e1ria federal, as contribui\u00e7\u00f5es para a seguridade social, o processo administrativo de consulta e d\u00e1 outras provid\u00eancias<\/font><\/p>\n<\/div><\/div><\/div><div class=\"kc-elm kc-css-22617 kc_col-of-5 kc_column kc_col-of-5\"><div class=\"kc-col-container\">\n<div class=\"kc-elm kc-css-565138\">\n\t<a class=\"kc_button\" href=\"https:\/\/monsenhorpaulo.mg.gov.br\/site\/wp-content\/uploads\/2023\/08\/LEI-9430-1996.pdf\" target=\"_blank\" title=\"\" onclick=\"\">\n\t\t<i class=\"fa-arrow-circle-down\"><\/i> Baixar\t<\/a>\n<\/div>\n<\/div><\/div><\/div><\/div><\/section>\n","protected":false},"excerpt":{"rendered":"<p>ANEXO III &#8211; MODELO &#8211; DECLARA\u00c7\u00c3O Baixar DECRETO N\u00ba 73\/2023 &#8211; DISP\u00d5E SOBRE A RETEN\u00c7\u00c3O DE IMPOSTO DE RENDA NA FONTE NOS PAGAMENTOS A FORNECEDORES POR \u00d3RG\u00c3OS E ENTIDADES DA ADMINISTRA\u00c7\u00c3O P\u00daBLICA DIRETA E INDIRETA DO MUNIC\u00cdPIO DE MONSENHOR PAULO E D\u00c1 OUTRAS PROVID\u00caNCIAS. Baixar MANUAL DO IMPOSTO SOBRE A RENDA RETIDO NA FONTE Baixar &hellip;<\/p>\n","protected":false},"author":1,"featured_media":0,"parent":0,"menu_order":0,"comment_status":"closed","ping_status":"closed","template":"","meta":{"footnotes":""},"class_list":["post-11865","page","type-page","status-publish",""],"_links":{"self":[{"href":"https:\/\/monsenhorpaulo.mg.gov.br\/site\/wp-json\/wp\/v2\/pages\/11865","targetHints":{"allow":["GET"]}}],"collection":[{"href":"https:\/\/monsenhorpaulo.mg.gov.br\/site\/wp-json\/wp\/v2\/pages"}],"about":[{"href":"https:\/\/monsenhorpaulo.mg.gov.br\/site\/wp-json\/wp\/v2\/types\/page"}],"author":[{"embeddable":true,"href":"https:\/\/monsenhorpaulo.mg.gov.br\/site\/wp-json\/wp\/v2\/users\/1"}],"replies":[{"embeddable":true,"href":"https:\/\/monsenhorpaulo.mg.gov.br\/site\/wp-json\/wp\/v2\/comments?post=11865"}],"version-history":[{"count":8,"href":"https:\/\/monsenhorpaulo.mg.gov.br\/site\/wp-json\/wp\/v2\/pages\/11865\/revisions"}],"predecessor-version":[{"id":11883,"href":"https:\/\/monsenhorpaulo.mg.gov.br\/site\/wp-json\/wp\/v2\/pages\/11865\/revisions\/11883"}],"wp:attachment":[{"href":"https:\/\/monsenhorpaulo.mg.gov.br\/site\/wp-json\/wp\/v2\/media?parent=11865"}],"curies":[{"name":"wp","href":"https:\/\/api.w.org\/{rel}","templated":true}]}}