{"id":11278,"date":"2022-11-09T16:06:55","date_gmt":"2022-11-09T19:06:55","guid":{"rendered":"https:\/\/monsenhorpaulo.mg.gov.br\/site\/?page_id=11278"},"modified":"2025-06-16T11:10:01","modified_gmt":"2025-06-16T14:10:01","slug":"leis-ordinarias","status":"publish","type":"page","link":"https:\/\/monsenhorpaulo.mg.gov.br\/site\/leis-ordinarias\/","title":{"rendered":"Leis Ordin\u00e1rias"},"content":{"rendered":"<section class=\"kc-elm kc-css-889848 kc_row\"><div class=\"kc-row-container  kc-container\"><div class=\"kc-wrap-columns\"><div class=\"kc-elm kc-css-550353 kc_col-sm-9 kc_column kc_col-sm-9\"><div class=\"kc-col-container\"><div class=\"kc-elm kc-css-506872 kc_text_block\"><p><span style=\"color: rgb(34, 34, 34); font-family: Arial, Helvetica, sans-serif; font-size: small;\">Lei n\u00ba 1.805 de 11 de setembro de 2023: Institui o Programa Especial de Anistia e Parcelamento (PROEAP).<\/span><\/p>\n<\/div><\/div><\/div><div class=\"kc-elm kc-css-226394 kc_col-of-5 kc_column kc_col-of-5\"><div class=\"kc-col-container\">\n<div class=\"kc-elm kc-css-903107\">\n\t<a class=\"kc_button\" href=\"https:\/\/monsenhorpaulo.mg.gov.br\/site\/wp-content\/uploads\/2023\/09\/lei-1805-2023proeap.pdf\" target=\"_blank\" title=\"\" onclick=\"\">\n\t\t<i class=\"fa-arrow-circle-down\"><\/i> Baixar\t<\/a>\n<\/div>\n<\/div><\/div><\/div><\/div><\/section><section class=\"kc-elm kc-css-708188 kc_row\"><div class=\"kc-row-container  kc-container\"><div class=\"kc-wrap-columns\"><div class=\"kc-elm kc-css-117677 kc_col-sm-9 kc_column kc_col-sm-9\"><div class=\"kc-col-container\"><div class=\"kc-elm kc-css-285513 kc_text_block\"><p>Lei n\u00ba 1.775 de 14 de mar\u00e7o de 2023: Revoga o \u00a73\u00ba, do art. 3\u00ba da Lei Municipal 1.755 de 23 de novembro de 2022 e d\u00e1 outras provid\u00eancias.<\/p>\n<\/div><\/div><\/div><div class=\"kc-elm kc-css-239244 kc_col-of-5 kc_column kc_col-of-5\"><div class=\"kc-col-container\">\n<div class=\"kc-elm kc-css-213680\">\n\t<a class=\"kc_button\" href=\"https:\/\/monsenhorpaulo.mg.gov.br\/site\/wp-content\/uploads\/2023\/03\/Lei-1775-2023.pdf\" target=\"_blank\" title=\"\" onclick=\"\">\n\t\t<i class=\"fa-arrow-circle-down\"><\/i> Baixar\t<\/a>\n<\/div>\n<\/div><\/div><\/div><\/div><\/section><section class=\"kc-elm kc-css-314863 kc_row\"><div class=\"kc-row-container  kc-container\"><div class=\"kc-wrap-columns\"><div class=\"kc-elm kc-css-215196 kc_col-sm-9 kc_column kc_col-sm-9\"><div class=\"kc-col-container\"><div class=\"kc-elm kc-css-308952 kc_text_block\"><p>Lei n\u00ba 1.755 de 23 de novembro de 2022: Disp\u00f5e sobre a cobran\u00e7a de d\u00e9bitos inscritos em d\u00edvida ativa mediante protesto em cart\u00f3rio autorizado pela Lei n\u00ba 1.748\/2022 e d\u00e1 outras provid\u00eancias.<\/p>\n<\/div><\/div><\/div><div class=\"kc-elm kc-css-273990 kc_col-of-5 kc_column kc_col-of-5\"><div class=\"kc-col-container\">\n<div class=\"kc-elm kc-css-221455\">\n\t<a class=\"kc_button\" href=\"https:\/\/monsenhorpaulo.mg.gov.br\/site\/wp-content\/uploads\/2023\/03\/Lei-1755-2022.pdf\" target=\"_blank\" title=\"\" onclick=\"\">\n\t\t<i class=\"fa-arrow-circle-down\"><\/i> Baixar\t<\/a>\n<\/div>\n<\/div><\/div><\/div><\/div><\/section><section class=\"kc-elm kc-css-903110 kc_row\"><div class=\"kc-row-container  kc-container\"><div class=\"kc-wrap-columns\"><div class=\"kc-elm kc-css-443651 kc_col-sm-9 kc_column kc_col-sm-9\"><div class=\"kc-col-container\"><div class=\"kc-elm kc-css-888230 kc_text_block\"><p><font face=\"Times New Roman, serif\">Lei n\u00ba 1.748 de 26 de outubro de 2022:\u00a0 Estabelece valor de al\u00e7ada para ajuizamento de execu\u00e7\u00f5es fiscais, estabelece procedimentos para protesto extrajudicial, cobran\u00e7a banc\u00e1ria e cobran\u00e7a administrativa.<\/font><\/p>\n<\/div><\/div><\/div><div class=\"kc-elm kc-css-317646 kc_col-of-5 kc_column kc_col-of-5\"><div class=\"kc-col-container\">\n<div class=\"kc-elm kc-css-888180\">\n\t<a class=\"kc_button\" href=\"https:\/\/monsenhorpaulo.mg.gov.br\/site\/wp-content\/uploads\/2022\/11\/Lei-1748-2022.pdf\" target=\"_blank\" title=\"\" onclick=\"\">\n\t\t<i class=\"fa-arrow-circle-down\"><\/i> Baixar\t<\/a>\n<\/div>\n<\/div><\/div><\/div><\/div><\/section><section class=\"kc-elm kc-css-79702 kc_row\"><div class=\"kc-row-container  kc-container\"><div class=\"kc-wrap-columns\"><div class=\"kc-elm kc-css-220807 kc_col-sm-9 kc_column kc_col-sm-9\"><div class=\"kc-col-container\"><div class=\"kc-elm kc-css-840784 kc_text_block\"><p>Lei n\u00ba 1.184 de 21 de outubro de 2022: C\u00f3digo Administrativo e de Postura.<\/p>\n<\/div><\/div><\/div><div class=\"kc-elm kc-css-581524 kc_col-of-5 kc_column kc_col-of-5\"><div class=\"kc-col-container\">\n<div class=\"kc-elm kc-css-278830\">\n\t<a class=\"kc_button\" href=\"https:\/\/monsenhorpaulo.mg.gov.br\/site\/wp-content\/uploads\/2022\/11\/Lei-1184-2002.pdf\" target=\"_blank\" title=\"\" onclick=\"\">\n\t\t<i class=\"fa-arrow-circle-down\"><\/i> Baixar\t<\/a>\n<\/div>\n<\/div><\/div><\/div><\/div><\/section><section class=\"kc-elm kc-css-776682 kc_row\"><div class=\"kc-row-container  kc-container\"><div class=\"kc-wrap-columns\"><div class=\"kc-elm kc-css-97683 kc_col-sm-9 kc_column kc_col-sm-9\"><div class=\"kc-col-container\"><div class=\"kc-elm kc-css-475106 kc_text_block\"><p class=\"MsoNormal\" style=\"margin-bottom:0cm;text-align:justify;line-height: 150%\"><font face=\"Times New Roman, serif\">Lei n\u00ba 1.679 de 14 de junho de 2021: Disp\u00f5e sobre a regulariza\u00e7\u00e3o de constru\u00e7\u00f5es irregulares ou n\u00e3o licenciadas pela Prefeitura de Monsenhor Paulo.<\/font><\/p>\n<\/div><\/div><\/div><div class=\"kc-elm kc-css-176048 kc_col-of-5 kc_column kc_col-of-5\"><div class=\"kc-col-container\">\n<div class=\"kc-elm kc-css-371099\">\n\t<a class=\"kc_button\" href=\"https:\/\/monsenhorpaulo.mg.gov.br\/site\/wp-content\/uploads\/2022\/11\/Lei-1679-2021.pdf\" target=\"_blank\" title=\"\" onclick=\"\">\n\t\t<i class=\"fa-arrow-circle-down\"><\/i> Baixar\t<\/a>\n<\/div>\n<\/div><\/div><\/div><\/div><\/section><section class=\"kc-elm kc-css-617766 kc_row\"><div class=\"kc-row-container  kc-container\"><div class=\"kc-wrap-columns\"><div class=\"kc-elm kc-css-936831 kc_col-sm-9 kc_column kc_col-sm-9\"><div class=\"kc-col-container\"><div class=\"kc-elm kc-css-850331 kc_text_block\"><p class=\"MsoNormal\" style=\"margin-bottom:0cm;text-align:justify;line-height: 150%\"><font face=\"Times New Roman, serif\">Lei n\u00ba 1.663\/2021: Institui o Programa Especial de Anistia e Parcelamento (PROEAP).\u00a0<\/font><\/p>\n<\/div><\/div><\/div><div class=\"kc-elm kc-css-129804 kc_col-of-5 kc_column kc_col-of-5\"><div class=\"kc-col-container\">\n<div class=\"kc-elm kc-css-480891\">\n\t<a class=\"kc_button\" href=\"https:\/\/monsenhorpaulo.mg.gov.br\/site\/wp-content\/uploads\/2022\/11\/Lei-1663-2021.pdf\" target=\"_blank\" title=\"\" onclick=\"\">\n\t\t<i class=\"fa-arrow-circle-down\"><\/i> Baixar\t<\/a>\n<\/div>\n<\/div><\/div><\/div><\/div><\/section><section class=\"kc-elm kc-css-69861 kc_row\"><div class=\"kc-row-container  kc-container\"><div class=\"kc-wrap-columns\"><div class=\"kc-elm kc-css-996999 kc_col-sm-9 kc_column kc_col-sm-9\"><div class=\"kc-col-container\"><div class=\"kc-elm kc-css-363182 kc_text_block\"><p>Lei n\u00ba 1.618 de 28 de agosto de 2019: Institui o Programa Especial de Anistia e Parcelamento (PROEAP).<\/p>\n<\/div><\/div><\/div><div class=\"kc-elm kc-css-174953 kc_col-of-5 kc_column kc_col-of-5\"><div class=\"kc-col-container\">\n<div class=\"kc-elm kc-css-424728\">\n\t<a class=\"kc_button\" href=\"https:\/\/monsenhorpaulo.mg.gov.br\/site\/wp-content\/uploads\/2022\/11\/Lei-1618-2019.pdf\" target=\"_blank\" title=\"\" onclick=\"\">\n\t\t<i class=\"fa-arrow-circle-down\"><\/i> Baixar\t<\/a>\n<\/div>\n<\/div><\/div><\/div><\/div><\/section><section class=\"kc-elm kc-css-474942 kc_row\"><div class=\"kc-row-container  kc-container\"><div class=\"kc-wrap-columns\"><div class=\"kc-elm kc-css-274986 kc_col-sm-9 kc_column kc_col-sm-9\"><div class=\"kc-col-container\"><div class=\"kc-elm kc-css-510794 kc_text_block\"><p><span style=\"font-style: inherit;\">Lei n\u00ba 1.594 de 20 de novembro de 2018: Disp\u00f5e sobre a contribui\u00e7\u00e3o para custeio do servi\u00e7o de ilumina\u00e7\u00e3o p\u00fablica &#8211; CIP, prevista no art. 149-A, da Constitui\u00e7\u00e3o Federal, para custeio dos servi\u00e7os de ilumina\u00e7\u00e3o p\u00fablica prestados aos contribuintes nas vias e logradouros p\u00fablicos de Monsenhor Paulo.<\/span><\/p>\n<\/div><\/div><\/div><div class=\"kc-elm kc-css-619710 kc_col-of-5 kc_column kc_col-of-5\"><div class=\"kc-col-container\">\n<div class=\"kc-elm kc-css-357293\">\n\t<a class=\"kc_button\" href=\"https:\/\/monsenhorpaulo.mg.gov.br\/site\/wp-content\/uploads\/2025\/06\/Lei-1594-2018-CIP-Iluminacao-Publica.pdf\" target=\"_blank\" title=\"\" onclick=\"\">\n\t\t<i class=\"fa-arrow-circle-down\"><\/i> Baixar\t<\/a>\n<\/div>\n<\/div><\/div><\/div><\/div><\/section><section class=\"kc-elm kc-css-15844 kc_row\"><div class=\"kc-row-container  kc-container\"><div class=\"kc-wrap-columns\"><div class=\"kc-elm kc-css-347873 kc_col-sm-9 kc_column kc_col-sm-9\"><div class=\"kc-col-container\"><div class=\"kc-elm kc-css-614983 kc_text_block\"><p>Lei n\u00ba 1.580 de 14 de agosto de 2018: Institui o Programa Especial de Anistia e Parcelamento (PROEAP).<\/p>\n<\/div><\/div><\/div><div class=\"kc-elm kc-css-864241 kc_col-of-5 kc_column kc_col-of-5\"><div class=\"kc-col-container\">\n<div class=\"kc-elm kc-css-823574\">\n\t<a class=\"kc_button\" href=\"https:\/\/monsenhorpaulo.mg.gov.br\/site\/wp-content\/uploads\/2022\/11\/Lei-1580-2018.pdf\" target=\"_blank\" title=\"\" onclick=\"\">\n\t\t<i class=\"fa-arrow-circle-down\"><\/i> Baixar\t<\/a>\n<\/div>\n<\/div><\/div><\/div><\/div><\/section><section class=\"kc-elm kc-css-323278 kc_row\"><div class=\"kc-row-container  kc-container\"><div class=\"kc-wrap-columns\"><div class=\"kc-elm kc-css-89921 kc_col-sm-9 kc_column kc_col-sm-9\"><div class=\"kc-col-container\"><div class=\"kc-elm kc-css-934120 kc_text_block\"><p>Lei n\u00ba 1.511 de 16 de agosto de 2017: Disp\u00f5e sobre a cria\u00e7\u00e3o do Programa de Anistia e Parcelamento Especial (PAPE), para cr\u00e9ditos tribut\u00e1rios municipais, devidos at\u00e9 31\/12\/2016.<\/p>\n<\/div><\/div><\/div><div class=\"kc-elm kc-css-50765 kc_col-of-5 kc_column kc_col-of-5\"><div class=\"kc-col-container\">\n<div class=\"kc-elm kc-css-902436\">\n\t<a class=\"kc_button\" href=\"https:\/\/monsenhorpaulo.mg.gov.br\/site\/wp-content\/uploads\/2022\/11\/Lei-1511-2017.pdf\" target=\"_blank\" title=\"\" onclick=\"\">\n\t\t<i class=\"fa-arrow-circle-down\"><\/i> Baixar\t<\/a>\n<\/div>\n<\/div><\/div><\/div><\/div><\/section><section class=\"kc-elm kc-css-388042 kc_row\"><div class=\"kc-row-container  kc-container\"><div class=\"kc-wrap-columns\"><div class=\"kc-elm kc-css-140116 kc_col-sm-9 kc_column kc_col-sm-9\"><div class=\"kc-col-container\"><div class=\"kc-elm kc-css-375248 kc_text_block\"><p>Lei n\u00ba 1.431 de 03 de dezembro de 2013: Institui a nota fiscal de servi\u00e7os eletr\u00f4nica e a Declara\u00e7\u00e3o eletr\u00f4nica de servi\u00e7os de institui\u00e7\u00f5es financeiras DES-IF.<\/p>\n<\/div><\/div><\/div><div class=\"kc-elm kc-css-69965 kc_col-of-5 kc_column kc_col-of-5\"><div class=\"kc-col-container\">\n<div class=\"kc-elm kc-css-511613\">\n\t<a class=\"kc_button\" href=\"https:\/\/monsenhorpaulo.mg.gov.br\/site\/wp-content\/uploads\/2022\/11\/Lei-1431-2013.pdf\" target=\"_blank\" title=\"\" onclick=\"\">\n\t\t<i class=\"fa-arrow-circle-down\"><\/i> Baixar\t<\/a>\n<\/div>\n<\/div><\/div><\/div><\/div><\/section><section class=\"kc-elm kc-css-293160 kc_row\"><div class=\"kc-row-container  kc-container\"><div class=\"kc-wrap-columns\"><div class=\"kc-elm kc-css-557417 kc_col-sm-9 kc_column kc_col-sm-9\"><div class=\"kc-col-container\"><div class=\"kc-elm kc-css-595088 kc_text_block\"><p>Lei n\u00ba 1.333 de 24 de maio de 2010: D\u00e1 nova reda\u00e7\u00e3o \u00e0 tabela de valores e o valor do metro quadrado de terreno.<\/p>\n<\/div><\/div><\/div><div class=\"kc-elm kc-css-538955 kc_col-of-5 kc_column kc_col-of-5\"><div class=\"kc-col-container\">\n<div class=\"kc-elm kc-css-12199\">\n\t<a class=\"kc_button\" href=\"https:\/\/monsenhorpaulo.mg.gov.br\/site\/wp-content\/uploads\/2022\/11\/Lei-1333-2010.pdf\" target=\"_blank\" title=\"\" onclick=\"\">\n\t\t<i class=\"fa-arrow-circle-down\"><\/i> Baixar\t<\/a>\n<\/div>\n<\/div><\/div><\/div><\/div><\/section><section class=\"kc-elm kc-css-753305 kc_row\"><div class=\"kc-row-container  kc-container\"><div class=\"kc-wrap-columns\"><div class=\"kc-elm kc-css-150898 kc_col-sm-9 kc_column kc_col-sm-9\"><div class=\"kc-col-container\"><div class=\"kc-elm kc-css-416320 kc_text_block\"><p>Lei n\u00ba 1.317 de 15 de dezembro de 2009: Disp\u00f5e sobre a Planta de Valores Imobili\u00e1rios do Munic\u00edpio.<\/p>\n<\/div><\/div><\/div><div class=\"kc-elm kc-css-537276 kc_col-of-5 kc_column kc_col-of-5\"><div class=\"kc-col-container\">\n<div class=\"kc-elm kc-css-600727\">\n\t<a class=\"kc_button\" href=\"https:\/\/monsenhorpaulo.mg.gov.br\/site\/wp-content\/uploads\/2022\/11\/Lei-1317-2009.pdf\" target=\"_blank\" title=\"\" onclick=\"\">\n\t\t<i class=\"fa-arrow-circle-down\"><\/i> Baixar\t<\/a>\n<\/div>\n<\/div><\/div><\/div><\/div><\/section><section class=\"kc-elm kc-css-21428 kc_row\"><div class=\"kc-row-container  kc-container\"><div class=\"kc-wrap-columns\"><div class=\"kc-elm kc-css-89933 kc_col-sm-9 kc_column kc_col-sm-9\"><div class=\"kc-col-container\"><div class=\"kc-elm kc-css-812577 kc_text_block\"><p class=\"MsoNormal\" style=\"margin-bottom:0cm;text-align:justify;line-height: 150%\"><span style=\"font-family:\"Times New Roman\",serif\">Lei n\u00ba 1.724 de 12 de<br \/>maio de 2022: Institui o Programa Especial de Anistia e Parcelamento (PROEAP)<o:p><\/o:p><\/span><\/p>\n<\/div><\/div><\/div><div class=\"kc-elm kc-css-334321 kc_col-of-5 kc_column kc_col-of-5\"><div class=\"kc-col-container\">\n<div class=\"kc-elm kc-css-514678\">\n\t<a class=\"kc_button\" href=\"https:\/\/monsenhorpaulo.mg.gov.br\/site\/wp-content\/uploads\/2022\/11\/Lei-1724-2022.pdf\" target=\"_blank\" title=\"\" onclick=\"\">\n\t\t<i class=\"fa-arrow-circle-down\"><\/i> Baixar\t<\/a>\n<\/div>\n<\/div><\/div><\/div><\/div><\/section>\n","protected":false},"excerpt":{"rendered":"<p>Lei n\u00ba 1.805 de 11 de setembro de 2023: Institui o Programa Especial de Anistia e Parcelamento (PROEAP). Baixar Lei n\u00ba 1.775 de 14 de mar\u00e7o de 2023: Revoga o \u00a73\u00ba, do art. 3\u00ba da Lei Municipal 1.755 de 23 de novembro de 2022 e d\u00e1 outras provid\u00eancias. Baixar Lei n\u00ba 1.755 de 23 de &hellip;<\/p>\n","protected":false},"author":1,"featured_media":0,"parent":0,"menu_order":0,"comment_status":"closed","ping_status":"closed","template":"","meta":{"footnotes":""},"class_list":["post-11278","page","type-page","status-publish",""],"_links":{"self":[{"href":"https:\/\/monsenhorpaulo.mg.gov.br\/site\/wp-json\/wp\/v2\/pages\/11278","targetHints":{"allow":["GET"]}}],"collection":[{"href":"https:\/\/monsenhorpaulo.mg.gov.br\/site\/wp-json\/wp\/v2\/pages"}],"about":[{"href":"https:\/\/monsenhorpaulo.mg.gov.br\/site\/wp-json\/wp\/v2\/types\/page"}],"author":[{"embeddable":true,"href":"https:\/\/monsenhorpaulo.mg.gov.br\/site\/wp-json\/wp\/v2\/users\/1"}],"replies":[{"embeddable":true,"href":"https:\/\/monsenhorpaulo.mg.gov.br\/site\/wp-json\/wp\/v2\/comments?post=11278"}],"version-history":[{"count":9,"href":"https:\/\/monsenhorpaulo.mg.gov.br\/site\/wp-json\/wp\/v2\/pages\/11278\/revisions"}],"predecessor-version":[{"id":13734,"href":"https:\/\/monsenhorpaulo.mg.gov.br\/site\/wp-json\/wp\/v2\/pages\/11278\/revisions\/13734"}],"wp:attachment":[{"href":"https:\/\/monsenhorpaulo.mg.gov.br\/site\/wp-json\/wp\/v2\/media?parent=11278"}],"curies":[{"name":"wp","href":"https:\/\/api.w.org\/{rel}","templated":true}]}}