{"id":11269,"date":"2022-11-09T15:53:05","date_gmt":"2022-11-09T18:53:05","guid":{"rendered":"https:\/\/monsenhorpaulo.mg.gov.br\/site\/?page_id=11269"},"modified":"2023-12-19T18:32:16","modified_gmt":"2023-12-19T21:32:16","slug":"leis-complementares","status":"publish","type":"page","link":"https:\/\/monsenhorpaulo.mg.gov.br\/site\/leis-complementares\/","title":{"rendered":"Leis Complementares"},"content":{"rendered":"<section class=\"kc-elm kc-css-831069 kc_row\"><div class=\"kc-row-container  kc-container\"><div class=\"kc-wrap-columns\"><div class=\"kc-elm kc-css-981556 kc_col-sm-9 kc_column kc_col-sm-9\"><div class=\"kc-col-container\"><div class=\"kc-elm kc-css-975195 kc_text_block\"><p><font face=\"Times New Roman, serif\">Lei Complementar 1.520 de 29 de setembro de 2017: Disp\u00f5e sobre o Sistema Tribut\u00e1rio Municipal e normas gerais de direito tribut\u00e1rio aplic\u00e1veis ao Munic\u00edpio. TEXTO COMPILADO<\/font><\/p>\n<\/div><\/div><\/div><div class=\"kc-elm kc-css-112248 kc_col-of-5 kc_column kc_col-of-5\"><div class=\"kc-col-container\">\n<div class=\"kc-elm kc-css-410786\">\n\t<a class=\"kc_button\" href=\"https:\/\/monsenhorpaulo.mg.gov.br\/site\/wp-content\/uploads\/2022\/11\/LC-1520-2017-COMPILADO.pdf\" target=\"_blank\" title=\"\" onclick=\"\">\n\t\t<i class=\"fa-arrow-circle-down\"><\/i> Baixar\t<\/a>\n<\/div>\n<\/div><\/div><\/div><\/div><\/section><section class=\"kc-elm kc-css-574995 kc_row\"><div class=\"kc-row-container  kc-container\"><div class=\"kc-wrap-columns\"><div class=\"kc-elm kc-css-775871 kc_col-sm-9 kc_column kc_col-sm-9\"><div class=\"kc-col-container\"><div class=\"kc-elm kc-css-670361 kc_text_block\"><p>Lei Complementar 1.520 de 29 de setembro de 2017: Disp\u00f5e sobre o Sistema Tribut\u00e1rio Municipal e normas gerais de direito tribut\u00e1rio aplic\u00e1veis ao Munic\u00edpio. TEXTO CONSOLIDADO<\/p>\n<\/div><\/div><\/div><div class=\"kc-elm kc-css-907005 kc_col-of-5 kc_column kc_col-of-5\"><div class=\"kc-col-container\">\n<div class=\"kc-elm kc-css-760398\">\n\t<a class=\"kc_button\" href=\"https:\/\/monsenhorpaulo.mg.gov.br\/site\/wp-content\/uploads\/2022\/11\/LC-1520-2017-CONSOLIDADO.pdf\" target=\"_blank\" title=\"\" onclick=\"\">\n\t\t<i class=\"fa-arrow-circle-down\"><\/i> Baixar\t<\/a>\n<\/div>\n<\/div><\/div><\/div><\/div><\/section><section class=\"kc-elm kc-css-88818 kc_row\"><div class=\"kc-row-container  kc-container\"><div class=\"kc-wrap-columns\"><div class=\"kc-elm kc-css-758905 kc_col-sm-9 kc_column kc_col-sm-9\"><div class=\"kc-col-container\"><div class=\"kc-elm kc-css-653383 kc_text_block\"><p>Lei Complementar 1.600 de 19 de dezembro de 2018: Revoga artigos e Anexo X da LC 1.520\/2017.<\/p>\n<\/div><\/div><\/div><div class=\"kc-elm kc-css-516246 kc_col-of-5 kc_column kc_col-of-5\"><div class=\"kc-col-container\">\n<div class=\"kc-elm kc-css-342985\">\n\t<a class=\"kc_button\" href=\"https:\/\/monsenhorpaulo.mg.gov.br\/site\/wp-content\/uploads\/2022\/11\/LC-1600-2018.pdf\" target=\"_blank\" title=\"\" onclick=\"\">\n\t\t<i class=\"fa-arrow-circle-down\"><\/i> Baixar\t<\/a>\n<\/div>\n<\/div><\/div><\/div><\/div><\/section><section class=\"kc-elm kc-css-220589 kc_row\"><div class=\"kc-row-container  kc-container\"><div class=\"kc-wrap-columns\"><div class=\"kc-elm kc-css-588157 kc_col-sm-9 kc_column kc_col-sm-9\"><div class=\"kc-col-container\"><div class=\"kc-elm kc-css-193003 kc_text_block\"><p>Lei Complementar 1.675 de 20 de maio de 2021: Inclui, d\u00e1 nova reda\u00e7\u00e3o e revoga artigos da LC 1.520\/2017.<\/p>\n<\/div><\/div><\/div><div class=\"kc-elm kc-css-924646 kc_col-of-5 kc_column kc_col-of-5\"><div class=\"kc-col-container\">\n<div class=\"kc-elm kc-css-245286\">\n\t<a class=\"kc_button\" href=\"https:\/\/monsenhorpaulo.mg.gov.br\/site\/wp-content\/uploads\/2022\/11\/LC-1675-2021.pdf\" target=\"_blank\" title=\"\" onclick=\"\">\n\t\t<i class=\"fa-arrow-circle-down\"><\/i> Baixar\t<\/a>\n<\/div>\n<\/div><\/div><\/div><\/div><\/section><section class=\"kc-elm kc-css-294437 kc_row\"><div class=\"kc-row-container  kc-container\"><div class=\"kc-wrap-columns\"><div class=\"kc-elm kc-css-784608 kc_col-sm-9 kc_column kc_col-sm-9\"><div class=\"kc-col-container\"><div class=\"kc-elm kc-css-49986 kc_text_block\"><p><span style=\"font-size:11.0pt;line-height:107%; font-family:\"Times New Roman\",serif;mso-fareast-font-family:Calibri;mso-fareast-theme-font: minor-latin;mso-ansi-language:PT-BR;mso-fareast-language:EN-US;mso-bidi-language: AR-SA\">Lei Complementar 1.676 de 20 de maio de 2021: Institui o tratamento diferenciado e favorecido a ser dispensado \u00e0 ME e \u00e0s EPP, em conformidade com as normas gerais previstas pela Lei Complementar Federal 123\/2006.<\/span><\/p>\n<\/div><\/div><\/div><div class=\"kc-elm kc-css-430490 kc_col-of-5 kc_column kc_col-of-5\"><div class=\"kc-col-container\">\n<div class=\"kc-elm kc-css-587621\">\n\t<a class=\"kc_button\" href=\"https:\/\/monsenhorpaulo.mg.gov.br\/site\/wp-content\/uploads\/2022\/11\/LC-1676-2021.pdf\" target=\"_blank\" title=\"\" onclick=\"\">\n\t\t<i class=\"fa-arrow-circle-down\"><\/i> Baixar\t<\/a>\n<\/div>\n<\/div><\/div><\/div><\/div><\/section><section class=\"kc-elm kc-css-928634 kc_row\"><div class=\"kc-row-container  kc-container\"><div class=\"kc-wrap-columns\"><div class=\"kc-elm kc-css-864954 kc_col-sm-9 kc_column kc_col-sm-9\"><div class=\"kc-col-container\"><div class=\"kc-elm kc-css-5169 kc_text_block\"><p><span style=\"font-size:11.0pt;line-height:107%; font-family:\"Times New Roman\",serif;mso-fareast-font-family:Calibri;mso-fareast-theme-font: minor-latin;mso-ansi-language:PT-BR;mso-fareast-language:EN-US;mso-bidi-language: AR-SA\">Lei Complementar 1.749 de 26 de outubro de 2022: D\u00e1 nova reda\u00e7\u00e3o a artigos, insere itens no Anexo I \u2013 Lista de Servi\u00e7os e revoga artigos da LC 1.520\/2017.<\/span><\/p>\n<\/div><\/div><\/div><div class=\"kc-elm kc-css-175738 kc_col-of-5 kc_column kc_col-of-5\"><div class=\"kc-col-container\">\n<div class=\"kc-elm kc-css-92626\">\n\t<a class=\"kc_button\" href=\"https:\/\/monsenhorpaulo.mg.gov.br\/site\/wp-content\/uploads\/2022\/11\/LC-1749-2022.pdf\" target=\"_blank\" title=\"\" onclick=\"\">\n\t\t<i class=\"fa-arrow-circle-down\"><\/i> Baixar\t<\/a>\n<\/div>\n<\/div><\/div><\/div><\/div><\/section><section class=\"kc-elm kc-css-250530 kc_row\"><div class=\"kc-row-container  kc-container\"><div class=\"kc-wrap-columns\"><div class=\"kc-elm kc-css-561505 kc_col-sm-9 kc_column kc_col-sm-9\"><div class=\"kc-col-container\"><div class=\"kc-elm kc-css-206849 kc_text_block\"><p><span style=\"font-size:11.0pt;line-height:107%; font-family:\" times=\"\" new=\"\" roman\",serif;mso-fareast-font-family:calibri;mso-fareast-theme-font:=\"\" minor-latin;mso-ansi-language:pt-br;mso-fareast-language:en-us;mso-bidi-language:=\"\" ar-sa\"=\"\">Lei Complementar n\u00ba 1.758\/2022 de 23 de novembro de 2022: Disp\u00f5e sobre a lei org\u00e2nica da administra\u00e7\u00e3o tribut\u00e1ria do Munic\u00edpio de Monsenhor Paulo, institui o quadro pr\u00f3prio de auditoria tribut\u00e1ria e d\u00e1 outras provid\u00eancias.<\/span><\/p>\n<\/div><\/div><\/div><div class=\"kc-elm kc-css-760793 kc_col-of-5 kc_column kc_col-of-5\"><div class=\"kc-col-container\">\n<div class=\"kc-elm kc-css-912204\">\n\t<a class=\"kc_button\" href=\"https:\/\/monsenhorpaulo.mg.gov.br\/site\/wp-content\/uploads\/2022\/12\/LEI-COMPLEMENTAR-1.758-2022.pdf\" target=\"_blank\" title=\"\" onclick=\"\">\n\t\t<i class=\"fa-arrow-circle-down\"><\/i> Baixar\t<\/a>\n<\/div>\n<\/div><\/div><\/div><\/div><\/section><section class=\"kc-elm kc-css-206407 kc_row\"><div class=\"kc-row-container  kc-container\"><div class=\"kc-wrap-columns\"><div class=\"kc-elm kc-css-876845 kc_col-sm-9 kc_column kc_col-sm-9\"><div class=\"kc-col-container\"><div class=\"kc-elm kc-css-897665 kc_text_block\"><p><span style=\"font-size:11.0pt;line-height:107%; font-family:\" times=\"\" new=\"\" roman\",serif;mso-fareast-font-family:calibri;mso-fareast-theme-font:=\"\" minor-latin;mso-ansi-language:pt-br;mso-fareast-language:en-us;mso-bidi-language:=\"\" ar-sa\"=\"\">Lei Complementar 1.759\/2022 de 23 de novembro de 2022: Institui o plano de carreira dos fiscais de tributos municipais, estabelece a respectiva tabela de vencimentos e disp\u00f5e sobre o quadro especial da carreira no Munic\u00edpio de Monsenhor Paulo e d\u00e1 outras provid\u00eancias.<\/span><\/p>\n<\/div><\/div><\/div><div class=\"kc-elm kc-css-81519 kc_col-of-5 kc_column kc_col-of-5\"><div class=\"kc-col-container\">\n<div class=\"kc-elm kc-css-893664\">\n\t<a class=\"kc_button\" href=\"https:\/\/monsenhorpaulo.mg.gov.br\/site\/wp-content\/uploads\/2022\/12\/lei-complementar-1.759-2022.pdf\" target=\"_blank\" title=\"\" onclick=\"\">\n\t\t<i class=\"fa-arrow-circle-down\"><\/i> Baixar\t<\/a>\n<\/div>\n<\/div><\/div><\/div><\/div><\/section><section class=\"kc-elm kc-css-481008 kc_row\"><div class=\"kc-row-container  kc-container\"><div class=\"kc-wrap-columns\"><div class=\"kc-elm kc-css-656362 kc_col-sm-9 kc_column kc_col-sm-9\"><div class=\"kc-col-container\"><div class=\"kc-elm kc-css-993278 kc_text_block\"><p class=\"MsoNormal\">Lei Complementar n\u00ba 1.808\/2023 &#8211; Da nova reda\u00e7\u00e3o a artigos&nbsp;da Lei Complementar Municipal 1.520 de 29 de setembro de 2017, revoga artigos&nbsp;da Lei Complementar Municipal 1.520 de setembro de 2017 e d\u00e1 outras&nbsp;provid\u00eancias.<o:p><\/o:p><\/p>\n<\/div><\/div><\/div><div class=\"kc-elm kc-css-844317 kc_col-of-5 kc_column kc_col-of-5\"><div class=\"kc-col-container\">\n<div class=\"kc-elm kc-css-826028\">\n\t<a class=\"kc_button\" href=\"https:\/\/monsenhorpaulo.mg.gov.br\/site\/wp-content\/uploads\/2023\/12\/Lei-1808-2023.pdf\" target=\"_blank\" title=\"\" onclick=\"\">\n\t\t<i class=\"fa-arrow-circle-down\"><\/i> Baixar\t<\/a>\n<\/div>\n<\/div><\/div><\/div><\/div><\/section>\n","protected":false},"excerpt":{"rendered":"<p>Lei Complementar 1.520 de 29 de setembro de 2017: Disp\u00f5e sobre o Sistema Tribut\u00e1rio Municipal e normas gerais de direito tribut\u00e1rio aplic\u00e1veis ao Munic\u00edpio. TEXTO COMPILADO Baixar Lei Complementar 1.520 de 29 de setembro de 2017: Disp\u00f5e sobre o Sistema Tribut\u00e1rio Municipal e normas gerais de direito tribut\u00e1rio aplic\u00e1veis ao Munic\u00edpio. TEXTO CONSOLIDADO Baixar Lei &hellip;<\/p>\n","protected":false},"author":1,"featured_media":0,"parent":0,"menu_order":0,"comment_status":"closed","ping_status":"closed","template":"","meta":{"footnotes":""},"class_list":["post-11269","page","type-page","status-publish",""],"_links":{"self":[{"href":"https:\/\/monsenhorpaulo.mg.gov.br\/site\/wp-json\/wp\/v2\/pages\/11269","targetHints":{"allow":["GET"]}}],"collection":[{"href":"https:\/\/monsenhorpaulo.mg.gov.br\/site\/wp-json\/wp\/v2\/pages"}],"about":[{"href":"https:\/\/monsenhorpaulo.mg.gov.br\/site\/wp-json\/wp\/v2\/types\/page"}],"author":[{"embeddable":true,"href":"https:\/\/monsenhorpaulo.mg.gov.br\/site\/wp-json\/wp\/v2\/users\/1"}],"replies":[{"embeddable":true,"href":"https:\/\/monsenhorpaulo.mg.gov.br\/site\/wp-json\/wp\/v2\/comments?post=11269"}],"version-history":[{"count":9,"href":"https:\/\/monsenhorpaulo.mg.gov.br\/site\/wp-json\/wp\/v2\/pages\/11269\/revisions"}],"predecessor-version":[{"id":12303,"href":"https:\/\/monsenhorpaulo.mg.gov.br\/site\/wp-json\/wp\/v2\/pages\/11269\/revisions\/12303"}],"wp:attachment":[{"href":"https:\/\/monsenhorpaulo.mg.gov.br\/site\/wp-json\/wp\/v2\/media?parent=11269"}],"curies":[{"name":"wp","href":"https:\/\/api.w.org\/{rel}","templated":true}]}}