{"id":10783,"date":"2022-06-13T16:07:39","date_gmt":"2022-06-13T19:07:39","guid":{"rendered":"https:\/\/monsenhorpaulo.mg.gov.br\/site\/?page_id=10783"},"modified":"2023-10-23T16:44:53","modified_gmt":"2023-10-23T19:44:53","slug":"sala-mineira-do-empreendedor","status":"publish","type":"page","link":"https:\/\/monsenhorpaulo.mg.gov.br\/site\/sala-mineira-do-empreendedor\/","title":{"rendered":"Sala Mineira do Empreendedor"},"content":{"rendered":"<section class=\"kc-elm kc-css-388375 kc_row\"><div class=\"kc-row-container  kc-container\"><div class=\"kc-wrap-columns\"><div class=\"kc-elm kc-css-378002 kc_col-sm-12 kc_column kc_col-sm-12\"><div class=\"kc-col-container\"><div class=\"kc-elm kc-css-179627 kc_shortcode kc_single_image\">\n\n        <img decoding=\"async\" src=\"https:\/\/monsenhorpaulo.mg.gov.br\/site\/wp-content\/uploads\/2023\/08\/WhatsApp-Image-2023-08-16-at-13.59.02.jpeg\" class=\"\" alt=\"Sala Mineira\" \/>    <\/div>\n<div class=\"kc-elm kc-css-964584 kc_shortcode kc_single_image\">\n\n        <img decoding=\"async\" src=\"https:\/\/monsenhorpaulo.mg.gov.br\/site\/wp-content\/uploads\/2022\/06\/logo.jpg\" class=\"\" alt=\"Sala Mineira\" \/>    <\/div>\n<\/div><\/div><\/div><\/div><\/section><section class=\"kc-elm kc-css-939583 kc_row\"><div class=\"kc-row-container  kc-container\"><div class=\"kc-wrap-columns\"><div class=\"kc-elm kc-css-878067 kc_col-sm-12 kc_column kc_col-sm-12\"><div class=\"kc-col-container\"><div class=\"kc-elm kc-css-349268 kc_text_block\"><p><span style=\"font-size: 12.0pt; line-height: 115%; font-family: &#039;Times New Roman&#039;,serif; mso-fareast-font-family: Calibri; mso-fareast-theme-font: minor-latin; mso-ansi-language: PT-BR; mso-fareast-language: EN-US; mso-bidi-language: AR-SA;\">A Sala Mineira do Empreendedor \u00e9 o resultado da parceria entre a Prefeitura Municipal de Monsenhor Paulo, o SEBRAE MINAS e a JUCEMG \u2013 Junta Comercial do Estado de Minas Gerais. Ela foi desenvolvida para melhorar e simplificar o ambiente de neg\u00f3cios em todo Estado, atuando lado a lado com as administra\u00e7\u00f5es municipais, a fim de oferecer apoio para empreendimentos de todos os portes.<\/span><\/p>\n<p><span style=\"font-size: 12.0pt; line-height: 115%; font-family: &#039;Times New Roman&#039;,serif; mso-fareast-font-family: Calibri; mso-fareast-theme-font: minor-latin; mso-ansi-language: PT-BR; mso-fareast-language: EN-US; mso-bidi-language: AR-SA;\">\u00a0Aqui, voc\u00ea ir\u00e1 encontrar um espa\u00e7o \u00fanico para formalizar o seu empreendimento, obter orienta\u00e7\u00f5es, informa\u00e7\u00f5es e todo o conhecimento necess\u00e1rio para o seu desenvolvimento profissional.Tudo o que voc\u00ea precisa para fazer o seu neg\u00f3cio seguir em frente, de um jeito simples e pr\u00e1tico.<\/span><\/p>\n<\/div>\n<div class=\"kc-elm kc-css-361775 kc-title-wrap \">\n\n\t<h2 class=\"kc_title\">ORIENTA\u00c7\u00d5ES E INFORMA\u00c7\u00d5ES<\/h2>\n<\/div>\n<div class=\"kc-elm kc-css-46545 kc_text_block\"><p class=\"MsoNormal\" style=\"margin-bottom: 0cm; line-height: 150%;\"><span style=\"font-size: 12.0pt; line-height: 150%; font-family: &#039;Times New Roman&#039;,serif;\">\u2022 Orienta\u00e7\u00e3o pr\u00e9via sobre o processo de registro;<\/span><\/p>\n<p class=\"MsoNormal\" style=\"margin-bottom: 0cm; line-height: 150%;\"><span style=\"font-size: 12.0pt; line-height: 150%; font-family: &#039;Times New Roman&#039;,serif;\">\u2022 Orienta\u00e7\u00e3o pr\u00e9via sobre o processo de licenciamento municipal;<\/span><\/p>\n<p class=\"MsoNormal\" style=\"margin-bottom: 0cm; line-height: 150%;\"><span style=\"font-size: 12.0pt; line-height: 150%; font-family: &#039;Times New Roman&#039;,serif;\">\u2022 Suporte e orienta\u00e7\u00f5es pelos meios eletr\u00f4nicos (Telefone e E-mail);<\/span><\/p>\n<p class=\"MsoNormal\" style=\"margin-bottom: 0cm; line-height: 150%;\"><span style=\"font-size: 12.0pt; line-height: 150%; font-family: &#039;Times New Roman&#039;,serif;\">\u2022 Como cadastrar-se como fornecedor da prefeitura;<\/span><\/p>\n<p class=\"MsoNormal\" style=\"margin-bottom: 0cm; line-height: 150%;\"><span style=\"font-size: 12.0pt; line-height: 150%; font-family: &#039;Times New Roman&#039;,serif;\">\u2022 Como participar dos processos de aquisi\u00e7\u00f5es p\u00fablicas municipais em andamento;<\/span><\/p>\n<p class=\"MsoNormal\" style=\"margin-bottom: 0cm; line-height: 150%;\"><span style=\"font-size: 12.0pt; line-height: 150%; font-family: &#039;Times New Roman&#039;,serif;\">\u2022 Distribui\u00e7\u00e3o de material informativo.<\/span><\/p>\n<\/div>\n<div class=\"kc-elm kc-css-386968 kc-title-wrap \">\n\n\t<h2 class=\"kc_title\">SERVI\u00c7OS<\/h2>\n<\/div>\n<div class=\"kc-elm kc-css-424801 kc_text_block\"><p class=\"MsoNormal\" style=\"margin-bottom: 0cm; text-align: justify; line-height: 150%;\"><span style=\"font-size: 12.0pt; line-height: 150%; font-family: &#039;Times New Roman&#039;,serif;\">\u2022 Formaliza\u00e7\u00e3o de Microempreendedores Individuais e Profissionais Aut\u00f4nomos e Liberais;<\/span><\/p>\n<p class=\"MsoNormal\" style=\"margin-bottom: 0cm; text-align: justify; line-height: 150%;\"><span style=\"font-size: 12.0pt; line-height: 150%; font-family: &#039;Times New Roman&#039;,serif;\">\u2022 Orienta\u00e7\u00e3o a respeito da obten\u00e7\u00e3o da Inscri\u00e7\u00e3o Municipal, alvar\u00e1 de localiza\u00e7\u00e3o e funcionamento e demais licen\u00e7as municipais;<\/span><\/p>\n<p class=\"MsoNormal\" style=\"margin-bottom: 0cm; line-height: 150%;\"><span style=\"font-size: 12.0pt; line-height: 150%; font-family: &#039;Times New Roman&#039;,serif;\">\u2022 Baixa do cadastro de Microempreendedor Individual;<\/span><\/p>\n<p class=\"MsoNormal\" style=\"margin-bottom: 0cm; text-align: justify; line-height: 150%;\"><span style=\"font-size: 12.0pt; line-height: 150%; font-family: &#039;Times New Roman&#039;,serif;\">\u2022 Responder \u00e0 consulta de viabilidade do neg\u00f3cio;<\/span><\/p>\n<p class=\"MsoNormal\" style=\"margin-bottom: 0cm; text-align: justify; line-height: 150%;\"><span style=\"font-size: 12.0pt; line-height: 150%; font-family: &#039;Times New Roman&#039;,serif;\">\u2022 Adequar e integrar a REDESIM por meio do Minas F\u00e1cil;<\/span><\/p>\n<p class=\"MsoNormal\" style=\"margin-bottom: 0cm; text-align: justify; line-height: 150%;\"><span style=\"font-size: 12.0pt; line-height: 150%; font-family: &#039;Times New Roman&#039;,serif;\">\u2022 Protocolo do licenciamento municipal de MEI (Microempreendedor Individual), ME (Microempresa), EPP (Empresas de Pequeno Porte) e demais empresas;<\/span><\/p>\n<p class=\"MsoNormal\" style=\"margin-bottom: 0cm; text-align: justify; line-height: 150%;\"><span style=\"font-size: 12.0pt; line-height: 150%; font-family: &#039;Times New Roman&#039;,serif;\">\u2022 Emiss\u00e3o das Guias de Recolhimentos das taxas municipais para processo de formaliza\u00e7\u00e3o, altera\u00e7\u00e3o e baixa;<\/span><\/p>\n<p class=\"MsoNormal\" style=\"margin-bottom: 0cm; text-align: justify; line-height: 150%;\"><span style=\"font-size: 12.0pt; line-height: 150%; font-family: &#039;Times New Roman&#039;,serif;\">\u2022 Emiss\u00e3o de Certificado de Condi\u00e7\u00e3o de Microempreendedor Individual (CCMEI);<\/span><\/p>\n<p class=\"MsoNormal\" style=\"margin-bottom: 0cm; text-align: justify; line-height: 150%;\"><span style=\"font-size: 12.0pt; line-height: 150%; font-family: &#039;Times New Roman&#039;,serif;\">\u2022 Declara\u00e7\u00e3o Anual do Simples Nacional \u2013 Microempreendedor Individual DASN SIMEI;<\/span><\/p>\n<p class=\"MsoNormal\" style=\"margin-bottom: 0cm; text-align: justify; line-height: 150%;\"><span style=\"font-size: 12.0pt; line-height: 150%; font-family: &#039;Times New Roman&#039;,serif;\">\u2022 Cumprir os prazos pactuados com a JUCEMG para emiss\u00e3o da inscri\u00e7\u00e3o municipal e alvar\u00e1 de localiza\u00e7\u00e3o e funcionamento.<\/span><\/p>\n<\/div>\n<div class=\"kc-elm kc-css-266220 kc-title-wrap \">\n\n\t<h2 class=\"kc_title\">CAPACITA\u00c7\u00d5ES<\/h2>\n<\/div>\n<div class=\"kc-elm kc-css-603461 kc_text_block\"><p class=\"MsoNormal\" style=\"margin-bottom: 0cm; line-height: 150%;\"><span style=\"font-size: 12.0pt; line-height: 150%; font-family: &#039;Times New Roman&#039;,serif;\">\u2022 Programa\u00e7\u00e3o regular de capacita\u00e7\u00f5es SEBRAE Minas;<\/span><\/p>\n<p class=\"MsoNormal\" style=\"margin-bottom: 0cm; line-height: 150%;\"><span style=\"font-size: 12.0pt; line-height: 150%; font-family: &#039;Times New Roman&#039;,serif;\">\u2022 Programa\u00e7\u00e3o regular de capacita\u00e7\u00f5es JUCEMG;<\/span><\/p>\n<p class=\"MsoNormal\" style=\"margin-bottom: 0cm; line-height: 150%;\"><span style=\"font-size: 12.0pt; line-height: 150%; font-family: &#039;Times New Roman&#039;,serif;\">\u2022 Informa\u00e7\u00f5es e divulga\u00e7\u00e3o de cursos de capacita\u00e7\u00e3o dispon\u00edveis mediante parcerias ou diretamente pela Prefeitura de Monsenhor Paulo.<\/span><\/p>\n<\/div>\n<div class=\"kc-elm kc-css-392980 kc-title-wrap \">\n\n\t<h2 class=\"kc_title\">P\u00daBLICO ALVO<\/h2>\n<\/div>\n<div class=\"kc-elm kc-css-616364 kc_text_block\"><p class=\"MsoNormal\" style=\"margin-bottom: 0cm; line-height: 150%;\"><span style=\"font-size: 12.0pt; line-height: 150%; font-family: &#039;Times New Roman&#039;,serif;\">\u2022 Empres\u00e1rios;<\/span><\/p>\n<p class=\"MsoNormal\" style=\"margin-bottom: 0cm; line-height: 150%;\"><span style=\"font-size: 12.0pt; line-height: 150%; font-family: &#039;Times New Roman&#039;,serif;\">\u2022 Empreendedores e Microempreendedores Individuais;<\/span><\/p>\n<p><span style=\"font-size: 12.0pt; line-height: 115%; font-family: &#039;Times New Roman&#039;,serif; mso-fareast-font-family: Calibri; mso-fareast-theme-font: minor-latin; mso-ansi-language: PT-BR; mso-fareast-language: EN-US; mso-bidi-language: AR-SA;\">\u2022 Profissionais Aut\u00f4nomos e Liberais.\u00a0<\/span><\/p>\n<\/div>\n<div class=\"kc-elm kc-css-114909 kc-title-wrap \">\n\n\t<h2 class=\"kc_title\">FORMAS DE ATENDIMENTO<\/h2>\n<\/div>\n<div class=\"kc-elm kc-css-697865 kc_text_block\"><p class=\"MsoNormal\" style=\"margin-bottom: 0cm; text-align: justify; line-height: 150%;\"><strong><span style=\"font-size: 12.0pt; line-height: 150%; font-family: 'Times New Roman',serif;\">Presencial:<\/span><\/strong><\/p>\n<p class=\"MsoNormal\" style=\"margin-bottom: 0cm; text-align: justify; line-height: 150%;\"><span style=\"font-size: 12.0pt; line-height: 150%; font-family: 'Times New Roman',serif;\">Endere\u00e7o: Rua Jos\u00e9 Am\u00e9rico, 525, Centro, Monsenhor Paulo\/MG.<\/span><\/p>\n<p class=\"MsoNormal\" style=\"margin-bottom: 0cm; text-align: justify; line-height: 150%;\"><span style=\"font-size: 12.0pt; line-height: 150%; font-family: 'Times New Roman',serif;\">Hor\u00e1rio de Atendimento: Das 08h \u00e0s 12h e das 13h \u00e0s 17h, de Segunda a Quinta e das 08h \u00e0s 12h e das 13h \u00e0s 16h na Sexta-Feira.<\/span><\/p>\n<p class=\"MsoNormal\" style=\"margin-bottom: 0cm; text-align: justify; line-height: 150%;\"><strong><span style=\"font-family: 'Times New Roman', serif; font-size: 12pt; font-style: inherit;\">On-line:<\/span><\/strong><\/p>\n<p class=\"MsoNormal\" style=\"margin-bottom: 0cm; text-align: justify; line-height: 150%;\"><span style=\"font-size: 12.0pt; line-height: 150%; font-family: 'Times New Roman',serif;\">E-mail: salamineira@monsenhorpaulo.mg.gov.br<\/span><\/p>\n<p class=\"MsoNormal\" style=\"margin-bottom: 0cm; text-align: justify; line-height: 150%;\"><strong><span style=\"font-family: 'Times New Roman', serif; font-size: 12pt; font-style: inherit;\">Telefones:<\/span><\/strong><\/p>\n<p class=\"MsoNormal\" style=\"margin-bottom: 0cm; text-align: justify; line-height: 150%;\"><span style=\"font-size: 12.0pt; line-height: 150%; font-family: 'Times New Roman',serif;\">(35) 3263-1320 ou (35) 3263-1322<\/span><\/p>\n<p class=\"MsoNormal\" style=\"margin-bottom: 0cm; text-align: justify; line-height: 150%;\"><span style=\"font-size: 12.0pt; line-height: 150%; font-family: 'Times New Roman',serif;\"><strong>&nbsp;Zap:<\/strong>&nbsp;(35)9.9882-0874<\/span><\/p>\n<p class=\"MsoNormal\" style=\"margin-bottom: 0cm; text-align: justify; line-height: 150%;\"><span style=\"font-size: 12.0pt; line-height: 150%; font-family: 'Times New Roman',serif;\">Atendentes:&nbsp;&nbsp;Adalton Arantes Santos&nbsp;<\/span>(Agente de desenvolvimento Sebrae) e&nbsp;<span style=\"font-style: inherit;\">Cheila Fernandes Pereira (Atendente Sebrae)<\/span><\/p>\n<\/div><\/div><\/div><\/div><\/div><\/section>\n","protected":false},"excerpt":{"rendered":"<p>A Sala Mineira do Empreendedor \u00e9 o resultado da parceria entre a Prefeitura Municipal de Monsenhor Paulo, o SEBRAE MINAS e a JUCEMG \u2013 Junta Comercial do Estado de Minas Gerais. Ela foi desenvolvida para melhorar e simplificar o ambiente de neg\u00f3cios em todo Estado, atuando lado a lado com as administra\u00e7\u00f5es municipais, a fim &hellip;<\/p>\n","protected":false},"author":1,"featured_media":0,"parent":0,"menu_order":0,"comment_status":"closed","ping_status":"closed","template":"","meta":{"footnotes":""},"class_list":["post-10783","page","type-page","status-publish",""],"_links":{"self":[{"href":"https:\/\/monsenhorpaulo.mg.gov.br\/site\/wp-json\/wp\/v2\/pages\/10783","targetHints":{"allow":["GET"]}}],"collection":[{"href":"https:\/\/monsenhorpaulo.mg.gov.br\/site\/wp-json\/wp\/v2\/pages"}],"about":[{"href":"https:\/\/monsenhorpaulo.mg.gov.br\/site\/wp-json\/wp\/v2\/types\/page"}],"author":[{"embeddable":true,"href":"https:\/\/monsenhorpaulo.mg.gov.br\/site\/wp-json\/wp\/v2\/users\/1"}],"replies":[{"embeddable":true,"href":"https:\/\/monsenhorpaulo.mg.gov.br\/site\/wp-json\/wp\/v2\/comments?post=10783"}],"version-history":[{"count":18,"href":"https:\/\/monsenhorpaulo.mg.gov.br\/site\/wp-json\/wp\/v2\/pages\/10783\/revisions"}],"predecessor-version":[{"id":12150,"href":"https:\/\/monsenhorpaulo.mg.gov.br\/site\/wp-json\/wp\/v2\/pages\/10783\/revisions\/12150"}],"wp:attachment":[{"href":"https:\/\/monsenhorpaulo.mg.gov.br\/site\/wp-json\/wp\/v2\/media?parent=10783"}],"curies":[{"name":"wp","href":"https:\/\/api.w.org\/{rel}","templated":true}]}}