{"id":10750,"date":"2022-06-10T11:15:15","date_gmt":"2022-06-10T14:15:15","guid":{"rendered":"https:\/\/monsenhorpaulo.mg.gov.br\/site\/?page_id=10750"},"modified":"2022-11-09T16:08:54","modified_gmt":"2022-11-09T19:08:54","slug":"formularios","status":"publish","type":"page","link":"https:\/\/monsenhorpaulo.mg.gov.br\/site\/formularios\/","title":{"rendered":"Formul\u00e1rios"},"content":{"rendered":"<section class=\"kc-elm kc-css-387455 kc_row\"><div class=\"kc-row-container  kc-container\"><div class=\"kc-wrap-columns\"><div class=\"kc-elm kc-css-162418 kc_col-sm-8 kc_column kc_col-sm-8\"><div class=\"kc-col-container\"><div class=\"kc-elm kc-css-157325 kc_text_block\"><p>CADAN &#8211; An\u00fancio<\/p>\n<\/div><\/div><\/div><div class=\"kc-elm kc-css-94070 kc_col-sm-4 kc_column kc_col-sm-4\"><div class=\"kc-col-container\">\n<div class=\"kc-elm kc-css-973859\">\n\t<a class=\"kc_button\" href=\"https:\/\/monsenhorpaulo.mg.gov.br\/site\/wp-content\/uploads\/2022\/06\/CADAN-Anuncio.docx\" target=\"_blank\" title=\"\" onclick=\"\">\n\t\t<i class=\"fa-arrow-circle-down\"><\/i> Baixar\t<\/a>\n<\/div>\n<\/div><\/div><\/div><\/div><\/section><section class=\"kc-elm kc-css-591721 kc_row\"><div class=\"kc-row-container  kc-container\"><div class=\"kc-wrap-columns\"><div class=\"kc-elm kc-css-877267 kc_col-sm-8 kc_column kc_col-sm-8\"><div class=\"kc-col-container\"><div class=\"kc-elm kc-css-855087 kc_text_block\"><p>CADHE &#8211; Hor\u00e1rio Especial<\/p>\n<\/div><\/div><\/div><div class=\"kc-elm kc-css-903337 kc_col-sm-4 kc_column kc_col-sm-4\"><div class=\"kc-col-container\">\n<div class=\"kc-elm kc-css-791350\">\n\t<a class=\"kc_button\" href=\"https:\/\/monsenhorpaulo.mg.gov.br\/site\/wp-content\/uploads\/2022\/06\/CADHE-Horario-Especial.docx\" target=\"_blank\" title=\"\" onclick=\"\">\n\t\t<i class=\"fa-arrow-circle-down\"><\/i> Baixar\t<\/a>\n<\/div>\n<\/div><\/div><\/div><\/div><\/section><section class=\"kc-elm kc-css-395061 kc_row\"><div class=\"kc-row-container  kc-container\"><div class=\"kc-wrap-columns\"><div class=\"kc-elm kc-css-906920 kc_col-sm-8 kc_column kc_col-sm-8\"><div class=\"kc-col-container\"><div class=\"kc-elm kc-css-845043 kc_text_block\"><p>CADOB &#8211; Obras<\/p>\n<\/div><\/div><\/div><div class=\"kc-elm kc-css-971067 kc_col-sm-4 kc_column kc_col-sm-4\"><div class=\"kc-col-container\">\n<div class=\"kc-elm kc-css-753661\">\n\t<a class=\"kc_button\" href=\"https:\/\/monsenhorpaulo.mg.gov.br\/site\/wp-content\/uploads\/2022\/06\/CADOB-Obras.docx\" target=\"_blank\" title=\"\" onclick=\"\">\n\t\t<i class=\"fa-arrow-circle-down\"><\/i> Baixar\t<\/a>\n<\/div>\n<\/div><\/div><\/div><\/div><\/section><section class=\"kc-elm kc-css-148735 kc_row\"><div class=\"kc-row-container  kc-container\"><div class=\"kc-wrap-columns\"><div class=\"kc-elm kc-css-287789 kc_col-sm-8 kc_column kc_col-sm-8\"><div class=\"kc-col-container\"><div class=\"kc-elm kc-css-275434 kc_text_block\"><p>CADOP &#8211; Ocupa\u00e7\u00e3o e perman\u00eancia no solo<\/p>\n<\/div><\/div><\/div><div class=\"kc-elm kc-css-315561 kc_col-sm-4 kc_column kc_col-sm-4\"><div class=\"kc-col-container\">\n<div class=\"kc-elm kc-css-166717\">\n\t<a class=\"kc_button\" href=\"https:\/\/monsenhorpaulo.mg.gov.br\/site\/wp-content\/uploads\/2022\/06\/CADOP-Ocupacao-e-permanencia-no-solo.docx\" target=\"_blank\" title=\"\" onclick=\"\">\n\t\t<i class=\"fa-arrow-circle-down\"><\/i> Baixar\t<\/a>\n<\/div>\n<\/div><\/div><\/div><\/div><\/section><section class=\"kc-elm kc-css-74522 kc_row\"><div class=\"kc-row-container  kc-container\"><div class=\"kc-wrap-columns\"><div class=\"kc-elm kc-css-914393 kc_col-sm-8 kc_column kc_col-sm-8\"><div class=\"kc-col-container\"><div class=\"kc-elm kc-css-61779 kc_text_block\"><p>CAMEF &#8211; Ambulante, eventual e feirante<\/p>\n<\/div><\/div><\/div><div class=\"kc-elm kc-css-924399 kc_col-sm-4 kc_column kc_col-sm-4\"><div class=\"kc-col-container\">\n<div class=\"kc-elm kc-css-480274\">\n\t<a class=\"kc_button\" href=\"https:\/\/monsenhorpaulo.mg.gov.br\/site\/wp-content\/uploads\/2022\/06\/CAMEF-Ambulante-eventual-e-feirante.docx\" target=\"_blank\" title=\"\" onclick=\"\">\n\t\t<i class=\"fa-arrow-circle-down\"><\/i> Baixar\t<\/a>\n<\/div>\n<\/div><\/div><\/div><\/div><\/section><section class=\"kc-elm kc-css-343220 kc_row\"><div class=\"kc-row-container  kc-container\"><div class=\"kc-wrap-columns\"><div class=\"kc-elm kc-css-536937 kc_col-sm-8 kc_column kc_col-sm-8\"><div class=\"kc-col-container\"><div class=\"kc-elm kc-css-21073 kc_text_block\"><p>CAMOB &#8211; Cadastro Mobili\u00e1rio<\/p>\n<\/div><\/div><\/div><div class=\"kc-elm kc-css-23095 kc_col-sm-4 kc_column kc_col-sm-4\"><div class=\"kc-col-container\">\n<div class=\"kc-elm kc-css-331998\">\n\t<a class=\"kc_button\" href=\"https:\/\/monsenhorpaulo.mg.gov.br\/site\/wp-content\/uploads\/2022\/06\/CAMOB-Cadastro-Mobiliario.docx\" target=\"_blank\" title=\"\" onclick=\"\">\n\t\t<i class=\"fa-arrow-circle-down\"><\/i> Baixar\t<\/a>\n<\/div>\n<\/div><\/div><\/div><\/div><\/section><section class=\"kc-elm kc-css-64768 kc_row\"><div class=\"kc-row-container  kc-container\"><div class=\"kc-wrap-columns\"><div class=\"kc-elm kc-css-140268 kc_col-sm-8 kc_column kc_col-sm-8\"><div class=\"kc-col-container\"><div class=\"kc-elm kc-css-196203 kc_text_block\"><p>CIMOB &#8211; Cadastro Imobili\u00e1rio<\/p>\n<\/div><\/div><\/div><div class=\"kc-elm kc-css-488868 kc_col-sm-4 kc_column kc_col-sm-4\"><div class=\"kc-col-container\">\n<div class=\"kc-elm kc-css-816912\">\n\t<a class=\"kc_button\" href=\"https:\/\/monsenhorpaulo.mg.gov.br\/site\/wp-content\/uploads\/2022\/06\/CIMOB-Cadastro-Imobiliario.docx\" target=\"_blank\" title=\"\" onclick=\"\">\n\t\t<i class=\"fa-arrow-circle-down\"><\/i> Baixar\t<\/a>\n<\/div>\n<\/div><\/div><\/div><\/div><\/section><section class=\"kc-elm kc-css-982087 kc_row\"><div class=\"kc-row-container  kc-container\"><div class=\"kc-wrap-columns\"><div class=\"kc-elm kc-css-389947 kc_col-sm-8 kc_column kc_col-sm-8\"><div class=\"kc-col-container\"><div class=\"kc-elm kc-css-148303 kc_text_block\"><p>DECAR &#8211; Declara\u00e7\u00e3o mensal de cart\u00f3rio<\/p>\n<\/div><\/div><\/div><div class=\"kc-elm kc-css-317412 kc_col-sm-4 kc_column kc_col-sm-4\"><div class=\"kc-col-container\">\n<div class=\"kc-elm kc-css-834689\">\n\t<a class=\"kc_button\" href=\"https:\/\/monsenhorpaulo.mg.gov.br\/site\/wp-content\/uploads\/2022\/06\/DECAR-Declaracao-mensal-de-cartorio.docx\" target=\"_blank\" title=\"\" onclick=\"\">\n\t\t<i class=\"fa-arrow-circle-down\"><\/i> Baixar\t<\/a>\n<\/div>\n<\/div><\/div><\/div><\/div><\/section><section class=\"kc-elm kc-css-576746 kc_row\"><div class=\"kc-row-container  kc-container\"><div class=\"kc-wrap-columns\"><div class=\"kc-elm kc-css-611759 kc_col-sm-8 kc_column kc_col-sm-8\"><div class=\"kc-col-container\"><div class=\"kc-elm kc-css-415090 kc_text_block\"><p>Declara\u00e7\u00e3o para lan\u00e7amento do ITBI<\/p>\n<\/div><\/div><\/div><div class=\"kc-elm kc-css-706502 kc_col-sm-4 kc_column kc_col-sm-4\"><div class=\"kc-col-container\">\n<div class=\"kc-elm kc-css-365064\">\n\t<a class=\"kc_button\" href=\"https:\/\/monsenhorpaulo.mg.gov.br\/site\/wp-content\/uploads\/2022\/06\/Declaracao-para-lancamento-do-ITBI.docx\" target=\"_blank\" title=\"\" onclick=\"\">\n\t\t<i class=\"fa-arrow-circle-down\"><\/i> Baixar\t<\/a>\n<\/div>\n<\/div><\/div><\/div><\/div><\/section>\n","protected":false},"excerpt":{"rendered":"<p>CADAN &#8211; An\u00fancio Baixar CADHE &#8211; Hor\u00e1rio Especial Baixar CADOB &#8211; Obras Baixar CADOP &#8211; Ocupa\u00e7\u00e3o e perman\u00eancia no solo Baixar CAMEF &#8211; Ambulante, eventual e feirante Baixar CAMOB &#8211; Cadastro Mobili\u00e1rio Baixar CIMOB &#8211; Cadastro Imobili\u00e1rio Baixar DECAR &#8211; Declara\u00e7\u00e3o mensal de cart\u00f3rio Baixar Declara\u00e7\u00e3o para lan\u00e7amento do ITBI Baixar<\/p>\n","protected":false},"author":1,"featured_media":0,"parent":0,"menu_order":0,"comment_status":"closed","ping_status":"closed","template":"","meta":{"footnotes":""},"class_list":["post-10750","page","type-page","status-publish",""],"_links":{"self":[{"href":"https:\/\/monsenhorpaulo.mg.gov.br\/site\/wp-json\/wp\/v2\/pages\/10750","targetHints":{"allow":["GET"]}}],"collection":[{"href":"https:\/\/monsenhorpaulo.mg.gov.br\/site\/wp-json\/wp\/v2\/pages"}],"about":[{"href":"https:\/\/monsenhorpaulo.mg.gov.br\/site\/wp-json\/wp\/v2\/types\/page"}],"author":[{"embeddable":true,"href":"https:\/\/monsenhorpaulo.mg.gov.br\/site\/wp-json\/wp\/v2\/users\/1"}],"replies":[{"embeddable":true,"href":"https:\/\/monsenhorpaulo.mg.gov.br\/site\/wp-json\/wp\/v2\/comments?post=10750"}],"version-history":[{"count":5,"href":"https:\/\/monsenhorpaulo.mg.gov.br\/site\/wp-json\/wp\/v2\/pages\/10750\/revisions"}],"predecessor-version":[{"id":11293,"href":"https:\/\/monsenhorpaulo.mg.gov.br\/site\/wp-json\/wp\/v2\/pages\/10750\/revisions\/11293"}],"wp:attachment":[{"href":"https:\/\/monsenhorpaulo.mg.gov.br\/site\/wp-json\/wp\/v2\/media?parent=10750"}],"curies":[{"name":"wp","href":"https:\/\/api.w.org\/{rel}","templated":true}]}}