{"id":1392,"date":"2026-02-02T13:16:09","date_gmt":"2026-02-02T13:16:09","guid":{"rendered":"https:\/\/monsenhorpaulo.mg.gov.br\/prefeituramp\/?page_id=1392"},"modified":"2026-02-23T15:12:34","modified_gmt":"2026-02-23T15:12:34","slug":"damef","status":"publish","type":"page","link":"https:\/\/monsenhorpaulo.mg.gov.br\/prefeituramp\/damef\/","title":{"rendered":"DAMEF"},"content":{"rendered":"\t\t<div data-elementor-type=\"wp-page\" data-elementor-id=\"1392\" class=\"elementor elementor-1392\" data-elementor-post-type=\"page\">\n\t\t\t\t<div class=\"elementor-element elementor-element-503a655 e-flex e-con-boxed e-con e-parent\" data-id=\"503a655\" data-element_type=\"container\" data-e-type=\"container\" data-settings=\"{&quot;background_background&quot;:&quot;classic&quot;,&quot;jet_parallax_layout_list&quot;:[]}\">\n\t\t\t\t\t<div class=\"e-con-inner\">\n\t\t\t\t<div class=\"elementor-element elementor-element-09f9793 elementor-widget elementor-widget-heading\" data-id=\"09f9793\" data-element_type=\"widget\" data-e-type=\"widget\" data-widget_type=\"heading.default\">\n\t\t\t\t\t<h2 class=\"elementor-heading-title elementor-size-default\">DECLARA\u00c7\u00c3O ANUAL DO MOVIMENTO ECON\u00d4MICO FISCAL (DAMEF)<\/h2>\t\t\t\t<\/div>\n\t\t\t\t<div class=\"elementor-element elementor-element-8ce3da9 elementor-icon-list--layout-inline elementor-list-item-link-full_width elementor-widget elementor-widget-icon-list\" data-id=\"8ce3da9\" data-element_type=\"widget\" data-e-type=\"widget\" data-widget_type=\"icon-list.default\">\n\t\t\t\t\t\t\t<ul class=\"elementor-icon-list-items elementor-inline-items\">\n\t\t\t\t\t\t\t<li class=\"elementor-icon-list-item elementor-inline-item\">\n\t\t\t\t\t\t\t\t\t\t\t<a href=\"https:\/\/monsenhorpaulo.mg.gov.br\/prefeituramp\/home\/\">\n\n\t\t\t\t\t\t\t\t\t\t\t<span class=\"elementor-icon-list-text\">Home<\/span>\n\t\t\t\t\t\t\t\t\t\t\t<\/a>\n\t\t\t\t\t\t\t\t\t<\/li>\n\t\t\t\t\t\t\t\t<li class=\"elementor-icon-list-item elementor-inline-item\">\n\t\t\t\t\t\t\t\t\t\t\t<a href=\"https:\/\/monsenhorpaulo.mg.gov.br\/prefeituramp\/damef\/\">\n\n\t\t\t\t\t\t\t\t\t\t\t\t<span class=\"elementor-icon-list-icon\">\n\t\t\t\t\t\t\t<svg aria-hidden=\"true\" class=\"e-font-icon-svg e-fas-chevron-right\" viewBox=\"0 0 320 512\" xmlns=\"http:\/\/www.w3.org\/2000\/svg\"><path d=\"M285.476 272.971L91.132 467.314c-9.373 9.373-24.569 9.373-33.941 0l-22.667-22.667c-9.357-9.357-9.375-24.522-.04-33.901L188.505 256 34.484 101.255c-9.335-9.379-9.317-24.544.04-33.901l22.667-22.667c9.373-9.373 24.569-9.373 33.941 0L285.475 239.03c9.373 9.372 9.373 24.568.001 33.941z\"><\/path><\/svg>\t\t\t\t\t\t<\/span>\n\t\t\t\t\t\t\t\t\t\t<span class=\"elementor-icon-list-text\">DAMEF<\/span>\n\t\t\t\t\t\t\t\t\t\t\t<\/a>\n\t\t\t\t\t\t\t\t\t<\/li>\n\t\t\t\t\t\t<\/ul>\n\t\t\t\t\t\t<\/div>\n\t\t\t\t\t<\/div>\n\t\t\t\t<\/div>\n\t\t<div class=\"elementor-element elementor-element-8fcbc1d e-flex e-con-boxed e-con e-parent\" data-id=\"8fcbc1d\" data-element_type=\"container\" data-e-type=\"container\" data-settings=\"{&quot;jet_parallax_layout_list&quot;:[]}\">\n\t\t\t\t\t<div class=\"e-con-inner\">\n\t\t\t\t<div class=\"elementor-element elementor-element-957ce40 elementor-widget elementor-widget-image\" data-id=\"957ce40\" data-element_type=\"widget\" data-e-type=\"widget\" data-widget_type=\"image.default\">\n\t\t\t\t\t\t\t\t\t\t\t\t\t\t\t<img fetchpriority=\"high\" decoding=\"async\" width=\"715\" height=\"1024\" src=\"https:\/\/monsenhorpaulo.mg.gov.br\/prefeituramp\/wp-content\/uploads\/2026\/02\/WhatsApp-Image-2026-01-28-at-10.01.14-715x1024.jpeg\" class=\"attachment-large size-large wp-image-1395\" alt=\"\" srcset=\"https:\/\/monsenhorpaulo.mg.gov.br\/prefeituramp\/wp-content\/uploads\/2026\/02\/WhatsApp-Image-2026-01-28-at-10.01.14-715x1024.jpeg 715w, https:\/\/monsenhorpaulo.mg.gov.br\/prefeituramp\/wp-content\/uploads\/2026\/02\/WhatsApp-Image-2026-01-28-at-10.01.14-209x300.jpeg 209w, https:\/\/monsenhorpaulo.mg.gov.br\/prefeituramp\/wp-content\/uploads\/2026\/02\/WhatsApp-Image-2026-01-28-at-10.01.14-768x1100.jpeg 768w, https:\/\/monsenhorpaulo.mg.gov.br\/prefeituramp\/wp-content\/uploads\/2026\/02\/WhatsApp-Image-2026-01-28-at-10.01.14-1072x1536.jpeg 1072w, https:\/\/monsenhorpaulo.mg.gov.br\/prefeituramp\/wp-content\/uploads\/2026\/02\/WhatsApp-Image-2026-01-28-at-10.01.14.jpeg 1117w\" sizes=\"(max-width: 715px) 100vw, 715px\" \/>\t\t\t\t\t\t\t\t\t\t\t\t\t\t\t<\/div>\n\t\t\t\t\t<\/div>\n\t\t\t\t<\/div>\n\t\t\t\t<\/div>\n\t\t","protected":false},"excerpt":{"rendered":"<p>DECLARA\u00c7\u00c3O ANUAL DO MOVIMENTO ECON\u00d4MICO FISCAL (DAMEF) Home DAMEF<\/p>\n","protected":false},"author":1,"featured_media":0,"parent":0,"menu_order":0,"comment_status":"closed","ping_status":"closed","template":"elementor_header_footer","meta":{"footnotes":""},"class_list":["post-1392","page","type-page","status-publish","hentry"],"yoast_head":"<!-- This site is optimized with the Yoast SEO plugin v26.9 - https:\/\/yoast.com\/product\/yoast-seo-wordpress\/ -->\n<title>DAMEF - Prefeitura Municipal de Monsenhor Paulo<\/title>\n<meta name=\"robots\" content=\"index, follow, max-snippet:-1, max-image-preview:large, max-video-preview:-1\" \/>\n<link rel=\"canonical\" href=\"https:\/\/monsenhorpaulo.mg.gov.br\/prefeituramp\/damef\/\" \/>\n<meta property=\"og:locale\" content=\"pt_BR\" \/>\n<meta property=\"og:type\" content=\"article\" \/>\n<meta property=\"og:title\" content=\"DAMEF - Prefeitura Municipal de Monsenhor Paulo\" \/>\n<meta property=\"og:description\" content=\"DECLARA\u00c7\u00c3O ANUAL DO MOVIMENTO ECON\u00d4MICO FISCAL (DAMEF) Home DAMEF\" \/>\n<meta property=\"og:url\" content=\"https:\/\/monsenhorpaulo.mg.gov.br\/prefeituramp\/damef\/\" \/>\n<meta property=\"og:site_name\" content=\"Prefeitura Municipal de Monsenhor Paulo\" \/>\n<meta property=\"article:modified_time\" content=\"2026-02-23T15:12:34+00:00\" \/>\n<meta property=\"og:image\" content=\"https:\/\/monsenhorpaulo.mg.gov.br\/prefeituramp\/wp-content\/uploads\/2026\/02\/WhatsApp-Image-2026-01-28-at-10.01.14.jpeg\" \/>\n\t<meta property=\"og:image:width\" content=\"1117\" \/>\n\t<meta property=\"og:image:height\" content=\"1600\" \/>\n\t<meta property=\"og:image:type\" content=\"image\/jpeg\" \/>\n<meta name=\"twitter:card\" content=\"summary_large_image\" \/>\n<meta name=\"twitter:label1\" content=\"Est. tempo de leitura\" \/>\n\t<meta name=\"twitter:data1\" content=\"1 minuto\" \/>\n<script type=\"application\/ld+json\" class=\"yoast-schema-graph\">{\"@context\":\"https:\/\/schema.org\",\"@graph\":[{\"@type\":\"WebPage\",\"@id\":\"https:\/\/monsenhorpaulo.mg.gov.br\/prefeituramp\/damef\/\",\"url\":\"https:\/\/monsenhorpaulo.mg.gov.br\/prefeituramp\/damef\/\",\"name\":\"DAMEF - Prefeitura Municipal de Monsenhor Paulo\",\"isPartOf\":{\"@id\":\"https:\/\/monsenhorpaulo.mg.gov.br\/prefeituramp\/#website\"},\"primaryImageOfPage\":{\"@id\":\"https:\/\/monsenhorpaulo.mg.gov.br\/prefeituramp\/damef\/#primaryimage\"},\"image\":{\"@id\":\"https:\/\/monsenhorpaulo.mg.gov.br\/prefeituramp\/damef\/#primaryimage\"},\"thumbnailUrl\":\"https:\/\/monsenhorpaulo.mg.gov.br\/prefeituramp\/wp-content\/uploads\/2026\/02\/WhatsApp-Image-2026-01-28-at-10.01.14-715x1024.jpeg\",\"datePublished\":\"2026-02-02T13:16:09+00:00\",\"dateModified\":\"2026-02-23T15:12:34+00:00\",\"breadcrumb\":{\"@id\":\"https:\/\/monsenhorpaulo.mg.gov.br\/prefeituramp\/damef\/#breadcrumb\"},\"inLanguage\":\"pt-BR\",\"potentialAction\":[{\"@type\":\"ReadAction\",\"target\":[\"https:\/\/monsenhorpaulo.mg.gov.br\/prefeituramp\/damef\/\"]}]},{\"@type\":\"ImageObject\",\"inLanguage\":\"pt-BR\",\"@id\":\"https:\/\/monsenhorpaulo.mg.gov.br\/prefeituramp\/damef\/#primaryimage\",\"url\":\"https:\/\/monsenhorpaulo.mg.gov.br\/prefeituramp\/wp-content\/uploads\/2026\/02\/WhatsApp-Image-2026-01-28-at-10.01.14.jpeg\",\"contentUrl\":\"https:\/\/monsenhorpaulo.mg.gov.br\/prefeituramp\/wp-content\/uploads\/2026\/02\/WhatsApp-Image-2026-01-28-at-10.01.14.jpeg\",\"width\":1117,\"height\":1600},{\"@type\":\"BreadcrumbList\",\"@id\":\"https:\/\/monsenhorpaulo.mg.gov.br\/prefeituramp\/damef\/#breadcrumb\",\"itemListElement\":[{\"@type\":\"ListItem\",\"position\":1,\"name\":\"In\u00edcio\",\"item\":\"https:\/\/monsenhorpaulo.mg.gov.br\/prefeituramp\/\"},{\"@type\":\"ListItem\",\"position\":2,\"name\":\"DAMEF\"}]},{\"@type\":\"WebSite\",\"@id\":\"https:\/\/monsenhorpaulo.mg.gov.br\/prefeituramp\/#website\",\"url\":\"https:\/\/monsenhorpaulo.mg.gov.br\/prefeituramp\/\",\"name\":\"Prefeitura Municipal de Monsenhor Paulo\",\"description\":\"Trabalho e Resultados\",\"publisher\":{\"@id\":\"https:\/\/monsenhorpaulo.mg.gov.br\/prefeituramp\/#organization\"},\"alternateName\":\"Prefeitura Municipal de Monsenhor Paulo\",\"potentialAction\":[{\"@type\":\"SearchAction\",\"target\":{\"@type\":\"EntryPoint\",\"urlTemplate\":\"https:\/\/monsenhorpaulo.mg.gov.br\/prefeituramp\/?s={search_term_string}\"},\"query-input\":{\"@type\":\"PropertyValueSpecification\",\"valueRequired\":true,\"valueName\":\"search_term_string\"}}],\"inLanguage\":\"pt-BR\"},{\"@type\":\"Organization\",\"@id\":\"https:\/\/monsenhorpaulo.mg.gov.br\/prefeituramp\/#organization\",\"name\":\"Prefeitura Municipal Monsenhor Paulo\",\"url\":\"https:\/\/monsenhorpaulo.mg.gov.br\/prefeituramp\/\",\"logo\":{\"@type\":\"ImageObject\",\"inLanguage\":\"pt-BR\",\"@id\":\"https:\/\/monsenhorpaulo.mg.gov.br\/prefeituramp\/#\/schema\/logo\/image\/\",\"url\":\"https:\/\/monsenhorpaulo.mg.gov.br\/prefeituramp\/wp-content\/uploads\/2025\/12\/cropped-logopref-1.png\",\"contentUrl\":\"https:\/\/monsenhorpaulo.mg.gov.br\/prefeituramp\/wp-content\/uploads\/2025\/12\/cropped-logopref-1.png\",\"width\":543,\"height\":111,\"caption\":\"Prefeitura Municipal Monsenhor Paulo\"},\"image\":{\"@id\":\"https:\/\/monsenhorpaulo.mg.gov.br\/prefeituramp\/#\/schema\/logo\/image\/\"}}]}<\/script>\n<!-- \/ Yoast SEO plugin. -->","yoast_head_json":{"title":"DAMEF - Prefeitura Municipal de Monsenhor Paulo","robots":{"index":"index","follow":"follow","max-snippet":"max-snippet:-1","max-image-preview":"max-image-preview:large","max-video-preview":"max-video-preview:-1"},"canonical":"https:\/\/monsenhorpaulo.mg.gov.br\/prefeituramp\/damef\/","og_locale":"pt_BR","og_type":"article","og_title":"DAMEF - Prefeitura Municipal de Monsenhor Paulo","og_description":"DECLARA\u00c7\u00c3O ANUAL DO MOVIMENTO ECON\u00d4MICO FISCAL (DAMEF) Home DAMEF","og_url":"https:\/\/monsenhorpaulo.mg.gov.br\/prefeituramp\/damef\/","og_site_name":"Prefeitura Municipal de Monsenhor Paulo","article_modified_time":"2026-02-23T15:12:34+00:00","og_image":[{"width":1117,"height":1600,"url":"https:\/\/monsenhorpaulo.mg.gov.br\/prefeituramp\/wp-content\/uploads\/2026\/02\/WhatsApp-Image-2026-01-28-at-10.01.14.jpeg","type":"image\/jpeg"}],"twitter_card":"summary_large_image","twitter_misc":{"Est. tempo de leitura":"1 minuto"},"schema":{"@context":"https:\/\/schema.org","@graph":[{"@type":"WebPage","@id":"https:\/\/monsenhorpaulo.mg.gov.br\/prefeituramp\/damef\/","url":"https:\/\/monsenhorpaulo.mg.gov.br\/prefeituramp\/damef\/","name":"DAMEF - Prefeitura Municipal de Monsenhor Paulo","isPartOf":{"@id":"https:\/\/monsenhorpaulo.mg.gov.br\/prefeituramp\/#website"},"primaryImageOfPage":{"@id":"https:\/\/monsenhorpaulo.mg.gov.br\/prefeituramp\/damef\/#primaryimage"},"image":{"@id":"https:\/\/monsenhorpaulo.mg.gov.br\/prefeituramp\/damef\/#primaryimage"},"thumbnailUrl":"https:\/\/monsenhorpaulo.mg.gov.br\/prefeituramp\/wp-content\/uploads\/2026\/02\/WhatsApp-Image-2026-01-28-at-10.01.14-715x1024.jpeg","datePublished":"2026-02-02T13:16:09+00:00","dateModified":"2026-02-23T15:12:34+00:00","breadcrumb":{"@id":"https:\/\/monsenhorpaulo.mg.gov.br\/prefeituramp\/damef\/#breadcrumb"},"inLanguage":"pt-BR","potentialAction":[{"@type":"ReadAction","target":["https:\/\/monsenhorpaulo.mg.gov.br\/prefeituramp\/damef\/"]}]},{"@type":"ImageObject","inLanguage":"pt-BR","@id":"https:\/\/monsenhorpaulo.mg.gov.br\/prefeituramp\/damef\/#primaryimage","url":"https:\/\/monsenhorpaulo.mg.gov.br\/prefeituramp\/wp-content\/uploads\/2026\/02\/WhatsApp-Image-2026-01-28-at-10.01.14.jpeg","contentUrl":"https:\/\/monsenhorpaulo.mg.gov.br\/prefeituramp\/wp-content\/uploads\/2026\/02\/WhatsApp-Image-2026-01-28-at-10.01.14.jpeg","width":1117,"height":1600},{"@type":"BreadcrumbList","@id":"https:\/\/monsenhorpaulo.mg.gov.br\/prefeituramp\/damef\/#breadcrumb","itemListElement":[{"@type":"ListItem","position":1,"name":"In\u00edcio","item":"https:\/\/monsenhorpaulo.mg.gov.br\/prefeituramp\/"},{"@type":"ListItem","position":2,"name":"DAMEF"}]},{"@type":"WebSite","@id":"https:\/\/monsenhorpaulo.mg.gov.br\/prefeituramp\/#website","url":"https:\/\/monsenhorpaulo.mg.gov.br\/prefeituramp\/","name":"Prefeitura Municipal de Monsenhor Paulo","description":"Trabalho e Resultados","publisher":{"@id":"https:\/\/monsenhorpaulo.mg.gov.br\/prefeituramp\/#organization"},"alternateName":"Prefeitura Municipal de Monsenhor Paulo","potentialAction":[{"@type":"SearchAction","target":{"@type":"EntryPoint","urlTemplate":"https:\/\/monsenhorpaulo.mg.gov.br\/prefeituramp\/?s={search_term_string}"},"query-input":{"@type":"PropertyValueSpecification","valueRequired":true,"valueName":"search_term_string"}}],"inLanguage":"pt-BR"},{"@type":"Organization","@id":"https:\/\/monsenhorpaulo.mg.gov.br\/prefeituramp\/#organization","name":"Prefeitura Municipal Monsenhor Paulo","url":"https:\/\/monsenhorpaulo.mg.gov.br\/prefeituramp\/","logo":{"@type":"ImageObject","inLanguage":"pt-BR","@id":"https:\/\/monsenhorpaulo.mg.gov.br\/prefeituramp\/#\/schema\/logo\/image\/","url":"https:\/\/monsenhorpaulo.mg.gov.br\/prefeituramp\/wp-content\/uploads\/2025\/12\/cropped-logopref-1.png","contentUrl":"https:\/\/monsenhorpaulo.mg.gov.br\/prefeituramp\/wp-content\/uploads\/2025\/12\/cropped-logopref-1.png","width":543,"height":111,"caption":"Prefeitura Municipal Monsenhor Paulo"},"image":{"@id":"https:\/\/monsenhorpaulo.mg.gov.br\/prefeituramp\/#\/schema\/logo\/image\/"}}]}},"_links":{"self":[{"href":"https:\/\/monsenhorpaulo.mg.gov.br\/prefeituramp\/wp-json\/wp\/v2\/pages\/1392","targetHints":{"allow":["GET"]}}],"collection":[{"href":"https:\/\/monsenhorpaulo.mg.gov.br\/prefeituramp\/wp-json\/wp\/v2\/pages"}],"about":[{"href":"https:\/\/monsenhorpaulo.mg.gov.br\/prefeituramp\/wp-json\/wp\/v2\/types\/page"}],"author":[{"embeddable":true,"href":"https:\/\/monsenhorpaulo.mg.gov.br\/prefeituramp\/wp-json\/wp\/v2\/users\/1"}],"replies":[{"embeddable":true,"href":"https:\/\/monsenhorpaulo.mg.gov.br\/prefeituramp\/wp-json\/wp\/v2\/comments?post=1392"}],"version-history":[{"count":16,"href":"https:\/\/monsenhorpaulo.mg.gov.br\/prefeituramp\/wp-json\/wp\/v2\/pages\/1392\/revisions"}],"predecessor-version":[{"id":2270,"href":"https:\/\/monsenhorpaulo.mg.gov.br\/prefeituramp\/wp-json\/wp\/v2\/pages\/1392\/revisions\/2270"}],"wp:attachment":[{"href":"https:\/\/monsenhorpaulo.mg.gov.br\/prefeituramp\/wp-json\/wp\/v2\/media?parent=1392"}],"curies":[{"name":"wp","href":"https:\/\/api.w.org\/{rel}","templated":true}]}}