{"id":312,"date":"2025-04-27T22:15:50","date_gmt":"2025-04-27T22:15:50","guid":{"rendered":"https:\/\/monsenhorpaulo.mg.gov.br\/balcaodeemprego\/?page_id=312"},"modified":"2025-06-13T17:14:07","modified_gmt":"2025-06-13T17:14:07","slug":"cadastro-da-empresa","status":"publish","type":"page","link":"https:\/\/monsenhorpaulo.mg.gov.br\/balcaodeemprego\/cadastro-da-empresa\/","title":{"rendered":"Cadastro da Empresa"},"content":{"rendered":"\t\t<div data-elementor-type=\"wp-page\" data-elementor-id=\"312\" class=\"elementor elementor-312\" data-elementor-post-type=\"page\">\n\t\t\t\t<div class=\"elementor-element elementor-element-69a693b e-flex e-con-boxed e-con e-parent\" data-id=\"69a693b\" data-element_type=\"container\" data-settings=\"{&quot;background_background&quot;:&quot;classic&quot;}\">\n\t\t\t\t\t<div class=\"e-con-inner\">\n\t\t<div class=\"elementor-element elementor-element-bfb39d3 e-con-full e-flex e-con e-child\" data-id=\"bfb39d3\" data-element_type=\"container\" data-settings=\"{&quot;background_background&quot;:&quot;classic&quot;}\">\n\t\t\t\t<div class=\"elementor-element elementor-element-c7db5b9 elementor-widget elementor-widget-heading\" data-id=\"c7db5b9\" data-element_type=\"widget\" data-widget_type=\"heading.default\">\n\t\t\t\t<div class=\"elementor-widget-container\">\n\t\t\t\t\t<h2 class=\"elementor-heading-title elementor-size-default\">Cadastro da Empresa<\/h2>\t\t\t\t<\/div>\n\t\t\t\t<\/div>\n\t\t\t\t<div class=\"elementor-element elementor-element-6ac315f elementor-widget elementor-widget-text-editor\" data-id=\"6ac315f\" data-element_type=\"widget\" data-widget_type=\"text-editor.default\">\n\t\t\t\t<div class=\"elementor-widget-container\">\n\t\t\t\t\t\t\t\t\t<p>Registre-se para publicar empregos e tenha acesso a todos os servi\u00e7os para empregadores!<\/p>\t\t\t\t\t\t\t\t<\/div>\n\t\t\t\t<\/div>\n\t\t\t\t<div class=\"elementor-element elementor-element-cc121a0 elementor-widget elementor-widget-jet-form-builder-form\" data-id=\"cc121a0\" data-element_type=\"widget\" data-widget_type=\"jet-form-builder-form.default\">\n\t\t\t\t<div class=\"elementor-widget-container\">\n\t\t\t\t\t<link rel='stylesheet' id='wp-block-library-css' href='https:\/\/monsenhorpaulo.mg.gov.br\/balcaodeemprego\/wp-includes\/css\/dist\/block-library\/style.min.css?ver=6.8.5' media='all' \/>\n<style id=\"jet-form-builder-2070-inline-css\"><\/style><form  class=\"jet-form-builder layout-column submit-type-reload\" action=\"https:\/\/monsenhorpaulo.mg.gov.br\/balcaodeemprego\/wp-json\/wp\/v2\/pages\/312\/?2pLpsG=Q5HkgChMrO&amp;method=reload\" method=\"POST\" data-form-id=\"2070\" data-layout=\"column\" enctype=\"multipart\/form-data\" novalidate=\"null\" ssr_validation_method=\"rest\"><input type=\"hidden\" id=\"_wpnonce\" name=\"_wpnonce\" value=\"257df3858b\" \/><input type=\"hidden\" name=\"_wp_http_referer\" value=\"\/balcaodeemprego\/wp-json\/wp\/v2\/pages\/312\" \/>\r\n<input type=\"hidden\" name=\"_jfb_current_render_states[]\" value=\"DEFAULT.STATE\" data-jfb-sync \/><input type=\"hidden\" class=\"jet-form-builder__field hidden-field\" name=\"_jet_engine_booking_form_id\" data-field-name=\"_jet_engine_booking_form_id\" value=\"2070\">\n<input type=\"hidden\" class=\"jet-form-builder__field hidden-field\" name=\"_jet_engine_refer\" data-field-name=\"_jet_engine_refer\" value=\"https:\/\/monsenhorpaulo.mg.gov.br\/balcaodeemprego\/wp-json\/wp\/v2\/pages\/312\/\">\n<input type=\"hidden\" class=\"jet-form-builder__field hidden-field\" name=\"__queried_post_id\" data-field-name=\"__queried_post_id\" value=\"312\">\n\n\n\n<h4 class=\"wp-block-heading has-text-color has-link-color has-medium-font-size wp-elements-f4079c30681d1c90f7b186ce5f67f237\" style=\"color:#0a0860\">Credenciais de Login<\/h4>\n\n\n<div  class=\"jet-form-builder-row field-type-media-field\" >\n<template class=\"jet-form-builder__preview-template\"><div class=\"jet-form-builder-file-upload__file\" data-file=\"%file_url%\">\n\t<!-- preview -->\n\t<!-- field -->\n\t<div class=\"jet-form-builder-file-upload__file-remove\" data-file-name=\"%file_name%\">\n\t\t<svg width=\"22\" height=\"22\" viewBox=\"0 0 14 15\" fill=\"none\" xmlns=\"http:\/\/www.w3.org\/2000\/svg\">\n\t\t\t<path d=\"M4.375 7H6.125V12.25H4.375V7ZM7.875 7H9.625V12.25H7.875V7ZM10.5 1.75C10.5 1.51302 10.4134 1.30794 10.2402 1.13477C10.0762 0.961589 9.87109 0.875 9.625 0.875H4.375C4.12891 0.875 3.91927 0.961589 3.74609 1.13477C3.58203 1.30794 3.5 1.51302 3.5 1.75V3.5H0V5.25H0.875V14C0.875 14.237 0.957031 14.4421 1.12109 14.6152C1.29427 14.7884 1.50391 14.875 1.75 14.875H12.25C12.4961 14.875 12.7012 14.7884 12.8652 14.6152C13.0384 14.4421 13.125 14.237 13.125 14V5.25H14V3.5H10.5V1.75ZM5.25 2.625H8.75V3.5H5.25V2.625ZM11.375 5.25V13.125H2.625V5.25H11.375Z\"><\/path>\n\t\t<\/svg>\n\t<\/div>\n\t<span\n\t\t\tclass=\"jet-form-builder-file-upload__file-invalid-marker\"\n\t\t\tstyle=\"display: none\">\n\t\t<svg xmlns=\"http:\/\/www.w3.org\/2000\/svg\" viewBox=\"0 0 20 20\" fill=\"currentcolor\" width=\"24\" height=\"24\" aria-hidden=\"true\" focusable=\"false\"><path d=\"M10 2c4.42 0 8 3.58 8 8s-3.58 8-8 8-8-3.58-8-8 3.58-8 8-8zm1.13 9.38l.35-6.46H8.52l.35 6.46h2.26zm-.09 3.36c.24-.23.37-.55.37-.96 0-.42-.12-.74-.36-.97s-.59-.35-1.06-.35-.82.12-1.07.35-.37.55-.37.97c0 .41.13.73.38.96.26.23.61.34 1.06.34s.8-.11 1.05-.34z\"><\/path><\/svg>\n\t<\/span>\n\t<!-- footer -->\n<\/div>\n<\/template><div class=\"jet-form-builder__label\">\r\n<div class=\"jet-form-builder__label-text\">Logo da Empresa<\/div><\/div><div class=\"jet-form-builder__field-wrap jet-form-builder-file-upload\">\n\t\t<div class=\"jet-form-builder-file-upload__content\">\n\t\t<div class=\"jet-form-builder-file-upload__loader\"><svg xmlns=\"http:\/\/www.w3.org\/2000\/svg\" width=\"38\" height=\"38\" viewBox=\"0 0 38 38\" stroke=\"#fff\"><g fill=\"none\" fill-rule=\"evenodd\"><g transform=\"translate(1 1)\" stroke-width=\"2\"><circle stroke-opacity=\".5\" cx=\"18\" cy=\"18\" r=\"18\"\/><path d=\"M36 18c0-9.94-8.06-18-18-18\" transform=\"rotate(137.826 18 18)\"><animateTransform attributeName=\"transform\" type=\"rotate\" from=\"0 18 18\" to=\"360 18 18\" dur=\"1s\" repeatCount=\"indefinite\"\/><\/path><\/g><\/g><\/svg><\/div>\t\t<div class=\"jet-form-builder-file-upload__files\" data-args=\"{&quot;max_files&quot;:1,&quot;max_size&quot;:2097152}\">\n\t\t\t\t\t<\/div>\n\t<\/div>\n\t<div class=\"jet-form-builder-file-upload__fields\">\n\t\t<input class=\"jet-form-builder__field file-field jet-form-builder-file-upload__input\" name=\"logo_da_empresa\" data-field-name=\"logo_da_empresa\" type=\"file\" data-form_id=\"2070\" id=\"logo_da_empresa\" data-jfb-sync=\"null\" accept=\"image\/jpeg,image\/png,image\/webp\" data-max_size=\"2097152\">\n\t<\/div>\n\t<div class=\"jet-form-builder-file-upload__message\"><small>Maximum file size: 2 MB<\/small><\/div>\n\t<div class=\"jet-form-builder-file-upload__errors is-hidden\"><\/div>\n\t<\/div>\n<\/div>\n\n<div  class=\"jet-form-builder-row field-type-text-field\" >\n<div class=\"jet-form-builder__label\">\r\n<div class=\"jet-form-builder__label-text\">Email <span class=\"jet-form-builder__required\">*<\/span><\/div><\/div><div class=\"jet-form-builder__field-wrap\">\n\t\t\t\t<input required=\"required\" name=\"email_publico\" id=\"email_publico\" type=\"email\" data-field-name=\"email_publico\" class=\"jet-form-builder__field text-field\" data-jfb-sync=\"null\" autocomplete=\"off_aAn2wTr5\">\n\t\t\t\t\t<\/div>\n<\/div>\n\n<div  class=\"jet-form-builder-row field-type-text-field\" >\n<div class=\"jet-form-builder__label\">\r\n<div class=\"jet-form-builder__label-text\">Senha <span class=\"jet-form-builder__required\">*<\/span><\/div><\/div><div class=\"jet-form-builder__field-wrap\">\n\t\t\t\t<input required=\"required\" name=\"senha\" id=\"senha\" type=\"password\" data-field-name=\"senha\" class=\"jet-form-builder__field text-field\" data-jfb-sync=\"null\" autocomplete=\"off_8qDwXdWg\">\n\t\t\t\t\t<\/div>\n<\/div>\n\n<div  class=\"jet-form-builder-row field-type-text-field\" >\n<div class=\"jet-form-builder__label\">\r\n<div class=\"jet-form-builder__label-text\">Confirmar Senha <span class=\"jet-form-builder__required\">*<\/span><\/div><\/div><div class=\"jet-form-builder__field-wrap\">\n\t\t\t\t<input required=\"required\" name=\"confirmar_senha\" id=\"confirmar_senha\" type=\"password\" data-field-name=\"confirmar_senha\" class=\"jet-form-builder__field text-field\" data-jfb-sync=\"null\" autocomplete=\"off_0H2CadGn\">\n\t\t\t\t\t<\/div>\n<\/div>\n\n\n<h4 class=\"wp-block-heading has-text-color has-link-color has-medium-font-size wp-elements-984c70a4609242f596fa867b3603fb4e\" style=\"color:#0a0860\">Informa\u00e7\u00f5es da Empresa<\/h4>\n\n\n<div  class=\"jet-form-builder-row field-type-text-field\" >\n<div class=\"jet-form-builder__label\">\r\n<div class=\"jet-form-builder__label-text\">Site da Empresa<\/div><\/div><div class=\"jet-form-builder__field-wrap\">\n\t\t\t\t<input name=\"site_da_empresa\" id=\"site_da_empresa\" type=\"text\" data-field-name=\"site_da_empresa\" class=\"jet-form-builder__field text-field\" data-jfb-sync=\"null\" autocomplete=\"off_91bjG0Wc\">\n\t\t\t\t\t<\/div>\n<\/div>\n\n\n<div class=\"wp-block-columns is-layout-flex wp-container-core-columns-is-layout-28f84493 wp-block-columns-is-layout-flex\">\n<div class=\"wp-block-column is-layout-flow wp-block-column-is-layout-flow\" style=\"flex-basis:66.66%\"><div  class=\"jet-form-builder-row field-type-text-field\" >\n<div class=\"jet-form-builder__label\">\r\n<div class=\"jet-form-builder__label-text\">Nome da Empresa <span class=\"jet-form-builder__required\">*<\/span><\/div><\/div><div class=\"jet-form-builder__field-wrap\">\n\t\t\t\t<input required=\"required\" name=\"nome_da_empresa\" id=\"nome_da_empresa\" type=\"text\" data-field-name=\"nome_da_empresa\" class=\"jet-form-builder__field text-field\" data-jfb-sync=\"null\" autocomplete=\"off_k9lo4v18\">\n\t\t\t\t\t<\/div>\n<\/div><\/div>\n\n\n\n<div class=\"wp-block-column is-layout-flow wp-block-column-is-layout-flow\" style=\"flex-basis:33.33%\"><div  class=\"jet-form-builder-row field-type-text-field\" >\n<div class=\"jet-form-builder__label\">\r\n<div class=\"jet-form-builder__label-text\">CNPJ<\/div><\/div><div class=\"jet-form-builder__field-wrap\">\n\t\t\t\t<input name=\"cnpj\" id=\"cnpj\" type=\"text\" data-field-name=\"cnpj\" class=\"jet-form-builder__field text-field jet-form-builder__masked-field\" data-jfb-sync=\"null\" autocomplete=\"off_unWIz895\" data-inputmask=\"&#039;mask&#039;: &#039;99.999.999\/9999-99&#039;\" data-inputmask-placeholder=\"_\" data-inputmask-clearmaskonlostfocus=\"false\">\n\t\t\t\t\t<\/div>\n<\/div><\/div>\n<\/div>\n\n\n<div  class=\"jet-form-builder-row field-type-select-field wp-block-jet-forms-select-field\">\n<div class=\"jet-form-builder__label\">\r\n<div class=\"jet-form-builder__label-text\">Categoria<\/div><\/div><div class=\"jet-form-builder__field-wrap\">\n\t<select class=\"jet-form-builder__field select-field\" name=\"categoria_da_empresa\" data-field-name=\"categoria_da_empresa\" id=\"categoria_da_empresa\" data-jfb-sync=\"null\">\n\t\t<option value=\"\"  selected>Selecionar...<\/option><option value=\"4\" >Administra\u00e7\u00e3o<\/option><option value=\"30\" >Agricultura<\/option><option value=\"5\" >Aliment\u00edcios<\/option><option value=\"6\" >Educa\u00e7\u00e3o<\/option><option value=\"7\" >Industria<\/option><option value=\"8\" >Inform\u00e1tica<\/option><option value=\"9\" >Juridico<\/option><option value=\"10\" >Sa\u00fade<\/option><option value=\"11\" >Tecnologia<\/option><option value=\"18\" >Telemarketing<\/option><option value=\"12\" >Transporte<\/option><option value=\"13\" >Vendas<\/option>\t<\/select>\n<\/div>\n<\/div>\n\n\n<h4 class=\"wp-block-heading has-text-color has-link-color has-medium-font-size wp-elements-5a1aa96c131ede54df9db23feb133c7e\" style=\"color:#0a0860\">Localiza\u00e7\u00e3o da Empresa<\/h4>\n\n\n<div  class=\"jet-form-builder-row field-type-text-field\" >\n<div class=\"jet-form-builder__label\">\r\n<div class=\"jet-form-builder__label-text\">Endere\u00e7o <span class=\"jet-form-builder__required\">*<\/span><\/div><\/div><div class=\"jet-form-builder__field-wrap\">\n\t\t\t\t<input required=\"required\" name=\"endereco_da_empresa\" id=\"endereco_da_empresa\" type=\"text\" data-field-name=\"endereco_da_empresa\" class=\"jet-form-builder__field text-field\" data-jfb-sync=\"null\" autocomplete=\"off_A3C8DnMm\">\n\t\t\t\t\t<\/div>\n<\/div>\n\n\n<div class=\"wp-block-columns is-layout-flex wp-container-core-columns-is-layout-28f84493 wp-block-columns-is-layout-flex\">\n<div class=\"wp-block-column is-layout-flow wp-block-column-is-layout-flow\"><div  class=\"jet-form-builder-row field-type-text-field\" >\n<div class=\"jet-form-builder__label\">\r\n<div class=\"jet-form-builder__label-text\">Bairro <span class=\"jet-form-builder__required\">*<\/span><\/div><\/div><div class=\"jet-form-builder__field-wrap\">\n\t\t\t\t<input required=\"required\" name=\"bairro_da_empresa\" id=\"bairro_da_empresa\" type=\"text\" data-field-name=\"bairro_da_empresa\" class=\"jet-form-builder__field text-field\" data-jfb-sync=\"null\" autocomplete=\"off_Iq3dMjra\">\n\t\t\t\t\t<\/div>\n<\/div><\/div>\n\n\n\n<div class=\"wp-block-column is-layout-flow wp-block-column-is-layout-flow\"><div  class=\"jet-form-builder-row field-type-text-field\" >\n<div class=\"jet-form-builder__label\">\r\n<div class=\"jet-form-builder__label-text\">Cidade <span class=\"jet-form-builder__required\">*<\/span><\/div><\/div><div class=\"jet-form-builder__field-wrap\">\n\t\t\t\t<input required=\"required\" name=\"cidade_da_empresa\" id=\"cidade_da_empresa\" type=\"text\" data-field-name=\"cidade_da_empresa\" class=\"jet-form-builder__field text-field\" data-jfb-sync=\"null\" autocomplete=\"off_BzqC72Ol\">\n\t\t\t\t\t<\/div>\n<\/div><\/div>\n<\/div>\n\n\n\n<div class=\"wp-block-columns is-layout-flex wp-container-core-columns-is-layout-28f84493 wp-block-columns-is-layout-flex\">\n<div class=\"wp-block-column is-layout-flow wp-block-column-is-layout-flow\" style=\"flex-basis:50%\"><div  class=\"jet-form-builder-row field-type-select-field wp-block-jet-forms-select-field\">\n<div class=\"jet-form-builder__label\">\r\n<div class=\"jet-form-builder__label-text\">Estado <span class=\"jet-form-builder__required\">*<\/span><\/div><\/div><div class=\"jet-form-builder__field-wrap\">\n\t<select class=\"jet-form-builder__field select-field\" required=\"required\" name=\"estado_da_empresa\" data-field-name=\"estado_da_empresa\" id=\"estado_da_empresa\" data-jfb-sync=\"null\">\n\t\t<option value=\"MG\" >MG<\/option><option value=\"SP\" >SP<\/option><option value=\"RJ\" >RJ<\/option>\t<\/select>\n<\/div>\n<\/div><\/div>\n\n\n\n<div class=\"wp-block-column is-layout-flow wp-block-column-is-layout-flow\" style=\"flex-basis:50%\"><div  class=\"jet-form-builder-row field-type-text-field\" >\n<div class=\"jet-form-builder__label\">\r\n<div class=\"jet-form-builder__label-text\">CEP <span class=\"jet-form-builder__required\">*<\/span><\/div><\/div><div class=\"jet-form-builder__field-wrap\">\n\t\t\t\t<input required=\"required\" name=\"cep_da_empresa\" id=\"cep_da_empresa\" type=\"text\" data-field-name=\"cep_da_empresa\" class=\"jet-form-builder__field text-field jet-form-builder__masked-field\" data-jfb-sync=\"null\" autocomplete=\"off_L8ad2K7x\" data-inputmask=\"&#039;mask&#039;: &#039;99999-999&#039;\" data-inputmask-placeholder=\"_\" data-inputmask-clearmaskonlostfocus=\"false\">\n\t\t\t\t\t<\/div>\n<\/div><\/div>\n<\/div>\n\n\n\n<h4 class=\"wp-block-heading has-text-color has-link-color has-medium-font-size wp-elements-98028b04027a7297a08ecf5ff0beac8a\" style=\"color:#0a0860\">Informa\u00e7\u00f5es de Contato<\/h4>\n\n\n\n<p>N\u00e3o compartilharemos seu n\u00famero de telefone com ningu\u00e9m. Ele aparece no site se voc\u00ea mesmo os publicar!<\/p>\n\n\n\n<div class=\"wp-block-columns is-layout-flex wp-container-core-columns-is-layout-28f84493 wp-block-columns-is-layout-flex\">\n<div class=\"wp-block-column is-layout-flow wp-block-column-is-layout-flow\" style=\"flex-basis:50%\"><div  class=\"jet-form-builder-row field-type-text-field\" >\n<div class=\"jet-form-builder__label\">\r\n<div class=\"jet-form-builder__label-text\">Primeiro nome <span class=\"jet-form-builder__required\">*<\/span><\/div><\/div><div class=\"jet-form-builder__field-wrap\">\n\t\t\t\t<input required=\"required\" name=\"primeiro_nome\" id=\"primeiro_nome\" type=\"text\" data-field-name=\"primeiro_nome\" class=\"jet-form-builder__field text-field\" data-jfb-sync=\"null\" autocomplete=\"off_cHAbLShg\">\n\t\t\t\t\t<\/div>\n<\/div><\/div>\n\n\n\n<div class=\"wp-block-column is-layout-flow wp-block-column-is-layout-flow\" style=\"flex-basis:50%\"><div  class=\"jet-form-builder-row field-type-text-field\" >\n<div class=\"jet-form-builder__label\">\r\n<div class=\"jet-form-builder__label-text\">Sobrenome <span class=\"jet-form-builder__required\">*<\/span><\/div><\/div><div class=\"jet-form-builder__field-wrap\">\n\t\t\t\t<input required=\"required\" name=\"last_name\" id=\"last_name\" type=\"text\" data-field-name=\"last_name\" class=\"jet-form-builder__field text-field\" data-jfb-sync=\"null\" autocomplete=\"off_9gM5U7Nl\">\n\t\t\t\t\t<\/div>\n<\/div><\/div>\n<\/div>\n\n\n\n<div class=\"wp-block-columns is-layout-flex wp-container-core-columns-is-layout-28f84493 wp-block-columns-is-layout-flex\">\n<div class=\"wp-block-column is-layout-flow wp-block-column-is-layout-flow\" style=\"flex-basis:50%\"><div  class=\"jet-form-builder-row field-type-text-field\" >\n<div class=\"jet-form-builder__label\">\r\n<div class=\"jet-form-builder__label-text\">Telefone<\/div><\/div><div class=\"jet-form-builder__field-wrap\">\n\t\t\t\t<input name=\"telefone_da_empresa\" id=\"telefone_da_empresa\" type=\"text\" data-field-name=\"telefone_da_empresa\" class=\"jet-form-builder__field text-field jet-form-builder__masked-field\" data-jfb-sync=\"null\" autocomplete=\"off_xFMensfK\" data-inputmask=\"&#039;mask&#039;: &#039;(99)9999-9999&#039;\" data-inputmask-placeholder=\"_\" data-inputmask-clearmaskonlostfocus=\"false\">\n\t\t\t\t\t<\/div>\n<\/div><\/div>\n\n\n\n<div class=\"wp-block-column is-layout-flow wp-block-column-is-layout-flow\" style=\"flex-basis:50%\"><div  class=\"jet-form-builder-row field-type-text-field\" >\n<div class=\"jet-form-builder__label\">\r\n<div class=\"jet-form-builder__label-text\">Celular <span class=\"jet-form-builder__required\">*<\/span><\/div><\/div><div class=\"jet-form-builder__field-wrap\">\n\t\t\t\t<input required=\"required\" name=\"celular_da_empresa\" id=\"celular_da_empresa\" type=\"text\" data-field-name=\"celular_da_empresa\" class=\"jet-form-builder__field text-field jet-form-builder__masked-field\" data-jfb-sync=\"null\" autocomplete=\"off_BTiKo9NS\" data-inputmask=\"&#039;mask&#039;: &#039;(99)99999-9999&#039;\" data-inputmask-placeholder=\"_\" data-inputmask-clearmaskonlostfocus=\"false\">\n\t\t\t\t\t<\/div>\n<\/div><\/div>\n<\/div>\n\n\n\n<h4 class=\"wp-block-heading has-text-color has-link-color has-medium-font-size wp-elements-23304dada4170b0001337d7ed8582dde\" style=\"color:#0a0860\">Descri\u00e7\u00e3o<\/h4>\n\n\n\n<p>O que sua empresa faz, qual sua miss\u00e3o, sucessos, potencial de crescimento profissional e carreira, programas motivacionais e os benef\u00edcios de trabalhar na sua empresa.<\/p>\n\n\n<div  class=\"jet-form-builder-row field-type-wysiwyg-field wp-block-jet-forms-wysiwyg-field\">\n<div class=\"jet-form-builder__field-wrap\">\n\t\t<div class=\"jet-form-builder__field wysiwyg-field\" data-editor=\"{&quot;textarea_name&quot;:&quot;sobre_a_empresa&quot;,&quot;media_buttons&quot;:false,&quot;textarea_rows&quot;:8,&quot;quicktags&quot;:false,&quot;tinymce&quot;:{&quot;plugins&quot;:&quot;lists,paste,tabfocus,wplink,wordpress&quot;,&quot;wpautop&quot;:&quot;&quot;,&quot;paste_as_text&quot;:true,&quot;paste_auto_cleanup_on_paste&quot;:true,&quot;paste_remove_spans&quot;:true,&quot;paste_remove_styles&quot;:true,&quot;paste_remove_styles_if_webkit&quot;:true,&quot;paste_strip_class_attributes&quot;:true,&quot;toolbar1&quot;:&quot;formatselect,|,bold,italic,strikethrough,blockquote,|,bullist,numlist,|,alignleft,aligncenter,alignright,|,link,unlink,|,undo,redo&quot;,&quot;toolbar2&quot;:&quot;&quot;,&quot;toolbar3&quot;:&quot;&quot;,&quot;toolbar4&quot;:&quot;&quot;}}\" data-jfb-sync=\"null\">\n\t\t\t<div id=\"wp-wp_editor_sobre_a_empresa-wrap\" class=\"wp-core-ui wp-editor-wrap tmce-active\"><link rel='stylesheet' id='dashicons-css' href='https:\/\/monsenhorpaulo.mg.gov.br\/balcaodeemprego\/wp-includes\/css\/dashicons.min.css?ver=6.8.5' media='all' \/>\n<link rel='stylesheet' id='editor-buttons-css' href='https:\/\/monsenhorpaulo.mg.gov.br\/balcaodeemprego\/wp-includes\/css\/editor.min.css?ver=6.8.5' media='all' \/>\n<div id=\"wp-wp_editor_sobre_a_empresa-editor-container\" class=\"wp-editor-container\"><textarea class=\"wp-editor-area\" rows=\"8\" autocomplete=\"off\" cols=\"40\" name=\"sobre_a_empresa\" id=\"wp_editor_sobre_a_empresa\"><\/textarea><\/div>\n<\/div>\n\n\t\t<\/div>\n\t<\/div>\n<\/div>\n\n<div  class=\"jet-form-builder-row field-type-submit-field\" >\n\t<div data-type=\"submit\" class=\"jet-form-builder__action-button-wrapper jet-form-builder__submit-wrap\">\n\t<button class=\"jet-form-builder__action-button jet-form-builder__submit submit-type-reload\" type=\"submit\">Cadastrar<\/button>\n\t<\/div>\n\t\n<\/div>\n\n\n<p><\/p>\n\t<div class=\"jet-form-builder-messages-wrap\" data-form-id=\"2070\"><\/div>\n<\/form>\n\t\t\t\t<\/div>\n\t\t\t\t<\/div>\n\t\t\t\t<\/div>\n\t\t\t\t\t<\/div>\n\t\t\t\t<\/div>\n\t\t\t\t<\/div>\n\t\t","protected":false},"excerpt":{"rendered":"<p>Cadastro da Empresa Registre-se para publicar empregos e tenha acesso a todos os servi\u00e7os para empregadores! Credenciais de Login Logo da Empresa Maximum file size: 2 MB Email * Senha * Confirmar Senha * Informa\u00e7\u00f5es da Empresa Site da Empresa Nome da Empresa * CNPJ Categoria Selecionar&#8230;Administra\u00e7\u00e3oAliment\u00edciosEduca\u00e7\u00e3oIndustriaInform\u00e1ticaJuridicoSa\u00fadeTecnologiaTelemarketingTransporteVendas Localiza\u00e7\u00e3o da Empresa Endere\u00e7o * Bairro * Cidade [&hellip;]<\/p>\n","protected":false},"author":1,"featured_media":0,"parent":0,"menu_order":0,"comment_status":"closed","ping_status":"closed","template":"elementor_header_footer","meta":{"footnotes":""},"class_list":["post-312","page","type-page","status-publish","hentry"],"_links":{"self":[{"href":"https:\/\/monsenhorpaulo.mg.gov.br\/balcaodeemprego\/wp-json\/wp\/v2\/pages\/312","targetHints":{"allow":["GET"]}}],"collection":[{"href":"https:\/\/monsenhorpaulo.mg.gov.br\/balcaodeemprego\/wp-json\/wp\/v2\/pages"}],"about":[{"href":"https:\/\/monsenhorpaulo.mg.gov.br\/balcaodeemprego\/wp-json\/wp\/v2\/types\/page"}],"author":[{"embeddable":true,"href":"https:\/\/monsenhorpaulo.mg.gov.br\/balcaodeemprego\/wp-json\/wp\/v2\/users\/1"}],"replies":[{"embeddable":true,"href":"https:\/\/monsenhorpaulo.mg.gov.br\/balcaodeemprego\/wp-json\/wp\/v2\/comments?post=312"}],"version-history":[{"count":46,"href":"https:\/\/monsenhorpaulo.mg.gov.br\/balcaodeemprego\/wp-json\/wp\/v2\/pages\/312\/revisions"}],"predecessor-version":[{"id":2075,"href":"https:\/\/monsenhorpaulo.mg.gov.br\/balcaodeemprego\/wp-json\/wp\/v2\/pages\/312\/revisions\/2075"}],"wp:attachment":[{"href":"https:\/\/monsenhorpaulo.mg.gov.br\/balcaodeemprego\/wp-json\/wp\/v2\/media?parent=312"}],"curies":[{"name":"wp","href":"https:\/\/api.w.org\/{rel}","templated":true}]}}